{"id":25009,"date":"2022-03-18T16:04:22","date_gmt":"2022-03-18T15:04:22","guid":{"rendered":"https:\/\/custom-parts.fr\/produit\/6-x-clips-fixation-de-cerclages-de-phare-mini-cooper-2eme-3eme-gen\/"},"modified":"2025-06-15T01:35:14","modified_gmt":"2025-06-14T23:35:14","slug":"6-x-clips-fixation-de-cerclages-de-phare-mini-cooper-2eme-3eme-gen","status":"publish","type":"product","link":"https:\/\/custom-parts.fr\/de\/produkt\/6-x-clips-fixation-de-cerclages-de-phare-mini-cooper-2eme-3eme-gen\/","title":{"rendered":"6 x Clips f\u00fcr die Befestigung der Scheinwerferverkleidungen f\u00fcr Mini Cooper 2. &#038; 3. GEN"},"content":{"rendered":"<p><strong>6 Befestigungsclips f\u00fcr Scheinwerferverkleidungen MINI Cooper R55 R56 R57 R58 R59 R60 R61 (2. GEN) und F54 F55 F56 F57 F60 (3. GEN).<\/strong><\/p>\n<p>&nbsp;<\/p>\n<p>Diese Befestigungsclips ersetzen direkt die Originalteile und sind f\u00fcr alle Scheinwerferverkleidungen des MINI der 2. und 3. Generation geeignet.<\/p>\n<p>&nbsp;<\/p>\n<p><strong>Geeignet f\u00fcr folgende Modelle:<\/strong><\/p>\n<ul>\n<li>MINI Cooper, Cooper S R55 Clubman: 2008 bis 2014<\/li>\n<li>MINI Cooper, Cooper S R56: 2007 bis 2013<\/li>\n<li>MINI Cooper, Cooper S R57 Cabrio: 2009 bis 2015<\/li>\n<li>MINI Cooper, Cooper S R58 Coup\u00e9: 2012 bis 2015<\/li>\n<li>MINI Cooper, Cooper S R59 Roadster: 2012 bis 2015<\/li>\n<li>MINI Cooper, Cooper S Clubman F54 \u2013 2016 bis 2022<\/li>\n<li>MINI Cooper, Cooper S F55 (5 T\u00fcren) \u2013 2015 bis heute<\/li>\n<li>MINI Cooper, Cooper S F56 (3 T\u00fcren) \u2013 2014 bis heute<\/li>\n<li>MINI Cooper, Cooper S Cabrio F57 \u2013 2016 bis heute<\/li>\n<\/ul>\n","protected":false},"excerpt":{"rendered":"<p><span style=\"color: #39991a; font-weight: 900;\">\u2713<\/span> Gestalten Sie Ihren Mini ganz nach Ihrem Geschmack!<br \/>\n<span style=\"color: #39991a; font-weight: 900;\">\u2713<\/span> Einfach zu installieren und auszutauschen<br \/>\n<span style=\"color: #39991a; font-weight: 900;\">\u2713<\/span> Perfekte Passform f\u00fcr Ihr Originalteil<\/p>\n","protected":false},"featured_media":24212,"comment_status":"open","ping_status":"closed","template":"","meta":[],"product_brand":[],"product_cat":[191,198,195,194,193],"product_tag":[],"class_list":{"0":"post-25009","1":"product","2":"type-product","3":"status-publish","4":"has-post-thumbnail","6":"product_cat-mini-cooper-ersatzteile-zubehoer","7":"product_cat-ersatzteilen-zubehor-mini-3-gen","8":"product_cat-exterieur-zubehor-fur-mini-3-gen","9":"product_cat-exterieur-zubehor-mini-2-gen","10":"product_cat-zubehoer-mini-cooper-2-gen","12":"first","13":"instock","14":"taxable","15":"shipping-taxable","16":"purchasable","17":"product-type-simple"},"yoast_head":"<!-- This site is optimized with the Yoast SEO plugin v27.2 - https:\/\/yoast.com\/product\/yoast-seo-wordpress\/ -->\n<title>6 x Clips f\u00fcr die Befestigung der Scheinwerferverkleidungen f\u00fcr Mini Cooper 2. &amp; 3. GEN<\/title>\n<meta name=\"description\" content=\"Achetez vos 6 x Clips f\u00fcr die Befestigung der Scheinwerferverkleidungen f\u00fcr Mini Cooper 2. &amp; 3. GEN et tous vos accessoires BMW MINI sur Custom-Parts.fr !\" \/>\n<meta name=\"robots\" content=\"index, follow, max-snippet:-1, max-image-preview:large, max-video-preview:-1\" \/>\n<link rel=\"canonical\" href=\"https:\/\/custom-parts.fr\/de\/produkt\/6-x-clips-fixation-de-cerclages-de-phare-mini-cooper-2eme-3eme-gen\/\" \/>\n<meta property=\"og:locale\" content=\"de_DE\" \/>\n<meta property=\"og:type\" content=\"article\" \/>\n<meta property=\"og:title\" content=\"6 x Clips f\u00fcr die Befestigung der Scheinwerferverkleidungen f\u00fcr Mini Cooper 2. &amp; 3. GEN\" \/>\n<meta property=\"og:description\" content=\"Achetez vos 6 x Clips f\u00fcr die Befestigung der Scheinwerferverkleidungen f\u00fcr Mini Cooper 2. &amp; 3. GEN et tous vos accessoires BMW MINI sur Custom-Parts.fr !\" \/>\n<meta property=\"og:url\" content=\"https:\/\/custom-parts.fr\/de\/produkt\/6-x-clips-fixation-de-cerclages-de-phare-mini-cooper-2eme-3eme-gen\/\" \/>\n<meta property=\"og:site_name\" content=\"Custom-Parts.fr\" \/>\n<meta property=\"article:modified_time\" content=\"2025-06-14T23:35:14+00:00\" \/>\n<meta property=\"og:image\" content=\"https:\/\/custom-parts.fr\/wp-content\/uploads\/2023\/03\/Clips-fixation-de-cerclages-de-phare-MINI-Cooper-2eme-3eme-GEN-2.jpg\" \/>\n\t<meta property=\"og:image:width\" content=\"500\" \/>\n\t<meta property=\"og:image:height\" content=\"500\" \/>\n\t<meta property=\"og:image:type\" content=\"image\/jpeg\" \/>\n<meta name=\"twitter:card\" content=\"summary_large_image\" \/>\n<meta name=\"twitter:label1\" content=\"Gesch\u00e4tzte Lesezeit\" \/>\n\t<meta name=\"twitter:data1\" content=\"1\u00a0Minute\" \/>\n<script type=\"application\/ld+json\" class=\"yoast-schema-graph\">{\"@context\":\"https:\/\/schema.org\",\"@graph\":[{\"@type\":\"WebPage\",\"@id\":\"https:\/\/custom-parts.fr\/de\/produkt\/6-x-clips-fixation-de-cerclages-de-phare-mini-cooper-2eme-3eme-gen\/\",\"url\":\"https:\/\/custom-parts.fr\/de\/produkt\/6-x-clips-fixation-de-cerclages-de-phare-mini-cooper-2eme-3eme-gen\/\",\"name\":\"6 x Clips f\u00fcr die Befestigung der Scheinwerferverkleidungen f\u00fcr Mini Cooper 2. & 3. GEN\",\"isPartOf\":{\"@id\":\"https:\/\/custom-parts.fr\/de\/#website\"},\"primaryImageOfPage\":{\"@id\":\"https:\/\/custom-parts.fr\/de\/produkt\/6-x-clips-fixation-de-cerclages-de-phare-mini-cooper-2eme-3eme-gen\/#primaryimage\"},\"image\":{\"@id\":\"https:\/\/custom-parts.fr\/de\/produkt\/6-x-clips-fixation-de-cerclages-de-phare-mini-cooper-2eme-3eme-gen\/#primaryimage\"},\"thumbnailUrl\":\"https:\/\/custom-parts.fr\/wp-content\/uploads\/2023\/03\/Clips-fixation-de-cerclages-de-phare-MINI-Cooper-2eme-3eme-GEN-2.jpg\",\"datePublished\":\"2022-03-18T15:04:22+00:00\",\"dateModified\":\"2025-06-14T23:35:14+00:00\",\"description\":\"Achetez vos 6 x Clips f\u00fcr die Befestigung der Scheinwerferverkleidungen f\u00fcr Mini Cooper 2. & 3. GEN et tous vos accessoires BMW MINI sur Custom-Parts.fr !\",\"breadcrumb\":{\"@id\":\"https:\/\/custom-parts.fr\/de\/produkt\/6-x-clips-fixation-de-cerclages-de-phare-mini-cooper-2eme-3eme-gen\/#breadcrumb\"},\"inLanguage\":\"de\",\"potentialAction\":[{\"@type\":\"ReadAction\",\"target\":[\"https:\/\/custom-parts.fr\/de\/produkt\/6-x-clips-fixation-de-cerclages-de-phare-mini-cooper-2eme-3eme-gen\/\"]}]},{\"@type\":\"ImageObject\",\"inLanguage\":\"de\",\"@id\":\"https:\/\/custom-parts.fr\/de\/produkt\/6-x-clips-fixation-de-cerclages-de-phare-mini-cooper-2eme-3eme-gen\/#primaryimage\",\"url\":\"https:\/\/custom-parts.fr\/wp-content\/uploads\/2023\/03\/Clips-fixation-de-cerclages-de-phare-MINI-Cooper-2eme-3eme-GEN-2.jpg\",\"contentUrl\":\"https:\/\/custom-parts.fr\/wp-content\/uploads\/2023\/03\/Clips-fixation-de-cerclages-de-phare-MINI-Cooper-2eme-3eme-GEN-2.jpg\",\"width\":500,\"height\":500},{\"@type\":\"BreadcrumbList\",\"@id\":\"https:\/\/custom-parts.fr\/de\/produkt\/6-x-clips-fixation-de-cerclages-de-phare-mini-cooper-2eme-3eme-gen\/#breadcrumb\",\"itemListElement\":[{\"@type\":\"ListItem\",\"position\":1,\"name\":\"Startseite\",\"item\":\"https:\/\/custom-parts.fr\/de\/kaufen-sie-teile-und-zubehoer-fuer-mini-bmw-custom-parts-de\/\"},{\"@type\":\"ListItem\",\"position\":2,\"name\":\"Shop\",\"item\":\"https:\/\/custom-parts.fr\/de\/alle-produkte\/\"},{\"@type\":\"ListItem\",\"position\":3,\"name\":\"6 x Clips f\u00fcr die Befestigung der Scheinwerferverkleidungen f\u00fcr Mini Cooper 2. &#038; 3. GEN\"}]},{\"@type\":\"WebSite\",\"@id\":\"https:\/\/custom-parts.fr\/de\/#website\",\"url\":\"https:\/\/custom-parts.fr\/de\/\",\"name\":\"Custom-Parts.fr\",\"description\":\"Custom BMW MINI Ersatzteile & Zubeh\u00f6r\",\"publisher\":{\"@id\":\"https:\/\/custom-parts.fr\/de\/#organization\"},\"potentialAction\":[{\"@type\":\"SearchAction\",\"target\":{\"@type\":\"EntryPoint\",\"urlTemplate\":\"https:\/\/custom-parts.fr\/de\/?s={search_term_string}\"},\"query-input\":{\"@type\":\"PropertyValueSpecification\",\"valueRequired\":true,\"valueName\":\"search_term_string\"}}],\"inLanguage\":\"de\"},{\"@type\":\"Organization\",\"@id\":\"https:\/\/custom-parts.fr\/de\/#organization\",\"name\":\"Custom-Parts\",\"url\":\"https:\/\/custom-parts.fr\/de\/\",\"logo\":{\"@type\":\"ImageObject\",\"inLanguage\":\"de\",\"@id\":\"https:\/\/custom-parts.fr\/de\/#\/schema\/logo\/image\/\",\"url\":\"https:\/\/custom-parts.fr\/wp-content\/uploads\/2023\/01\/cropped-cropped-cropped-final-new-police-2-1-1.png\",\"contentUrl\":\"https:\/\/custom-parts.fr\/wp-content\/uploads\/2023\/01\/cropped-cropped-cropped-final-new-police-2-1-1.png\",\"width\":450,\"height\":125,\"caption\":\"Custom-Parts\"},\"image\":{\"@id\":\"https:\/\/custom-parts.fr\/de\/#\/schema\/logo\/image\/\"}}]}<\/script>\n<!-- \/ Yoast SEO plugin. -->","yoast_head_json":{"title":"6 x Clips f\u00fcr die Befestigung der Scheinwerferverkleidungen f\u00fcr Mini Cooper 2. & 3. GEN","description":"Achetez vos 6 x Clips f\u00fcr die Befestigung der Scheinwerferverkleidungen f\u00fcr Mini Cooper 2. & 3. GEN et tous vos accessoires BMW MINI sur Custom-Parts.fr !","robots":{"index":"index","follow":"follow","max-snippet":"max-snippet:-1","max-image-preview":"max-image-preview:large","max-video-preview":"max-video-preview:-1"},"canonical":"https:\/\/custom-parts.fr\/de\/produkt\/6-x-clips-fixation-de-cerclages-de-phare-mini-cooper-2eme-3eme-gen\/","og_locale":"de_DE","og_type":"article","og_title":"6 x Clips f\u00fcr die Befestigung der Scheinwerferverkleidungen f\u00fcr Mini Cooper 2. & 3. GEN","og_description":"Achetez vos 6 x Clips f\u00fcr die Befestigung der Scheinwerferverkleidungen f\u00fcr Mini Cooper 2. & 3. GEN et tous vos accessoires BMW MINI sur Custom-Parts.fr !","og_url":"https:\/\/custom-parts.fr\/de\/produkt\/6-x-clips-fixation-de-cerclages-de-phare-mini-cooper-2eme-3eme-gen\/","og_site_name":"Custom-Parts.fr","article_modified_time":"2025-06-14T23:35:14+00:00","og_image":[{"width":500,"height":500,"url":"https:\/\/custom-parts.fr\/wp-content\/uploads\/2023\/03\/Clips-fixation-de-cerclages-de-phare-MINI-Cooper-2eme-3eme-GEN-2.jpg","type":"image\/jpeg"}],"twitter_card":"summary_large_image","twitter_misc":{"Gesch\u00e4tzte Lesezeit":"1\u00a0Minute"},"schema":{"@context":"https:\/\/schema.org","@graph":[{"@type":"WebPage","@id":"https:\/\/custom-parts.fr\/de\/produkt\/6-x-clips-fixation-de-cerclages-de-phare-mini-cooper-2eme-3eme-gen\/","url":"https:\/\/custom-parts.fr\/de\/produkt\/6-x-clips-fixation-de-cerclages-de-phare-mini-cooper-2eme-3eme-gen\/","name":"6 x Clips f\u00fcr die Befestigung der Scheinwerferverkleidungen f\u00fcr Mini Cooper 2. & 3. GEN","isPartOf":{"@id":"https:\/\/custom-parts.fr\/de\/#website"},"primaryImageOfPage":{"@id":"https:\/\/custom-parts.fr\/de\/produkt\/6-x-clips-fixation-de-cerclages-de-phare-mini-cooper-2eme-3eme-gen\/#primaryimage"},"image":{"@id":"https:\/\/custom-parts.fr\/de\/produkt\/6-x-clips-fixation-de-cerclages-de-phare-mini-cooper-2eme-3eme-gen\/#primaryimage"},"thumbnailUrl":"https:\/\/custom-parts.fr\/wp-content\/uploads\/2023\/03\/Clips-fixation-de-cerclages-de-phare-MINI-Cooper-2eme-3eme-GEN-2.jpg","datePublished":"2022-03-18T15:04:22+00:00","dateModified":"2025-06-14T23:35:14+00:00","description":"Achetez vos 6 x Clips f\u00fcr die Befestigung der Scheinwerferverkleidungen f\u00fcr Mini Cooper 2. & 3. GEN et tous vos accessoires BMW MINI sur Custom-Parts.fr !","breadcrumb":{"@id":"https:\/\/custom-parts.fr\/de\/produkt\/6-x-clips-fixation-de-cerclages-de-phare-mini-cooper-2eme-3eme-gen\/#breadcrumb"},"inLanguage":"de","potentialAction":[{"@type":"ReadAction","target":["https:\/\/custom-parts.fr\/de\/produkt\/6-x-clips-fixation-de-cerclages-de-phare-mini-cooper-2eme-3eme-gen\/"]}]},{"@type":"ImageObject","inLanguage":"de","@id":"https:\/\/custom-parts.fr\/de\/produkt\/6-x-clips-fixation-de-cerclages-de-phare-mini-cooper-2eme-3eme-gen\/#primaryimage","url":"https:\/\/custom-parts.fr\/wp-content\/uploads\/2023\/03\/Clips-fixation-de-cerclages-de-phare-MINI-Cooper-2eme-3eme-GEN-2.jpg","contentUrl":"https:\/\/custom-parts.fr\/wp-content\/uploads\/2023\/03\/Clips-fixation-de-cerclages-de-phare-MINI-Cooper-2eme-3eme-GEN-2.jpg","width":500,"height":500},{"@type":"BreadcrumbList","@id":"https:\/\/custom-parts.fr\/de\/produkt\/6-x-clips-fixation-de-cerclages-de-phare-mini-cooper-2eme-3eme-gen\/#breadcrumb","itemListElement":[{"@type":"ListItem","position":1,"name":"Startseite","item":"https:\/\/custom-parts.fr\/de\/kaufen-sie-teile-und-zubehoer-fuer-mini-bmw-custom-parts-de\/"},{"@type":"ListItem","position":2,"name":"Shop","item":"https:\/\/custom-parts.fr\/de\/alle-produkte\/"},{"@type":"ListItem","position":3,"name":"6 x Clips f\u00fcr die Befestigung der Scheinwerferverkleidungen f\u00fcr Mini Cooper 2. &#038; 3. GEN"}]},{"@type":"WebSite","@id":"https:\/\/custom-parts.fr\/de\/#website","url":"https:\/\/custom-parts.fr\/de\/","name":"Custom-Parts.fr","description":"Custom BMW MINI Ersatzteile & Zubeh\u00f6r","publisher":{"@id":"https:\/\/custom-parts.fr\/de\/#organization"},"potentialAction":[{"@type":"SearchAction","target":{"@type":"EntryPoint","urlTemplate":"https:\/\/custom-parts.fr\/de\/?s={search_term_string}"},"query-input":{"@type":"PropertyValueSpecification","valueRequired":true,"valueName":"search_term_string"}}],"inLanguage":"de"},{"@type":"Organization","@id":"https:\/\/custom-parts.fr\/de\/#organization","name":"Custom-Parts","url":"https:\/\/custom-parts.fr\/de\/","logo":{"@type":"ImageObject","inLanguage":"de","@id":"https:\/\/custom-parts.fr\/de\/#\/schema\/logo\/image\/","url":"https:\/\/custom-parts.fr\/wp-content\/uploads\/2023\/01\/cropped-cropped-cropped-final-new-police-2-1-1.png","contentUrl":"https:\/\/custom-parts.fr\/wp-content\/uploads\/2023\/01\/cropped-cropped-cropped-final-new-police-2-1-1.png","width":450,"height":125,"caption":"Custom-Parts"},"image":{"@id":"https:\/\/custom-parts.fr\/de\/#\/schema\/logo\/image\/"}}]}},"_links":{"self":[{"href":"https:\/\/custom-parts.fr\/de\/wp-json\/wp\/v2\/product\/25009","targetHints":{"allow":["GET"]}}],"collection":[{"href":"https:\/\/custom-parts.fr\/de\/wp-json\/wp\/v2\/product"}],"about":[{"href":"https:\/\/custom-parts.fr\/de\/wp-json\/wp\/v2\/types\/product"}],"replies":[{"embeddable":true,"href":"https:\/\/custom-parts.fr\/de\/wp-json\/wp\/v2\/comments?post=25009"}],"wp:featuredmedia":[{"embeddable":true,"href":"https:\/\/custom-parts.fr\/de\/wp-json\/wp\/v2\/media\/24212"}],"wp:attachment":[{"href":"https:\/\/custom-parts.fr\/de\/wp-json\/wp\/v2\/media?parent=25009"}],"wp:term":[{"taxonomy":"product_brand","embeddable":true,"href":"https:\/\/custom-parts.fr\/de\/wp-json\/wp\/v2\/product_brand?post=25009"},{"taxonomy":"product_cat","embeddable":true,"href":"https:\/\/custom-parts.fr\/de\/wp-json\/wp\/v2\/product_cat?post=25009"},{"taxonomy":"product_tag","embeddable":true,"href":"https:\/\/custom-parts.fr\/de\/wp-json\/wp\/v2\/product_tag?post=25009"}],"curies":[{"name":"wp","href":"https:\/\/api.w.org\/{rel}","templated":true}]}}