{"id":25083,"date":"2020-11-18T18:27:29","date_gmt":"2020-11-18T17:27:29","guid":{"rendered":"https:\/\/custom-parts.fr\/produit\/garniture-commandes-console-centrale-mini-cooper-r50-r52-r53\/"},"modified":"2025-06-15T01:35:40","modified_gmt":"2025-06-14T23:35:40","slug":"garniture-commandes-console-centrale-mini-cooper-r50-r52-r53","status":"publish","type":"product","link":"https:\/\/custom-parts.fr\/de\/produkt\/garniture-commandes-console-centrale-mini-cooper-r50-r52-r53\/","title":{"rendered":"Verkleidung der Bedienelemente der Mittelkonsole f\u00fcr Mini Cooper R50, R52, R53"},"content":{"rendered":"<p><strong>Garnitur f\u00fcr Zentralverriegelungen MINI Cooper R50, R52, R53 1. Generation<\/strong><\/p>\n<p>&nbsp;<\/p>\n<p>Erfrischen Sie das Interieur Ihres Mini Cooper R50, R52 oder R53 der 1. Generation mit dieser speziell f\u00fcr die Zentralverriegelungen designte Verkleidung. Dieses ma\u00dfgeschneiderte Teil in Hochglanzschwarz ist ideal, um das veraltete Grau loszuwerden.<\/p>\n<p>Hergestellt aus hochwertigem Kunststoff und perfekt auf die Originalma\u00dfe abgestimmt, wird diese Verkleidung einfach direkt auf die Originalverkleidung mit einem doppelseitigen Klebeband f\u00fcr den Automobilbereich angebracht. Eine praktische und langlebige L\u00f6sung f\u00fcr ein aufgefrischtes Interieur im Handumdrehen.<\/p>\n<p><strong>Hinweis: Unsere Verkleidungen sind mit einer transparenten Folie gesch\u00fctzt, die vor der Montage entfernt werden muss.<\/strong><\/p>\n<p>&nbsp;<\/p>\n<h2>Eigenschaften:<\/h2>\n<ul>\n<li>Varianten: 2 oder 4 Kn\u00f6pfe<\/li>\n<li>Farben: Hochglanzschwarz oder Carbon-Style<\/li>\n<li>Material: ABS-Kunststoff<\/li>\n<li>Einfach zu montieren und zu demontieren dank der vorinstallierten doppelseitigen Klebeband.<\/li>\n<li>Bei kalten Temperaturen verwenden Sie einen Haartrockner, um den Kleber zu erw\u00e4rmen und die Haftung zu erleichtern. Sie k\u00f6nnen auch das Teil vor der Demontage erw\u00e4rmen, um es r\u00fcckstandslos zu entfernen.<\/li>\n<\/ul>\n<h2><\/h2>\n<h2>Kompatibel mit:<\/h2>\n<ul>\n<li>R50 \u2013 MINI Hatchback \u2013 2001-2006 \u2013 MINI One, One D und Cooper<\/li>\n<li>R52 \u2013 MINI Cabriolet \u2013 2004-2008 \u2013 MINI One, Cooper und Cooper S<\/li>\n<li>R53 \u2013 MINI Hatchback \u2013 2001-2006 \u2013 MINI Cooper S und Cooper S JCW GP<\/li>\n<\/ul>\n","protected":false},"excerpt":{"rendered":"<p><span style=\"color: #39991a; font-weight: 900;\">\u2713<\/span> Gestalten Sie Ihren Mini ganz nach Ihrem Geschmack!<br \/>\n<span style=\"color: #39991a; font-weight: 900;\">\u2713<\/span> Einfach zu installieren und auszutauschen<br \/>\n<span style=\"color: #39991a; font-weight: 900;\">\u2713<\/span> Perfekte Passform f\u00fcr Ihr Originalteil<\/p>\n","protected":false},"featured_media":24533,"comment_status":"open","ping_status":"closed","template":"","meta":[],"product_brand":[],"product_cat":[191,192],"product_tag":[],"class_list":{"0":"post-25083","1":"product","2":"type-product","3":"status-publish","4":"has-post-thumbnail","6":"product_cat-mini-cooper-ersatzteile-zubehoer","7":"product_cat-zubehoer-mini-cooper-r50-r52-r53","9":"first","10":"instock","11":"taxable","12":"shipping-taxable","13":"purchasable","14":"product-type-variable"},"yoast_head":"<!-- This site is optimized with the Yoast SEO plugin v27.2 - https:\/\/yoast.com\/product\/yoast-seo-wordpress\/ -->\n<title>Verkleidung der Bedienelemente der Mittelkonsole f\u00fcr Mini Cooper R50, R52, R53<\/title>\n<meta name=\"description\" content=\"Kaufen Sie Ihren Verkleidung der Bedienelemente der Mittelkonsole f\u00fcr Mini Cooper R50, R52, R53 und alle custom BMW MINI-Zubeh\u00f6r auf Custom-Parts.fr!\" \/>\n<meta name=\"robots\" content=\"index, follow, max-snippet:-1, max-image-preview:large, max-video-preview:-1\" \/>\n<link rel=\"canonical\" href=\"https:\/\/custom-parts.fr\/de\/produkt\/garniture-commandes-console-centrale-mini-cooper-r50-r52-r53\/\" \/>\n<meta property=\"og:locale\" content=\"de_DE\" \/>\n<meta property=\"og:type\" content=\"article\" \/>\n<meta property=\"og:title\" content=\"Verkleidung der Bedienelemente der Mittelkonsole f\u00fcr Mini Cooper R50, R52, R53\" \/>\n<meta property=\"og:description\" content=\"Kaufen Sie Ihren Verkleidung der Bedienelemente der Mittelkonsole f\u00fcr Mini Cooper R50, R52, R53 und alle custom BMW MINI-Zubeh\u00f6r auf Custom-Parts.fr!\" \/>\n<meta property=\"og:url\" content=\"https:\/\/custom-parts.fr\/de\/produkt\/garniture-commandes-console-centrale-mini-cooper-r50-r52-r53\/\" \/>\n<meta property=\"og:site_name\" content=\"Custom-Parts.fr\" \/>\n<meta property=\"article:modified_time\" content=\"2025-06-14T23:35:40+00:00\" \/>\n<meta property=\"og:image\" content=\"https:\/\/custom-parts.fr\/wp-content\/uploads\/2024\/11\/Garniture-commandes-console-centrale-MINI-Cooper-R50-R52-R53-1.jpg\" \/>\n\t<meta property=\"og:image:width\" content=\"500\" \/>\n\t<meta property=\"og:image:height\" content=\"500\" \/>\n\t<meta property=\"og:image:type\" content=\"image\/jpeg\" \/>\n<meta name=\"twitter:card\" content=\"summary_large_image\" \/>\n<meta name=\"twitter:label1\" content=\"Gesch\u00e4tzte Lesezeit\" \/>\n\t<meta name=\"twitter:data1\" content=\"2\u00a0Minute\" \/>\n<script type=\"application\/ld+json\" class=\"yoast-schema-graph\">{\"@context\":\"https:\/\/schema.org\",\"@graph\":[{\"@type\":\"WebPage\",\"@id\":\"https:\/\/custom-parts.fr\/de\/produkt\/garniture-commandes-console-centrale-mini-cooper-r50-r52-r53\/\",\"url\":\"https:\/\/custom-parts.fr\/de\/produkt\/garniture-commandes-console-centrale-mini-cooper-r50-r52-r53\/\",\"name\":\"Verkleidung der Bedienelemente der Mittelkonsole f\u00fcr Mini Cooper R50, R52, R53\",\"isPartOf\":{\"@id\":\"https:\/\/custom-parts.fr\/de\/#website\"},\"primaryImageOfPage\":{\"@id\":\"https:\/\/custom-parts.fr\/de\/produkt\/garniture-commandes-console-centrale-mini-cooper-r50-r52-r53\/#primaryimage\"},\"image\":{\"@id\":\"https:\/\/custom-parts.fr\/de\/produkt\/garniture-commandes-console-centrale-mini-cooper-r50-r52-r53\/#primaryimage\"},\"thumbnailUrl\":\"https:\/\/custom-parts.fr\/wp-content\/uploads\/2024\/11\/Garniture-commandes-console-centrale-MINI-Cooper-R50-R52-R53-1.jpg\",\"datePublished\":\"2020-11-18T17:27:29+00:00\",\"dateModified\":\"2025-06-14T23:35:40+00:00\",\"description\":\"Kaufen Sie Ihren Verkleidung der Bedienelemente der Mittelkonsole f\u00fcr Mini Cooper R50, R52, R53 und alle custom BMW MINI-Zubeh\u00f6r auf Custom-Parts.fr!\",\"breadcrumb\":{\"@id\":\"https:\/\/custom-parts.fr\/de\/produkt\/garniture-commandes-console-centrale-mini-cooper-r50-r52-r53\/#breadcrumb\"},\"inLanguage\":\"de\",\"potentialAction\":[{\"@type\":\"ReadAction\",\"target\":[\"https:\/\/custom-parts.fr\/de\/produkt\/garniture-commandes-console-centrale-mini-cooper-r50-r52-r53\/\"]}]},{\"@type\":\"ImageObject\",\"inLanguage\":\"de\",\"@id\":\"https:\/\/custom-parts.fr\/de\/produkt\/garniture-commandes-console-centrale-mini-cooper-r50-r52-r53\/#primaryimage\",\"url\":\"https:\/\/custom-parts.fr\/wp-content\/uploads\/2024\/11\/Garniture-commandes-console-centrale-MINI-Cooper-R50-R52-R53-1.jpg\",\"contentUrl\":\"https:\/\/custom-parts.fr\/wp-content\/uploads\/2024\/11\/Garniture-commandes-console-centrale-MINI-Cooper-R50-R52-R53-1.jpg\",\"width\":500,\"height\":500},{\"@type\":\"BreadcrumbList\",\"@id\":\"https:\/\/custom-parts.fr\/de\/produkt\/garniture-commandes-console-centrale-mini-cooper-r50-r52-r53\/#breadcrumb\",\"itemListElement\":[{\"@type\":\"ListItem\",\"position\":1,\"name\":\"Startseite\",\"item\":\"https:\/\/custom-parts.fr\/de\/kaufen-sie-teile-und-zubehoer-fuer-mini-bmw-custom-parts-de\/\"},{\"@type\":\"ListItem\",\"position\":2,\"name\":\"Shop\",\"item\":\"https:\/\/custom-parts.fr\/de\/alle-produkte\/\"},{\"@type\":\"ListItem\",\"position\":3,\"name\":\"Verkleidung der Bedienelemente der Mittelkonsole f\u00fcr Mini Cooper R50, R52, R53\"}]},{\"@type\":\"WebSite\",\"@id\":\"https:\/\/custom-parts.fr\/de\/#website\",\"url\":\"https:\/\/custom-parts.fr\/de\/\",\"name\":\"Custom-Parts.fr\",\"description\":\"Custom BMW MINI Ersatzteile & Zubeh\u00f6r\",\"publisher\":{\"@id\":\"https:\/\/custom-parts.fr\/de\/#organization\"},\"potentialAction\":[{\"@type\":\"SearchAction\",\"target\":{\"@type\":\"EntryPoint\",\"urlTemplate\":\"https:\/\/custom-parts.fr\/de\/?s={search_term_string}\"},\"query-input\":{\"@type\":\"PropertyValueSpecification\",\"valueRequired\":true,\"valueName\":\"search_term_string\"}}],\"inLanguage\":\"de\"},{\"@type\":\"Organization\",\"@id\":\"https:\/\/custom-parts.fr\/de\/#organization\",\"name\":\"Custom-Parts\",\"url\":\"https:\/\/custom-parts.fr\/de\/\",\"logo\":{\"@type\":\"ImageObject\",\"inLanguage\":\"de\",\"@id\":\"https:\/\/custom-parts.fr\/de\/#\/schema\/logo\/image\/\",\"url\":\"https:\/\/custom-parts.fr\/wp-content\/uploads\/2023\/01\/cropped-cropped-cropped-final-new-police-2-1-1.png\",\"contentUrl\":\"https:\/\/custom-parts.fr\/wp-content\/uploads\/2023\/01\/cropped-cropped-cropped-final-new-police-2-1-1.png\",\"width\":450,\"height\":125,\"caption\":\"Custom-Parts\"},\"image\":{\"@id\":\"https:\/\/custom-parts.fr\/de\/#\/schema\/logo\/image\/\"}}]}<\/script>\n<!-- \/ Yoast SEO plugin. -->","yoast_head_json":{"title":"Verkleidung der Bedienelemente der Mittelkonsole f\u00fcr Mini Cooper R50, R52, R53","description":"Kaufen Sie Ihren Verkleidung der Bedienelemente der Mittelkonsole f\u00fcr Mini Cooper R50, R52, R53 und alle custom BMW MINI-Zubeh\u00f6r auf Custom-Parts.fr!","robots":{"index":"index","follow":"follow","max-snippet":"max-snippet:-1","max-image-preview":"max-image-preview:large","max-video-preview":"max-video-preview:-1"},"canonical":"https:\/\/custom-parts.fr\/de\/produkt\/garniture-commandes-console-centrale-mini-cooper-r50-r52-r53\/","og_locale":"de_DE","og_type":"article","og_title":"Verkleidung der Bedienelemente der Mittelkonsole f\u00fcr Mini Cooper R50, R52, R53","og_description":"Kaufen Sie Ihren Verkleidung der Bedienelemente der Mittelkonsole f\u00fcr Mini Cooper R50, R52, R53 und alle custom BMW MINI-Zubeh\u00f6r auf Custom-Parts.fr!","og_url":"https:\/\/custom-parts.fr\/de\/produkt\/garniture-commandes-console-centrale-mini-cooper-r50-r52-r53\/","og_site_name":"Custom-Parts.fr","article_modified_time":"2025-06-14T23:35:40+00:00","og_image":[{"width":500,"height":500,"url":"https:\/\/custom-parts.fr\/wp-content\/uploads\/2024\/11\/Garniture-commandes-console-centrale-MINI-Cooper-R50-R52-R53-1.jpg","type":"image\/jpeg"}],"twitter_card":"summary_large_image","twitter_misc":{"Gesch\u00e4tzte Lesezeit":"2\u00a0Minute"},"schema":{"@context":"https:\/\/schema.org","@graph":[{"@type":"WebPage","@id":"https:\/\/custom-parts.fr\/de\/produkt\/garniture-commandes-console-centrale-mini-cooper-r50-r52-r53\/","url":"https:\/\/custom-parts.fr\/de\/produkt\/garniture-commandes-console-centrale-mini-cooper-r50-r52-r53\/","name":"Verkleidung der Bedienelemente der Mittelkonsole f\u00fcr Mini Cooper R50, R52, R53","isPartOf":{"@id":"https:\/\/custom-parts.fr\/de\/#website"},"primaryImageOfPage":{"@id":"https:\/\/custom-parts.fr\/de\/produkt\/garniture-commandes-console-centrale-mini-cooper-r50-r52-r53\/#primaryimage"},"image":{"@id":"https:\/\/custom-parts.fr\/de\/produkt\/garniture-commandes-console-centrale-mini-cooper-r50-r52-r53\/#primaryimage"},"thumbnailUrl":"https:\/\/custom-parts.fr\/wp-content\/uploads\/2024\/11\/Garniture-commandes-console-centrale-MINI-Cooper-R50-R52-R53-1.jpg","datePublished":"2020-11-18T17:27:29+00:00","dateModified":"2025-06-14T23:35:40+00:00","description":"Kaufen Sie Ihren Verkleidung der Bedienelemente der Mittelkonsole f\u00fcr Mini Cooper R50, R52, R53 und alle custom BMW MINI-Zubeh\u00f6r auf Custom-Parts.fr!","breadcrumb":{"@id":"https:\/\/custom-parts.fr\/de\/produkt\/garniture-commandes-console-centrale-mini-cooper-r50-r52-r53\/#breadcrumb"},"inLanguage":"de","potentialAction":[{"@type":"ReadAction","target":["https:\/\/custom-parts.fr\/de\/produkt\/garniture-commandes-console-centrale-mini-cooper-r50-r52-r53\/"]}]},{"@type":"ImageObject","inLanguage":"de","@id":"https:\/\/custom-parts.fr\/de\/produkt\/garniture-commandes-console-centrale-mini-cooper-r50-r52-r53\/#primaryimage","url":"https:\/\/custom-parts.fr\/wp-content\/uploads\/2024\/11\/Garniture-commandes-console-centrale-MINI-Cooper-R50-R52-R53-1.jpg","contentUrl":"https:\/\/custom-parts.fr\/wp-content\/uploads\/2024\/11\/Garniture-commandes-console-centrale-MINI-Cooper-R50-R52-R53-1.jpg","width":500,"height":500},{"@type":"BreadcrumbList","@id":"https:\/\/custom-parts.fr\/de\/produkt\/garniture-commandes-console-centrale-mini-cooper-r50-r52-r53\/#breadcrumb","itemListElement":[{"@type":"ListItem","position":1,"name":"Startseite","item":"https:\/\/custom-parts.fr\/de\/kaufen-sie-teile-und-zubehoer-fuer-mini-bmw-custom-parts-de\/"},{"@type":"ListItem","position":2,"name":"Shop","item":"https:\/\/custom-parts.fr\/de\/alle-produkte\/"},{"@type":"ListItem","position":3,"name":"Verkleidung der Bedienelemente der Mittelkonsole f\u00fcr Mini Cooper R50, R52, R53"}]},{"@type":"WebSite","@id":"https:\/\/custom-parts.fr\/de\/#website","url":"https:\/\/custom-parts.fr\/de\/","name":"Custom-Parts.fr","description":"Custom BMW MINI Ersatzteile & Zubeh\u00f6r","publisher":{"@id":"https:\/\/custom-parts.fr\/de\/#organization"},"potentialAction":[{"@type":"SearchAction","target":{"@type":"EntryPoint","urlTemplate":"https:\/\/custom-parts.fr\/de\/?s={search_term_string}"},"query-input":{"@type":"PropertyValueSpecification","valueRequired":true,"valueName":"search_term_string"}}],"inLanguage":"de"},{"@type":"Organization","@id":"https:\/\/custom-parts.fr\/de\/#organization","name":"Custom-Parts","url":"https:\/\/custom-parts.fr\/de\/","logo":{"@type":"ImageObject","inLanguage":"de","@id":"https:\/\/custom-parts.fr\/de\/#\/schema\/logo\/image\/","url":"https:\/\/custom-parts.fr\/wp-content\/uploads\/2023\/01\/cropped-cropped-cropped-final-new-police-2-1-1.png","contentUrl":"https:\/\/custom-parts.fr\/wp-content\/uploads\/2023\/01\/cropped-cropped-cropped-final-new-police-2-1-1.png","width":450,"height":125,"caption":"Custom-Parts"},"image":{"@id":"https:\/\/custom-parts.fr\/de\/#\/schema\/logo\/image\/"}}]}},"_links":{"self":[{"href":"https:\/\/custom-parts.fr\/de\/wp-json\/wp\/v2\/product\/25083","targetHints":{"allow":["GET"]}}],"collection":[{"href":"https:\/\/custom-parts.fr\/de\/wp-json\/wp\/v2\/product"}],"about":[{"href":"https:\/\/custom-parts.fr\/de\/wp-json\/wp\/v2\/types\/product"}],"replies":[{"embeddable":true,"href":"https:\/\/custom-parts.fr\/de\/wp-json\/wp\/v2\/comments?post=25083"}],"wp:featuredmedia":[{"embeddable":true,"href":"https:\/\/custom-parts.fr\/de\/wp-json\/wp\/v2\/media\/24533"}],"wp:attachment":[{"href":"https:\/\/custom-parts.fr\/de\/wp-json\/wp\/v2\/media?parent=25083"}],"wp:term":[{"taxonomy":"product_brand","embeddable":true,"href":"https:\/\/custom-parts.fr\/de\/wp-json\/wp\/v2\/product_brand?post=25083"},{"taxonomy":"product_cat","embeddable":true,"href":"https:\/\/custom-parts.fr\/de\/wp-json\/wp\/v2\/product_cat?post=25083"},{"taxonomy":"product_tag","embeddable":true,"href":"https:\/\/custom-parts.fr\/de\/wp-json\/wp\/v2\/product_tag?post=25083"}],"curies":[{"name":"wp","href":"https:\/\/api.w.org\/{rel}","templated":true}]}}