{"id":25270,"date":"2025-06-28T19:01:47","date_gmt":"2025-06-28T17:01:47","guid":{"rendered":"https:\/\/custom-parts.fr\/?post_type=product&#038;p=25270"},"modified":"2026-03-28T19:28:40","modified_gmt":"2026-03-28T18:28:40","slug":"kit-cerclages-de-phares-feux-arriere-pour-mini-cooper-r56-r57-r55-r58-r59","status":"publish","type":"product","link":"https:\/\/custom-parts.fr\/de\/produkt\/kit-cerclages-de-phares-feux-arriere-pour-mini-cooper-r56-r57-r55-r58-r59\/","title":{"rendered":"Scheinwerfer Zierring- und R\u00fccklicht Blende Kit f\u00fcr Mini Cooper R56 R57 R55 R58 R59"},"content":{"rendered":"<p>Scheinwerfer Zierring- und R\u00fccklicht Blende Kit f\u00fcr Mini Cooper R56 R57 R55 R58 R59<\/p>\n<p>&nbsp;<\/p>\n<p>Diese Frontscheinwerfer- und R\u00fcckleuchtenblenden ersetzen direkt die Originalteile und werden mit denselben Befestigungslaschen montiert. Damit k\u00f6nnen Sie eine abgenutzte Blende austauschen oder die Chromteile Ihres MINI R56, R57, R55, R58 oder R59 durch schwarze Blenden ersetzen! <\/p>\n<p>&nbsp;<\/p>\n<ul>\n<li>Das Set enth\u00e4lt 2 x Einfassungen f\u00fcr die R\u00fcckleuchten und 2 x Einfassungen f\u00fcr die Scheinwerfer<\/li>\n<li>R\u00e9f\u00e9rence pi\u00e8ce origine : 51132752243 | 51132752244 | 51137149905 | 51137149906<\/li>\n<li>Farbe: gl\u00e4nzendes Schwarz oder Chrom<\/li>\n<li>Material: ABS-Kunststoff<\/li>\n<\/ul>\n<p>&nbsp;<\/p>\n<p><strong>Geeignet f\u00fcr :<\/strong><\/p>\n<ul>\n<li>MINI Cooper, Cooper S R55 Clubman : 2008 &#8211; 2014<\/li>\n<li>MINI Cooper, Cooper S R56 : 2007 -2013<\/li>\n<li>MINI Cooper, Cooper S R57 Convertible : 2009 &#8211; 2015<\/li>\n<li>MINI Cooper, Cooper S R58 Coup\u00e9 : 2012 &#8211; 2015<\/li>\n<li>MINI Cooper, Cooper S R59 Roadster : 2012 &#8211; 2015<\/li>\n<\/ul>\n","protected":false},"excerpt":{"rendered":"<p>\u2713 Passe deinen Mini nach deinem Geschmack an!<br \/>\n\u2713 Einfach zu installieren und zu ersetzen<br \/>\n\u2713 Perfekte Passform auf Ihrem Originalteil<\/p>\n","protected":false},"featured_media":25280,"comment_status":"open","ping_status":"closed","template":"","meta":[],"product_brand":[],"product_cat":[191,194,193],"product_tag":[],"class_list":{"0":"post-25270","1":"product","2":"type-product","3":"status-publish","4":"has-post-thumbnail","6":"product_cat-mini-cooper-ersatzteile-zubehoer","7":"product_cat-exterieur-zubehor-mini-2-gen","8":"product_cat-zubehoer-mini-cooper-2-gen","10":"first","11":"instock","12":"sale","13":"taxable","14":"shipping-taxable","15":"purchasable","16":"product-type-variable"},"yoast_head":"<!-- This site is optimized with the Yoast SEO plugin v27.2 - https:\/\/yoast.com\/product\/yoast-seo-wordpress\/ -->\n<title>Scheinwerfer Zierring- und R\u00fccklicht Blende Kit f\u00fcr Mini Cooper R56 R57 R55 R58 R59<\/title>\n<meta name=\"description\" content=\"Kaufen Sie Ihren Scheinwerfer Zierring- und R\u00fccklicht Blende Kit f\u00fcr Mini Cooper R56 R57 R55 R58 R59 und alle custom BMW MINI-Zubeh\u00f6r auf Custom-Parts.fr!\" \/>\n<meta name=\"robots\" content=\"index, follow, max-snippet:-1, max-image-preview:large, max-video-preview:-1\" \/>\n<link rel=\"canonical\" href=\"https:\/\/custom-parts.fr\/de\/produkt\/kit-cerclages-de-phares-feux-arriere-pour-mini-cooper-r56-r57-r55-r58-r59\/\" \/>\n<meta property=\"og:locale\" content=\"de_DE\" \/>\n<meta property=\"og:type\" content=\"article\" \/>\n<meta property=\"og:title\" content=\"Scheinwerfer Zierring- und R\u00fccklicht Blende Kit f\u00fcr Mini Cooper R56 R57 R55 R58 R59\" \/>\n<meta property=\"og:description\" content=\"Kaufen Sie Ihren Scheinwerfer Zierring- und R\u00fccklicht Blende Kit f\u00fcr Mini Cooper R56 R57 R55 R58 R59 und alle custom BMW MINI-Zubeh\u00f6r auf Custom-Parts.fr!\" \/>\n<meta property=\"og:url\" content=\"https:\/\/custom-parts.fr\/de\/produkt\/kit-cerclages-de-phares-feux-arriere-pour-mini-cooper-r56-r57-r55-r58-r59\/\" \/>\n<meta property=\"og:site_name\" content=\"Custom-Parts.fr\" \/>\n<meta property=\"article:modified_time\" content=\"2026-03-28T18:28:40+00:00\" \/>\n<meta property=\"og:image\" content=\"https:\/\/custom-parts.fr\/wp-content\/uploads\/2025\/06\/Kit-cerclages-phare-pour-Mini-R56.jpg\" \/>\n\t<meta property=\"og:image:width\" content=\"500\" \/>\n\t<meta property=\"og:image:height\" content=\"500\" \/>\n\t<meta property=\"og:image:type\" content=\"image\/jpeg\" \/>\n<meta name=\"twitter:card\" content=\"summary_large_image\" \/>\n<meta name=\"twitter:label1\" content=\"Gesch\u00e4tzte Lesezeit\" \/>\n\t<meta name=\"twitter:data1\" content=\"1\u00a0Minute\" \/>\n<script type=\"application\/ld+json\" class=\"yoast-schema-graph\">{\"@context\":\"https:\/\/schema.org\",\"@graph\":[{\"@type\":\"WebPage\",\"@id\":\"https:\/\/custom-parts.fr\/de\/produkt\/kit-cerclages-de-phares-feux-arriere-pour-mini-cooper-r56-r57-r55-r58-r59\/\",\"url\":\"https:\/\/custom-parts.fr\/de\/produkt\/kit-cerclages-de-phares-feux-arriere-pour-mini-cooper-r56-r57-r55-r58-r59\/\",\"name\":\"Scheinwerfer Zierring- und R\u00fccklicht Blende Kit f\u00fcr Mini Cooper R56 R57 R55 R58 R59\",\"isPartOf\":{\"@id\":\"https:\/\/custom-parts.fr\/de\/#website\"},\"primaryImageOfPage\":{\"@id\":\"https:\/\/custom-parts.fr\/de\/produkt\/kit-cerclages-de-phares-feux-arriere-pour-mini-cooper-r56-r57-r55-r58-r59\/#primaryimage\"},\"image\":{\"@id\":\"https:\/\/custom-parts.fr\/de\/produkt\/kit-cerclages-de-phares-feux-arriere-pour-mini-cooper-r56-r57-r55-r58-r59\/#primaryimage\"},\"thumbnailUrl\":\"https:\/\/custom-parts.fr\/wp-content\/uploads\/2025\/06\/Kit-cerclages-phare-pour-Mini-R56.jpg\",\"datePublished\":\"2025-06-28T17:01:47+00:00\",\"dateModified\":\"2026-03-28T18:28:40+00:00\",\"description\":\"Kaufen Sie Ihren Scheinwerfer Zierring- und R\u00fccklicht Blende Kit f\u00fcr Mini Cooper R56 R57 R55 R58 R59 und alle custom BMW MINI-Zubeh\u00f6r auf Custom-Parts.fr!\",\"breadcrumb\":{\"@id\":\"https:\/\/custom-parts.fr\/de\/produkt\/kit-cerclages-de-phares-feux-arriere-pour-mini-cooper-r56-r57-r55-r58-r59\/#breadcrumb\"},\"inLanguage\":\"de\",\"potentialAction\":[{\"@type\":\"ReadAction\",\"target\":[\"https:\/\/custom-parts.fr\/de\/produkt\/kit-cerclages-de-phares-feux-arriere-pour-mini-cooper-r56-r57-r55-r58-r59\/\"]}]},{\"@type\":\"ImageObject\",\"inLanguage\":\"de\",\"@id\":\"https:\/\/custom-parts.fr\/de\/produkt\/kit-cerclages-de-phares-feux-arriere-pour-mini-cooper-r56-r57-r55-r58-r59\/#primaryimage\",\"url\":\"https:\/\/custom-parts.fr\/wp-content\/uploads\/2025\/06\/Kit-cerclages-phare-pour-Mini-R56.jpg\",\"contentUrl\":\"https:\/\/custom-parts.fr\/wp-content\/uploads\/2025\/06\/Kit-cerclages-phare-pour-Mini-R56.jpg\",\"width\":500,\"height\":500},{\"@type\":\"BreadcrumbList\",\"@id\":\"https:\/\/custom-parts.fr\/de\/produkt\/kit-cerclages-de-phares-feux-arriere-pour-mini-cooper-r56-r57-r55-r58-r59\/#breadcrumb\",\"itemListElement\":[{\"@type\":\"ListItem\",\"position\":1,\"name\":\"Startseite\",\"item\":\"https:\/\/custom-parts.fr\/de\/kaufen-sie-teile-und-zubehoer-fuer-mini-bmw-custom-parts-de\/\"},{\"@type\":\"ListItem\",\"position\":2,\"name\":\"Shop\",\"item\":\"https:\/\/custom-parts.fr\/de\/alle-produkte\/\"},{\"@type\":\"ListItem\",\"position\":3,\"name\":\"Scheinwerfer Zierring- und R\u00fccklicht Blende Kit f\u00fcr Mini Cooper R56 R57 R55 R58 R59\"}]},{\"@type\":\"WebSite\",\"@id\":\"https:\/\/custom-parts.fr\/de\/#website\",\"url\":\"https:\/\/custom-parts.fr\/de\/\",\"name\":\"Custom-Parts.fr\",\"description\":\"Custom BMW MINI Ersatzteile & Zubeh\u00f6r\",\"publisher\":{\"@id\":\"https:\/\/custom-parts.fr\/de\/#organization\"},\"potentialAction\":[{\"@type\":\"SearchAction\",\"target\":{\"@type\":\"EntryPoint\",\"urlTemplate\":\"https:\/\/custom-parts.fr\/de\/?s={search_term_string}\"},\"query-input\":{\"@type\":\"PropertyValueSpecification\",\"valueRequired\":true,\"valueName\":\"search_term_string\"}}],\"inLanguage\":\"de\"},{\"@type\":\"Organization\",\"@id\":\"https:\/\/custom-parts.fr\/de\/#organization\",\"name\":\"Custom-Parts\",\"url\":\"https:\/\/custom-parts.fr\/de\/\",\"logo\":{\"@type\":\"ImageObject\",\"inLanguage\":\"de\",\"@id\":\"https:\/\/custom-parts.fr\/de\/#\/schema\/logo\/image\/\",\"url\":\"https:\/\/custom-parts.fr\/wp-content\/uploads\/2023\/01\/cropped-cropped-cropped-final-new-police-2-1-1.png\",\"contentUrl\":\"https:\/\/custom-parts.fr\/wp-content\/uploads\/2023\/01\/cropped-cropped-cropped-final-new-police-2-1-1.png\",\"width\":450,\"height\":125,\"caption\":\"Custom-Parts\"},\"image\":{\"@id\":\"https:\/\/custom-parts.fr\/de\/#\/schema\/logo\/image\/\"}}]}<\/script>\n<!-- \/ Yoast SEO plugin. -->","yoast_head_json":{"title":"Scheinwerfer Zierring- und R\u00fccklicht Blende Kit f\u00fcr Mini Cooper R56 R57 R55 R58 R59","description":"Kaufen Sie Ihren Scheinwerfer Zierring- und R\u00fccklicht Blende Kit f\u00fcr Mini Cooper R56 R57 R55 R58 R59 und alle custom BMW MINI-Zubeh\u00f6r auf Custom-Parts.fr!","robots":{"index":"index","follow":"follow","max-snippet":"max-snippet:-1","max-image-preview":"max-image-preview:large","max-video-preview":"max-video-preview:-1"},"canonical":"https:\/\/custom-parts.fr\/de\/produkt\/kit-cerclages-de-phares-feux-arriere-pour-mini-cooper-r56-r57-r55-r58-r59\/","og_locale":"de_DE","og_type":"article","og_title":"Scheinwerfer Zierring- und R\u00fccklicht Blende Kit f\u00fcr Mini Cooper R56 R57 R55 R58 R59","og_description":"Kaufen Sie Ihren Scheinwerfer Zierring- und R\u00fccklicht Blende Kit f\u00fcr Mini Cooper R56 R57 R55 R58 R59 und alle custom BMW MINI-Zubeh\u00f6r auf Custom-Parts.fr!","og_url":"https:\/\/custom-parts.fr\/de\/produkt\/kit-cerclages-de-phares-feux-arriere-pour-mini-cooper-r56-r57-r55-r58-r59\/","og_site_name":"Custom-Parts.fr","article_modified_time":"2026-03-28T18:28:40+00:00","og_image":[{"width":500,"height":500,"url":"https:\/\/custom-parts.fr\/wp-content\/uploads\/2025\/06\/Kit-cerclages-phare-pour-Mini-R56.jpg","type":"image\/jpeg"}],"twitter_card":"summary_large_image","twitter_misc":{"Gesch\u00e4tzte Lesezeit":"1\u00a0Minute"},"schema":{"@context":"https:\/\/schema.org","@graph":[{"@type":"WebPage","@id":"https:\/\/custom-parts.fr\/de\/produkt\/kit-cerclages-de-phares-feux-arriere-pour-mini-cooper-r56-r57-r55-r58-r59\/","url":"https:\/\/custom-parts.fr\/de\/produkt\/kit-cerclages-de-phares-feux-arriere-pour-mini-cooper-r56-r57-r55-r58-r59\/","name":"Scheinwerfer Zierring- und R\u00fccklicht Blende Kit f\u00fcr Mini Cooper R56 R57 R55 R58 R59","isPartOf":{"@id":"https:\/\/custom-parts.fr\/de\/#website"},"primaryImageOfPage":{"@id":"https:\/\/custom-parts.fr\/de\/produkt\/kit-cerclages-de-phares-feux-arriere-pour-mini-cooper-r56-r57-r55-r58-r59\/#primaryimage"},"image":{"@id":"https:\/\/custom-parts.fr\/de\/produkt\/kit-cerclages-de-phares-feux-arriere-pour-mini-cooper-r56-r57-r55-r58-r59\/#primaryimage"},"thumbnailUrl":"https:\/\/custom-parts.fr\/wp-content\/uploads\/2025\/06\/Kit-cerclages-phare-pour-Mini-R56.jpg","datePublished":"2025-06-28T17:01:47+00:00","dateModified":"2026-03-28T18:28:40+00:00","description":"Kaufen Sie Ihren Scheinwerfer Zierring- und R\u00fccklicht Blende Kit f\u00fcr Mini Cooper R56 R57 R55 R58 R59 und alle custom BMW MINI-Zubeh\u00f6r auf Custom-Parts.fr!","breadcrumb":{"@id":"https:\/\/custom-parts.fr\/de\/produkt\/kit-cerclages-de-phares-feux-arriere-pour-mini-cooper-r56-r57-r55-r58-r59\/#breadcrumb"},"inLanguage":"de","potentialAction":[{"@type":"ReadAction","target":["https:\/\/custom-parts.fr\/de\/produkt\/kit-cerclages-de-phares-feux-arriere-pour-mini-cooper-r56-r57-r55-r58-r59\/"]}]},{"@type":"ImageObject","inLanguage":"de","@id":"https:\/\/custom-parts.fr\/de\/produkt\/kit-cerclages-de-phares-feux-arriere-pour-mini-cooper-r56-r57-r55-r58-r59\/#primaryimage","url":"https:\/\/custom-parts.fr\/wp-content\/uploads\/2025\/06\/Kit-cerclages-phare-pour-Mini-R56.jpg","contentUrl":"https:\/\/custom-parts.fr\/wp-content\/uploads\/2025\/06\/Kit-cerclages-phare-pour-Mini-R56.jpg","width":500,"height":500},{"@type":"BreadcrumbList","@id":"https:\/\/custom-parts.fr\/de\/produkt\/kit-cerclages-de-phares-feux-arriere-pour-mini-cooper-r56-r57-r55-r58-r59\/#breadcrumb","itemListElement":[{"@type":"ListItem","position":1,"name":"Startseite","item":"https:\/\/custom-parts.fr\/de\/kaufen-sie-teile-und-zubehoer-fuer-mini-bmw-custom-parts-de\/"},{"@type":"ListItem","position":2,"name":"Shop","item":"https:\/\/custom-parts.fr\/de\/alle-produkte\/"},{"@type":"ListItem","position":3,"name":"Scheinwerfer Zierring- und R\u00fccklicht Blende Kit f\u00fcr Mini Cooper R56 R57 R55 R58 R59"}]},{"@type":"WebSite","@id":"https:\/\/custom-parts.fr\/de\/#website","url":"https:\/\/custom-parts.fr\/de\/","name":"Custom-Parts.fr","description":"Custom BMW MINI Ersatzteile & Zubeh\u00f6r","publisher":{"@id":"https:\/\/custom-parts.fr\/de\/#organization"},"potentialAction":[{"@type":"SearchAction","target":{"@type":"EntryPoint","urlTemplate":"https:\/\/custom-parts.fr\/de\/?s={search_term_string}"},"query-input":{"@type":"PropertyValueSpecification","valueRequired":true,"valueName":"search_term_string"}}],"inLanguage":"de"},{"@type":"Organization","@id":"https:\/\/custom-parts.fr\/de\/#organization","name":"Custom-Parts","url":"https:\/\/custom-parts.fr\/de\/","logo":{"@type":"ImageObject","inLanguage":"de","@id":"https:\/\/custom-parts.fr\/de\/#\/schema\/logo\/image\/","url":"https:\/\/custom-parts.fr\/wp-content\/uploads\/2023\/01\/cropped-cropped-cropped-final-new-police-2-1-1.png","contentUrl":"https:\/\/custom-parts.fr\/wp-content\/uploads\/2023\/01\/cropped-cropped-cropped-final-new-police-2-1-1.png","width":450,"height":125,"caption":"Custom-Parts"},"image":{"@id":"https:\/\/custom-parts.fr\/de\/#\/schema\/logo\/image\/"}}]}},"_links":{"self":[{"href":"https:\/\/custom-parts.fr\/de\/wp-json\/wp\/v2\/product\/25270","targetHints":{"allow":["GET"]}}],"collection":[{"href":"https:\/\/custom-parts.fr\/de\/wp-json\/wp\/v2\/product"}],"about":[{"href":"https:\/\/custom-parts.fr\/de\/wp-json\/wp\/v2\/types\/product"}],"replies":[{"embeddable":true,"href":"https:\/\/custom-parts.fr\/de\/wp-json\/wp\/v2\/comments?post=25270"}],"wp:featuredmedia":[{"embeddable":true,"href":"https:\/\/custom-parts.fr\/de\/wp-json\/wp\/v2\/media\/25280"}],"wp:attachment":[{"href":"https:\/\/custom-parts.fr\/de\/wp-json\/wp\/v2\/media?parent=25270"}],"wp:term":[{"taxonomy":"product_brand","embeddable":true,"href":"https:\/\/custom-parts.fr\/de\/wp-json\/wp\/v2\/product_brand?post=25270"},{"taxonomy":"product_cat","embeddable":true,"href":"https:\/\/custom-parts.fr\/de\/wp-json\/wp\/v2\/product_cat?post=25270"},{"taxonomy":"product_tag","embeddable":true,"href":"https:\/\/custom-parts.fr\/de\/wp-json\/wp\/v2\/product_tag?post=25270"}],"curies":[{"name":"wp","href":"https:\/\/api.w.org\/{rel}","templated":true}]}}