{"id":25359,"date":"2025-11-15T14:56:28","date_gmt":"2025-11-15T13:56:28","guid":{"rendered":"https:\/\/custom-parts.fr\/?post_type=product&#038;p=25359"},"modified":"2026-03-28T13:15:34","modified_gmt":"2026-03-28T12:15:34","slug":"coques-de-retroviseurs-pour-volkswagen-golf-mk7-mk7-5-golf-7-r-golf-7-gti","status":"publish","type":"product","link":"https:\/\/custom-parts.fr\/de\/produkt\/coques-de-retroviseurs-pour-volkswagen-golf-mk7-mk7-5-golf-7-r-golf-7-gti\/","title":{"rendered":"Spiegelkappen f\u00fcr Volkswagen Golf MK7 &amp; MK7.5 &#8211; Golf 7 R &#8211; Golf 7 GTI"},"content":{"rendered":"<p><strong>Spiegelkappen f\u00fcr Volkswagen Golf VII MK7 und MK7.5<\/strong><\/p>\n<p>Diese Spiegelkappen ersetzen direkt die originalen Ihres Golf 7 Mk7 und MK7.5 mit denselben Befestigungshalterungen. Ein gro\u00dfartiges Produkt, wenn Sie die Farbe \u00e4ndern oder einfach Ihre originalen Spiegelkappen f\u00fcr Golf 7, Golf 7 R, Golf 7 GTI, Golf 7.5, Golf 7.5 R oder Golf 7.5 GTI ersetzen m\u00f6chten. <\/p>\n<h2>Eigenschaften:<\/h2>\n<ul>\n<li>Enth\u00e4lt 2 Spiegelkappen f\u00fcr Golf 7 und Golf 7.5<\/li>\n<li>Typ: Ersatzteil des Originalteils<\/li>\n<li>Material: Hochwertiger ABS-Kunststoff<\/li>\n<li>Verf\u00fcgbare Farben: Gloss Black, Gloss White, Carbon Style<\/li>\n<\/ul>\n<p>&nbsp;<\/p>\n<h2>Geeignet f\u00fcr :<\/h2>\n<ul>\n<li>Alle Golf Mk7 und Mk7.5 von 2012 bis 2021<\/li>\n<li>Golf 7, Golf 7 R, Golf 7 GTI, Golf 7 GTD, Golf 7 GTE<\/li>\n<li>Golf 7.5, Golf 7.5 R, Golf 7.5 GTI, Golf 7.5 GTD, Golf 7.5 GTE<\/li>\n<\/ul>\n<p>&nbsp;<\/p>\n<p><img decoding=\"async\" class=\"alignnone size-full wp-image-25372 lazyload\" data-src=\"https:\/\/custom-parts.fr\/wp-content\/uploads\/2025\/11\/Coques-de-Retroviseurs-pour-Volkswagen-Golf-MK7-MK7.5-Golf-7-R-Golf-7-GTI-8.jpg\" alt=\"\" width=\"500\" height=\"500\" data-srcset=\"https:\/\/custom-parts.fr\/wp-content\/uploads\/2025\/11\/Coques-de-Retroviseurs-pour-Volkswagen-Golf-MK7-MK7.5-Golf-7-R-Golf-7-GTI-8.jpg 500w, https:\/\/custom-parts.fr\/wp-content\/uploads\/2025\/11\/Coques-de-Retroviseurs-pour-Volkswagen-Golf-MK7-MK7.5-Golf-7-R-Golf-7-GTI-8-300x300.jpg 300w, https:\/\/custom-parts.fr\/wp-content\/uploads\/2025\/11\/Coques-de-Retroviseurs-pour-Volkswagen-Golf-MK7-MK7.5-Golf-7-R-Golf-7-GTI-8-150x150.jpg 150w, https:\/\/custom-parts.fr\/wp-content\/uploads\/2025\/11\/Coques-de-Retroviseurs-pour-Volkswagen-Golf-MK7-MK7.5-Golf-7-R-Golf-7-GTI-8-100x100.jpg 100w, https:\/\/custom-parts.fr\/wp-content\/uploads\/2025\/11\/Coques-de-Retroviseurs-pour-Volkswagen-Golf-MK7-MK7.5-Golf-7-R-Golf-7-GTI-8-48x48.jpg 48w\" data-sizes=\"(max-width: 500px) 100vw, 500px\" src=\"data:image\/svg+xml;base64,PHN2ZyB3aWR0aD0iMSIgaGVpZ2h0PSIxIiB4bWxucz0iaHR0cDovL3d3dy53My5vcmcvMjAwMC9zdmciPjwvc3ZnPg==\" style=\"--smush-placeholder-width: 500px; --smush-placeholder-aspect-ratio: 500\/500;\" \/><\/p>\n<p><img decoding=\"async\" class=\"alignnone size-full wp-image-25368 lazyload\" data-src=\"https:\/\/custom-parts.fr\/wp-content\/uploads\/2025\/11\/Coques-de-Retroviseurs-pour-Volkswagen-Golf-MK7-MK7.5-Golf-7-R-Golf-7-GTI-6.jpg\" alt=\"\" width=\"500\" height=\"500\" data-srcset=\"https:\/\/custom-parts.fr\/wp-content\/uploads\/2025\/11\/Coques-de-Retroviseurs-pour-Volkswagen-Golf-MK7-MK7.5-Golf-7-R-Golf-7-GTI-6.jpg 500w, https:\/\/custom-parts.fr\/wp-content\/uploads\/2025\/11\/Coques-de-Retroviseurs-pour-Volkswagen-Golf-MK7-MK7.5-Golf-7-R-Golf-7-GTI-6-300x300.jpg 300w, https:\/\/custom-parts.fr\/wp-content\/uploads\/2025\/11\/Coques-de-Retroviseurs-pour-Volkswagen-Golf-MK7-MK7.5-Golf-7-R-Golf-7-GTI-6-150x150.jpg 150w, https:\/\/custom-parts.fr\/wp-content\/uploads\/2025\/11\/Coques-de-Retroviseurs-pour-Volkswagen-Golf-MK7-MK7.5-Golf-7-R-Golf-7-GTI-6-100x100.jpg 100w, https:\/\/custom-parts.fr\/wp-content\/uploads\/2025\/11\/Coques-de-Retroviseurs-pour-Volkswagen-Golf-MK7-MK7.5-Golf-7-R-Golf-7-GTI-6-48x48.jpg 48w\" data-sizes=\"(max-width: 500px) 100vw, 500px\" src=\"data:image\/svg+xml;base64,PHN2ZyB3aWR0aD0iMSIgaGVpZ2h0PSIxIiB4bWxucz0iaHR0cDovL3d3dy53My5vcmcvMjAwMC9zdmciPjwvc3ZnPg==\" style=\"--smush-placeholder-width: 500px; --smush-placeholder-aspect-ratio: 500\/500;\" \/><\/p>\n","protected":false},"excerpt":{"rendered":"<p><span style=\"color: #39991a; font-weight: 900;\">\u2713<\/span> Passen Sie Ihr Golf 7 nach Ihren W\u00fcnschen an!<br \/>\n<span style=\"color: #39991a; font-weight: 900;\">\u2713<\/span> Einfach zu installieren und zu ersetzen<br \/>\n <span style=\"color: #39991a; font-weight: 900;\">\u2713<\/span> Montage statt des Originalteils<\/p>\n","protected":false},"featured_media":25373,"comment_status":"open","ping_status":"closed","template":"","meta":[],"product_brand":[],"product_cat":[363],"product_tag":[],"class_list":{"0":"post-25359","1":"product","2":"type-product","3":"status-publish","4":"has-post-thumbnail","6":"product_cat-zubehoer-fuer-volkswagen-golf","8":"first","9":"instock","10":"taxable","11":"shipping-taxable","12":"purchasable","13":"product-type-variable"},"yoast_head":"<!-- This site is optimized with the Yoast SEO plugin v27.2 - https:\/\/yoast.com\/product\/yoast-seo-wordpress\/ -->\n<title>Spiegelkappen f\u00fcr Volkswagen Golf 7, 7 R, GTI und MK7.5<\/title>\n<meta name=\"description\" content=\"Die Spiegelkappen sind gl\u00e4nzend schwarz, im Carbon-Stil oder in gl\u00e4nzendem wei\u00dfen Original. F\u00fcr VW Golf MK7 und MK7.5. \u2713Golf 7, 7 R, GTI, GTD, 7.5, 7.5 R, 7.5 GTI.\" \/>\n<meta name=\"robots\" content=\"index, follow, max-snippet:-1, max-image-preview:large, max-video-preview:-1\" \/>\n<link rel=\"canonical\" href=\"https:\/\/custom-parts.fr\/de\/produkt\/coques-de-retroviseurs-pour-volkswagen-golf-mk7-mk7-5-golf-7-r-golf-7-gti\/\" \/>\n<meta property=\"og:locale\" content=\"de_DE\" \/>\n<meta property=\"og:type\" content=\"article\" \/>\n<meta property=\"og:title\" content=\"Spiegelkappen f\u00fcr Volkswagen Golf 7, 7 R, GTI und MK7.5\" \/>\n<meta property=\"og:description\" content=\"Die Spiegelkappen sind gl\u00e4nzend schwarz, im Carbon-Stil oder in gl\u00e4nzendem wei\u00dfen Original. F\u00fcr VW Golf MK7 und MK7.5. \u2713Golf 7, 7 R, GTI, GTD, 7.5, 7.5 R, 7.5 GTI.\" \/>\n<meta property=\"og:url\" content=\"https:\/\/custom-parts.fr\/de\/produkt\/coques-de-retroviseurs-pour-volkswagen-golf-mk7-mk7-5-golf-7-r-golf-7-gti\/\" \/>\n<meta property=\"og:site_name\" content=\"Custom-Parts.fr\" \/>\n<meta property=\"article:modified_time\" content=\"2026-03-28T12:15:34+00:00\" \/>\n<meta property=\"og:image\" content=\"https:\/\/custom-parts.fr\/wp-content\/uploads\/2025\/11\/Coques-de-Retroviseurs-pour-Volkswagen-Golf-MK7-MK7.5-Golf-7-R-Golf-7-GTI-8.jpg\" \/>\n\t<meta property=\"og:image:width\" content=\"500\" \/>\n\t<meta property=\"og:image:height\" content=\"500\" \/>\n\t<meta property=\"og:image:type\" content=\"image\/jpeg\" \/>\n<meta name=\"twitter:card\" content=\"summary_large_image\" \/>\n<meta name=\"twitter:label1\" content=\"Gesch\u00e4tzte Lesezeit\" \/>\n\t<meta name=\"twitter:data1\" content=\"2\u00a0Minute\" \/>\n<script type=\"application\/ld+json\" class=\"yoast-schema-graph\">{\"@context\":\"https:\/\/schema.org\",\"@graph\":[{\"@type\":\"WebPage\",\"@id\":\"https:\/\/custom-parts.fr\/de\/produkt\/coques-de-retroviseurs-pour-volkswagen-golf-mk7-mk7-5-golf-7-r-golf-7-gti\/\",\"url\":\"https:\/\/custom-parts.fr\/de\/produkt\/coques-de-retroviseurs-pour-volkswagen-golf-mk7-mk7-5-golf-7-r-golf-7-gti\/\",\"name\":\"Spiegelkappen f\u00fcr Volkswagen Golf 7, 7 R, GTI und MK7.5\",\"isPartOf\":{\"@id\":\"https:\/\/custom-parts.fr\/de\/#website\"},\"primaryImageOfPage\":{\"@id\":\"https:\/\/custom-parts.fr\/de\/produkt\/coques-de-retroviseurs-pour-volkswagen-golf-mk7-mk7-5-golf-7-r-golf-7-gti\/#primaryimage\"},\"image\":{\"@id\":\"https:\/\/custom-parts.fr\/de\/produkt\/coques-de-retroviseurs-pour-volkswagen-golf-mk7-mk7-5-golf-7-r-golf-7-gti\/#primaryimage\"},\"thumbnailUrl\":\"https:\/\/custom-parts.fr\/wp-content\/uploads\/2025\/11\/Coques-de-Retroviseurs-pour-Volkswagen-Golf-MK7-MK7.5-Golf-7-R-Golf-7-GTI-8.jpg\",\"datePublished\":\"2025-11-15T13:56:28+00:00\",\"dateModified\":\"2026-03-28T12:15:34+00:00\",\"description\":\"Die Spiegelkappen sind gl\u00e4nzend schwarz, im Carbon-Stil oder in gl\u00e4nzendem wei\u00dfen Original. F\u00fcr VW Golf MK7 und MK7.5. \u2713Golf 7, 7 R, GTI, GTD, 7.5, 7.5 R, 7.5 GTI.\",\"breadcrumb\":{\"@id\":\"https:\/\/custom-parts.fr\/de\/produkt\/coques-de-retroviseurs-pour-volkswagen-golf-mk7-mk7-5-golf-7-r-golf-7-gti\/#breadcrumb\"},\"inLanguage\":\"de\",\"potentialAction\":[{\"@type\":\"ReadAction\",\"target\":[\"https:\/\/custom-parts.fr\/de\/produkt\/coques-de-retroviseurs-pour-volkswagen-golf-mk7-mk7-5-golf-7-r-golf-7-gti\/\"]}]},{\"@type\":\"ImageObject\",\"inLanguage\":\"de\",\"@id\":\"https:\/\/custom-parts.fr\/de\/produkt\/coques-de-retroviseurs-pour-volkswagen-golf-mk7-mk7-5-golf-7-r-golf-7-gti\/#primaryimage\",\"url\":\"https:\/\/custom-parts.fr\/wp-content\/uploads\/2025\/11\/Coques-de-Retroviseurs-pour-Volkswagen-Golf-MK7-MK7.5-Golf-7-R-Golf-7-GTI-8.jpg\",\"contentUrl\":\"https:\/\/custom-parts.fr\/wp-content\/uploads\/2025\/11\/Coques-de-Retroviseurs-pour-Volkswagen-Golf-MK7-MK7.5-Golf-7-R-Golf-7-GTI-8.jpg\",\"width\":500,\"height\":500},{\"@type\":\"BreadcrumbList\",\"@id\":\"https:\/\/custom-parts.fr\/de\/produkt\/coques-de-retroviseurs-pour-volkswagen-golf-mk7-mk7-5-golf-7-r-golf-7-gti\/#breadcrumb\",\"itemListElement\":[{\"@type\":\"ListItem\",\"position\":1,\"name\":\"Startseite\",\"item\":\"https:\/\/custom-parts.fr\/de\/kaufen-sie-teile-und-zubehoer-fuer-mini-bmw-custom-parts-de\/\"},{\"@type\":\"ListItem\",\"position\":2,\"name\":\"Shop\",\"item\":\"https:\/\/custom-parts.fr\/de\/alle-produkte\/\"},{\"@type\":\"ListItem\",\"position\":3,\"name\":\"Spiegelkappen f\u00fcr Volkswagen Golf MK7 &amp; MK7.5 &#8211; Golf 7 R &#8211; Golf 7 GTI\"}]},{\"@type\":\"WebSite\",\"@id\":\"https:\/\/custom-parts.fr\/de\/#website\",\"url\":\"https:\/\/custom-parts.fr\/de\/\",\"name\":\"Custom-Parts.fr\",\"description\":\"Custom BMW MINI Ersatzteile & Zubeh\u00f6r\",\"publisher\":{\"@id\":\"https:\/\/custom-parts.fr\/de\/#organization\"},\"potentialAction\":[{\"@type\":\"SearchAction\",\"target\":{\"@type\":\"EntryPoint\",\"urlTemplate\":\"https:\/\/custom-parts.fr\/de\/?s={search_term_string}\"},\"query-input\":{\"@type\":\"PropertyValueSpecification\",\"valueRequired\":true,\"valueName\":\"search_term_string\"}}],\"inLanguage\":\"de\"},{\"@type\":\"Organization\",\"@id\":\"https:\/\/custom-parts.fr\/de\/#organization\",\"name\":\"Custom-Parts\",\"url\":\"https:\/\/custom-parts.fr\/de\/\",\"logo\":{\"@type\":\"ImageObject\",\"inLanguage\":\"de\",\"@id\":\"https:\/\/custom-parts.fr\/de\/#\/schema\/logo\/image\/\",\"url\":\"https:\/\/custom-parts.fr\/wp-content\/uploads\/2023\/01\/cropped-cropped-cropped-final-new-police-2-1-1.png\",\"contentUrl\":\"https:\/\/custom-parts.fr\/wp-content\/uploads\/2023\/01\/cropped-cropped-cropped-final-new-police-2-1-1.png\",\"width\":450,\"height\":125,\"caption\":\"Custom-Parts\"},\"image\":{\"@id\":\"https:\/\/custom-parts.fr\/de\/#\/schema\/logo\/image\/\"}}]}<\/script>\n<!-- \/ Yoast SEO plugin. -->","yoast_head_json":{"title":"Spiegelkappen f\u00fcr Volkswagen Golf 7, 7 R, GTI und MK7.5","description":"Die Spiegelkappen sind gl\u00e4nzend schwarz, im Carbon-Stil oder in gl\u00e4nzendem wei\u00dfen Original. F\u00fcr VW Golf MK7 und MK7.5. \u2713Golf 7, 7 R, GTI, GTD, 7.5, 7.5 R, 7.5 GTI.","robots":{"index":"index","follow":"follow","max-snippet":"max-snippet:-1","max-image-preview":"max-image-preview:large","max-video-preview":"max-video-preview:-1"},"canonical":"https:\/\/custom-parts.fr\/de\/produkt\/coques-de-retroviseurs-pour-volkswagen-golf-mk7-mk7-5-golf-7-r-golf-7-gti\/","og_locale":"de_DE","og_type":"article","og_title":"Spiegelkappen f\u00fcr Volkswagen Golf 7, 7 R, GTI und MK7.5","og_description":"Die Spiegelkappen sind gl\u00e4nzend schwarz, im Carbon-Stil oder in gl\u00e4nzendem wei\u00dfen Original. F\u00fcr VW Golf MK7 und MK7.5. \u2713Golf 7, 7 R, GTI, GTD, 7.5, 7.5 R, 7.5 GTI.","og_url":"https:\/\/custom-parts.fr\/de\/produkt\/coques-de-retroviseurs-pour-volkswagen-golf-mk7-mk7-5-golf-7-r-golf-7-gti\/","og_site_name":"Custom-Parts.fr","article_modified_time":"2026-03-28T12:15:34+00:00","og_image":[{"width":500,"height":500,"url":"https:\/\/custom-parts.fr\/wp-content\/uploads\/2025\/11\/Coques-de-Retroviseurs-pour-Volkswagen-Golf-MK7-MK7.5-Golf-7-R-Golf-7-GTI-8.jpg","type":"image\/jpeg"}],"twitter_card":"summary_large_image","twitter_misc":{"Gesch\u00e4tzte Lesezeit":"2\u00a0Minute"},"schema":{"@context":"https:\/\/schema.org","@graph":[{"@type":"WebPage","@id":"https:\/\/custom-parts.fr\/de\/produkt\/coques-de-retroviseurs-pour-volkswagen-golf-mk7-mk7-5-golf-7-r-golf-7-gti\/","url":"https:\/\/custom-parts.fr\/de\/produkt\/coques-de-retroviseurs-pour-volkswagen-golf-mk7-mk7-5-golf-7-r-golf-7-gti\/","name":"Spiegelkappen f\u00fcr Volkswagen Golf 7, 7 R, GTI und MK7.5","isPartOf":{"@id":"https:\/\/custom-parts.fr\/de\/#website"},"primaryImageOfPage":{"@id":"https:\/\/custom-parts.fr\/de\/produkt\/coques-de-retroviseurs-pour-volkswagen-golf-mk7-mk7-5-golf-7-r-golf-7-gti\/#primaryimage"},"image":{"@id":"https:\/\/custom-parts.fr\/de\/produkt\/coques-de-retroviseurs-pour-volkswagen-golf-mk7-mk7-5-golf-7-r-golf-7-gti\/#primaryimage"},"thumbnailUrl":"https:\/\/custom-parts.fr\/wp-content\/uploads\/2025\/11\/Coques-de-Retroviseurs-pour-Volkswagen-Golf-MK7-MK7.5-Golf-7-R-Golf-7-GTI-8.jpg","datePublished":"2025-11-15T13:56:28+00:00","dateModified":"2026-03-28T12:15:34+00:00","description":"Die Spiegelkappen sind gl\u00e4nzend schwarz, im Carbon-Stil oder in gl\u00e4nzendem wei\u00dfen Original. F\u00fcr VW Golf MK7 und MK7.5. \u2713Golf 7, 7 R, GTI, GTD, 7.5, 7.5 R, 7.5 GTI.","breadcrumb":{"@id":"https:\/\/custom-parts.fr\/de\/produkt\/coques-de-retroviseurs-pour-volkswagen-golf-mk7-mk7-5-golf-7-r-golf-7-gti\/#breadcrumb"},"inLanguage":"de","potentialAction":[{"@type":"ReadAction","target":["https:\/\/custom-parts.fr\/de\/produkt\/coques-de-retroviseurs-pour-volkswagen-golf-mk7-mk7-5-golf-7-r-golf-7-gti\/"]}]},{"@type":"ImageObject","inLanguage":"de","@id":"https:\/\/custom-parts.fr\/de\/produkt\/coques-de-retroviseurs-pour-volkswagen-golf-mk7-mk7-5-golf-7-r-golf-7-gti\/#primaryimage","url":"https:\/\/custom-parts.fr\/wp-content\/uploads\/2025\/11\/Coques-de-Retroviseurs-pour-Volkswagen-Golf-MK7-MK7.5-Golf-7-R-Golf-7-GTI-8.jpg","contentUrl":"https:\/\/custom-parts.fr\/wp-content\/uploads\/2025\/11\/Coques-de-Retroviseurs-pour-Volkswagen-Golf-MK7-MK7.5-Golf-7-R-Golf-7-GTI-8.jpg","width":500,"height":500},{"@type":"BreadcrumbList","@id":"https:\/\/custom-parts.fr\/de\/produkt\/coques-de-retroviseurs-pour-volkswagen-golf-mk7-mk7-5-golf-7-r-golf-7-gti\/#breadcrumb","itemListElement":[{"@type":"ListItem","position":1,"name":"Startseite","item":"https:\/\/custom-parts.fr\/de\/kaufen-sie-teile-und-zubehoer-fuer-mini-bmw-custom-parts-de\/"},{"@type":"ListItem","position":2,"name":"Shop","item":"https:\/\/custom-parts.fr\/de\/alle-produkte\/"},{"@type":"ListItem","position":3,"name":"Spiegelkappen f\u00fcr Volkswagen Golf MK7 &amp; MK7.5 &#8211; Golf 7 R &#8211; Golf 7 GTI"}]},{"@type":"WebSite","@id":"https:\/\/custom-parts.fr\/de\/#website","url":"https:\/\/custom-parts.fr\/de\/","name":"Custom-Parts.fr","description":"Custom BMW MINI Ersatzteile & Zubeh\u00f6r","publisher":{"@id":"https:\/\/custom-parts.fr\/de\/#organization"},"potentialAction":[{"@type":"SearchAction","target":{"@type":"EntryPoint","urlTemplate":"https:\/\/custom-parts.fr\/de\/?s={search_term_string}"},"query-input":{"@type":"PropertyValueSpecification","valueRequired":true,"valueName":"search_term_string"}}],"inLanguage":"de"},{"@type":"Organization","@id":"https:\/\/custom-parts.fr\/de\/#organization","name":"Custom-Parts","url":"https:\/\/custom-parts.fr\/de\/","logo":{"@type":"ImageObject","inLanguage":"de","@id":"https:\/\/custom-parts.fr\/de\/#\/schema\/logo\/image\/","url":"https:\/\/custom-parts.fr\/wp-content\/uploads\/2023\/01\/cropped-cropped-cropped-final-new-police-2-1-1.png","contentUrl":"https:\/\/custom-parts.fr\/wp-content\/uploads\/2023\/01\/cropped-cropped-cropped-final-new-police-2-1-1.png","width":450,"height":125,"caption":"Custom-Parts"},"image":{"@id":"https:\/\/custom-parts.fr\/de\/#\/schema\/logo\/image\/"}}]}},"_links":{"self":[{"href":"https:\/\/custom-parts.fr\/de\/wp-json\/wp\/v2\/product\/25359","targetHints":{"allow":["GET"]}}],"collection":[{"href":"https:\/\/custom-parts.fr\/de\/wp-json\/wp\/v2\/product"}],"about":[{"href":"https:\/\/custom-parts.fr\/de\/wp-json\/wp\/v2\/types\/product"}],"replies":[{"embeddable":true,"href":"https:\/\/custom-parts.fr\/de\/wp-json\/wp\/v2\/comments?post=25359"}],"wp:featuredmedia":[{"embeddable":true,"href":"https:\/\/custom-parts.fr\/de\/wp-json\/wp\/v2\/media\/25373"}],"wp:attachment":[{"href":"https:\/\/custom-parts.fr\/de\/wp-json\/wp\/v2\/media?parent=25359"}],"wp:term":[{"taxonomy":"product_brand","embeddable":true,"href":"https:\/\/custom-parts.fr\/de\/wp-json\/wp\/v2\/product_brand?post=25359"},{"taxonomy":"product_cat","embeddable":true,"href":"https:\/\/custom-parts.fr\/de\/wp-json\/wp\/v2\/product_cat?post=25359"},{"taxonomy":"product_tag","embeddable":true,"href":"https:\/\/custom-parts.fr\/de\/wp-json\/wp\/v2\/product_tag?post=25359"}],"curies":[{"name":"wp","href":"https:\/\/api.w.org\/{rel}","templated":true}]}}