{"id":25411,"date":"2025-11-16T17:23:15","date_gmt":"2025-11-16T16:23:15","guid":{"rendered":"https:\/\/custom-parts.fr\/?post_type=product&#038;p=25411"},"modified":"2026-03-29T13:41:42","modified_gmt":"2026-03-29T11:41:42","slug":"decorations-de-fenetres-laterales-volkswagen-golf-7","status":"publish","type":"product","link":"https:\/\/custom-parts.fr\/de\/produkt\/decorations-de-fenetres-laterales-volkswagen-golf-7\/","title":{"rendered":"Seitenscheibenblenden f\u00fcr Volkswagen Golf 7 2012-2020"},"content":{"rendered":"<p><strong>Seitenscheibenblenden f\u00fcr Volkswagen Golf 7 2012-2020<\/strong><\/p>\n<p>Verleihen Sie Ihrem Volkswagen Golf MK7 mit diesen ma\u00dfgefertigten Seitenscheibenblenden f\u00fcr alle Golf 7 der Jahre 2012 bis 2020 ein sportliches Aussehen.<\/p>\n<p>Ihr pr\u00e4zises Design f\u00fcgt sich nahtlos in die Seitenfenster ein und verleiht eine moderne \u00e4sthetische Note ohne jegliche \u00c4nderungen. Diese Dekorationen bestehen aus hochwertigem ABS-Kunststoff und sind widerstandsf\u00e4hig gegen schlechtes Wetter, Spritzer und Temperaturschwankungen und garantieren einen makellosen Halt \u00fcber die Zeit. <\/p>\n<p>Die Installation ist dank des doppelseitigen Autoklebers schnell und einfach. Sie sind in Glanzschwarz oder Carbon-Stil erh\u00e4ltlich und bringen Ihrem Golf eine echte sportliche Personalisierung. <\/p>\n<h2>Eigenschaften:<\/h2>\n<ul>\n<li>Enth\u00e4lt 2 x Seitenscheibenblenden f\u00fcr Golf 7 von 2012 bis 2020<\/li>\n<li>Einfache Befestigung mit doppelseitigem Automobilkleber<\/li>\n<li>Hochwertiger, schlagfester und wetterfester ABS-Kunststoff<\/li>\n<li>Verf\u00fcgbare Farben: Glanzschwarz, Carbon Style<\/li>\n<\/ul>\n<h2>Geeignet f\u00fcr :<\/h2>\n<ul>\n<li>Volkswagen MK7 &amp; MK7.5 (Golf 7, 7 R, GTI, GTD, GTE)<\/li>\n<li>2012, 2013, 2014, 2015, 2016, 2017, 2018, 2019, 2020<\/li>\n<\/ul>\n<p><img decoding=\"async\" class=\"alignnone size-full wp-image-25424 lazyload\" data-src=\"https:\/\/custom-parts.fr\/wp-content\/uploads\/2025\/11\/Decorations-fenetres-laterales-persiennes-golf-7-7.5-golf-7-r-golf-7-gti-6.jpg\" alt=\"\" width=\"500\" height=\"500\" data-srcset=\"https:\/\/custom-parts.fr\/wp-content\/uploads\/2025\/11\/Decorations-fenetres-laterales-persiennes-golf-7-7.5-golf-7-r-golf-7-gti-6.jpg 500w, https:\/\/custom-parts.fr\/wp-content\/uploads\/2025\/11\/Decorations-fenetres-laterales-persiennes-golf-7-7.5-golf-7-r-golf-7-gti-6-300x300.jpg 300w, https:\/\/custom-parts.fr\/wp-content\/uploads\/2025\/11\/Decorations-fenetres-laterales-persiennes-golf-7-7.5-golf-7-r-golf-7-gti-6-150x150.jpg 150w, https:\/\/custom-parts.fr\/wp-content\/uploads\/2025\/11\/Decorations-fenetres-laterales-persiennes-golf-7-7.5-golf-7-r-golf-7-gti-6-100x100.jpg 100w, https:\/\/custom-parts.fr\/wp-content\/uploads\/2025\/11\/Decorations-fenetres-laterales-persiennes-golf-7-7.5-golf-7-r-golf-7-gti-6-48x48.jpg 48w\" data-sizes=\"(max-width: 500px) 100vw, 500px\" src=\"data:image\/svg+xml;base64,PHN2ZyB3aWR0aD0iMSIgaGVpZ2h0PSIxIiB4bWxucz0iaHR0cDovL3d3dy53My5vcmcvMjAwMC9zdmciPjwvc3ZnPg==\" style=\"--smush-placeholder-width: 500px; --smush-placeholder-aspect-ratio: 500\/500;\" \/><\/p>\n<p><img decoding=\"async\" class=\"alignnone size-full wp-image-25416 lazyload\" data-src=\"https:\/\/custom-parts.fr\/wp-content\/uploads\/2025\/11\/Decorations-fenetres-laterales-persiennes-golf-7-7.5-golf-7-r-golf-7-gti-2.jpg\" alt=\"\" width=\"500\" height=\"500\" data-srcset=\"https:\/\/custom-parts.fr\/wp-content\/uploads\/2025\/11\/Decorations-fenetres-laterales-persiennes-golf-7-7.5-golf-7-r-golf-7-gti-2.jpg 500w, https:\/\/custom-parts.fr\/wp-content\/uploads\/2025\/11\/Decorations-fenetres-laterales-persiennes-golf-7-7.5-golf-7-r-golf-7-gti-2-300x300.jpg 300w, https:\/\/custom-parts.fr\/wp-content\/uploads\/2025\/11\/Decorations-fenetres-laterales-persiennes-golf-7-7.5-golf-7-r-golf-7-gti-2-150x150.jpg 150w, https:\/\/custom-parts.fr\/wp-content\/uploads\/2025\/11\/Decorations-fenetres-laterales-persiennes-golf-7-7.5-golf-7-r-golf-7-gti-2-100x100.jpg 100w, https:\/\/custom-parts.fr\/wp-content\/uploads\/2025\/11\/Decorations-fenetres-laterales-persiennes-golf-7-7.5-golf-7-r-golf-7-gti-2-48x48.jpg 48w\" data-sizes=\"(max-width: 500px) 100vw, 500px\" src=\"data:image\/svg+xml;base64,PHN2ZyB3aWR0aD0iMSIgaGVpZ2h0PSIxIiB4bWxucz0iaHR0cDovL3d3dy53My5vcmcvMjAwMC9zdmciPjwvc3ZnPg==\" style=\"--smush-placeholder-width: 500px; --smush-placeholder-aspect-ratio: 500\/500;\" \/><\/p>\n<p><img decoding=\"async\" class=\"alignnone size-full wp-image-25428 lazyload\" data-src=\"https:\/\/custom-parts.fr\/wp-content\/uploads\/2025\/11\/Decorations-fenetres-laterales-persiennes-golf-7-7.5-golf-7-r-golf-7-gti-8.jpg\" alt=\"\" width=\"500\" height=\"500\" data-srcset=\"https:\/\/custom-parts.fr\/wp-content\/uploads\/2025\/11\/Decorations-fenetres-laterales-persiennes-golf-7-7.5-golf-7-r-golf-7-gti-8.jpg 500w, https:\/\/custom-parts.fr\/wp-content\/uploads\/2025\/11\/Decorations-fenetres-laterales-persiennes-golf-7-7.5-golf-7-r-golf-7-gti-8-300x300.jpg 300w, https:\/\/custom-parts.fr\/wp-content\/uploads\/2025\/11\/Decorations-fenetres-laterales-persiennes-golf-7-7.5-golf-7-r-golf-7-gti-8-150x150.jpg 150w, https:\/\/custom-parts.fr\/wp-content\/uploads\/2025\/11\/Decorations-fenetres-laterales-persiennes-golf-7-7.5-golf-7-r-golf-7-gti-8-100x100.jpg 100w, https:\/\/custom-parts.fr\/wp-content\/uploads\/2025\/11\/Decorations-fenetres-laterales-persiennes-golf-7-7.5-golf-7-r-golf-7-gti-8-48x48.jpg 48w\" data-sizes=\"(max-width: 500px) 100vw, 500px\" src=\"data:image\/svg+xml;base64,PHN2ZyB3aWR0aD0iMSIgaGVpZ2h0PSIxIiB4bWxucz0iaHR0cDovL3d3dy53My5vcmcvMjAwMC9zdmciPjwvc3ZnPg==\" style=\"--smush-placeholder-width: 500px; --smush-placeholder-aspect-ratio: 500\/500;\" \/><\/p>\n<p><img decoding=\"async\" class=\"alignnone size-full wp-image-25422 lazyload\" data-src=\"https:\/\/custom-parts.fr\/wp-content\/uploads\/2025\/11\/Decorations-fenetres-laterales-persiennes-golf-7-7.5-golf-7-r-golf-7-gti-5.jpg\" alt=\"\" width=\"500\" height=\"500\" data-srcset=\"https:\/\/custom-parts.fr\/wp-content\/uploads\/2025\/11\/Decorations-fenetres-laterales-persiennes-golf-7-7.5-golf-7-r-golf-7-gti-5.jpg 500w, https:\/\/custom-parts.fr\/wp-content\/uploads\/2025\/11\/Decorations-fenetres-laterales-persiennes-golf-7-7.5-golf-7-r-golf-7-gti-5-300x300.jpg 300w, https:\/\/custom-parts.fr\/wp-content\/uploads\/2025\/11\/Decorations-fenetres-laterales-persiennes-golf-7-7.5-golf-7-r-golf-7-gti-5-150x150.jpg 150w, https:\/\/custom-parts.fr\/wp-content\/uploads\/2025\/11\/Decorations-fenetres-laterales-persiennes-golf-7-7.5-golf-7-r-golf-7-gti-5-100x100.jpg 100w, https:\/\/custom-parts.fr\/wp-content\/uploads\/2025\/11\/Decorations-fenetres-laterales-persiennes-golf-7-7.5-golf-7-r-golf-7-gti-5-48x48.jpg 48w\" data-sizes=\"(max-width: 500px) 100vw, 500px\" src=\"data:image\/svg+xml;base64,PHN2ZyB3aWR0aD0iMSIgaGVpZ2h0PSIxIiB4bWxucz0iaHR0cDovL3d3dy53My5vcmcvMjAwMC9zdmciPjwvc3ZnPg==\" style=\"--smush-placeholder-width: 500px; --smush-placeholder-aspect-ratio: 500\/500;\" \/><\/p>\n","protected":false},"excerpt":{"rendered":"<p>\u2713 Gestalten Sie Ihren Golf 7 ganz nach Ihrem Geschmack!<br \/>\n\u2713 Einfache Montage<br \/>\n<span style=\"color: #39991a; font-weight: 900;\">\u2713<\/span> Piano black oder Carbon-Look<\/p>\n","protected":false},"featured_media":25415,"comment_status":"open","ping_status":"closed","template":"","meta":[],"product_brand":[],"product_cat":[363],"product_tag":[],"class_list":{"0":"post-25411","1":"product","2":"type-product","3":"status-publish","4":"has-post-thumbnail","6":"product_cat-zubehoer-fuer-volkswagen-golf","8":"first","9":"instock","10":"taxable","11":"shipping-taxable","12":"purchasable","13":"product-type-variable"},"yoast_head":"<!-- This site is optimized with the Yoast SEO plugin v27.2 - https:\/\/yoast.com\/product\/yoast-seo-wordpress\/ -->\n<title>Seitenscheibenblenden f\u00fcr Volkswagen Golf 7 2012-2020<\/title>\n<meta name=\"description\" content=\"Verleihen Sie Ihrem Volkswagen Golf MK7 mit diesen ma\u00dfgefertigten Seitenscheibenblenden f\u00fcr alle Golf 7 der Jahre 2012 bis 2020 ein sportliches Aussehen.\" \/>\n<meta name=\"robots\" content=\"index, follow, max-snippet:-1, max-image-preview:large, max-video-preview:-1\" \/>\n<link rel=\"canonical\" href=\"https:\/\/custom-parts.fr\/de\/produkt\/decorations-de-fenetres-laterales-volkswagen-golf-7\/\" \/>\n<meta property=\"og:locale\" content=\"de_DE\" \/>\n<meta property=\"og:type\" content=\"article\" \/>\n<meta property=\"og:title\" content=\"Seitenscheibenblenden f\u00fcr Volkswagen Golf 7 2012-2020\" \/>\n<meta property=\"og:description\" content=\"Verleihen Sie Ihrem Volkswagen Golf MK7 mit diesen ma\u00dfgefertigten Seitenscheibenblenden f\u00fcr alle Golf 7 der Jahre 2012 bis 2020 ein sportliches Aussehen.\" \/>\n<meta property=\"og:url\" content=\"https:\/\/custom-parts.fr\/de\/produkt\/decorations-de-fenetres-laterales-volkswagen-golf-7\/\" \/>\n<meta property=\"og:site_name\" content=\"Custom-Parts.fr\" \/>\n<meta property=\"article:modified_time\" content=\"2026-03-29T11:41:42+00:00\" \/>\n<meta property=\"og:image\" content=\"https:\/\/custom-parts.fr\/wp-content\/uploads\/2025\/11\/Decorations-fenetres-laterales-persiennes-golf-7-7.5-golf-7-r-golf-7-gti-1.jpg\" \/>\n\t<meta property=\"og:image:width\" content=\"500\" \/>\n\t<meta property=\"og:image:height\" content=\"500\" \/>\n\t<meta property=\"og:image:type\" content=\"image\/jpeg\" \/>\n<meta name=\"twitter:card\" content=\"summary_large_image\" \/>\n<meta name=\"twitter:label1\" content=\"Gesch\u00e4tzte Lesezeit\" \/>\n\t<meta name=\"twitter:data1\" content=\"2\u00a0Minute\" \/>\n<script type=\"application\/ld+json\" class=\"yoast-schema-graph\">{\"@context\":\"https:\/\/schema.org\",\"@graph\":[{\"@type\":\"WebPage\",\"@id\":\"https:\/\/custom-parts.fr\/de\/produkt\/decorations-de-fenetres-laterales-volkswagen-golf-7\/\",\"url\":\"https:\/\/custom-parts.fr\/de\/produkt\/decorations-de-fenetres-laterales-volkswagen-golf-7\/\",\"name\":\"Seitenscheibenblenden f\u00fcr Volkswagen Golf 7 2012-2020\",\"isPartOf\":{\"@id\":\"https:\/\/custom-parts.fr\/de\/#website\"},\"primaryImageOfPage\":{\"@id\":\"https:\/\/custom-parts.fr\/de\/produkt\/decorations-de-fenetres-laterales-volkswagen-golf-7\/#primaryimage\"},\"image\":{\"@id\":\"https:\/\/custom-parts.fr\/de\/produkt\/decorations-de-fenetres-laterales-volkswagen-golf-7\/#primaryimage\"},\"thumbnailUrl\":\"https:\/\/custom-parts.fr\/wp-content\/uploads\/2025\/11\/Decorations-fenetres-laterales-persiennes-golf-7-7.5-golf-7-r-golf-7-gti-1.jpg\",\"datePublished\":\"2025-11-16T16:23:15+00:00\",\"dateModified\":\"2026-03-29T11:41:42+00:00\",\"description\":\"Verleihen Sie Ihrem Volkswagen Golf MK7 mit diesen ma\u00dfgefertigten Seitenscheibenblenden f\u00fcr alle Golf 7 der Jahre 2012 bis 2020 ein sportliches Aussehen.\",\"breadcrumb\":{\"@id\":\"https:\/\/custom-parts.fr\/de\/produkt\/decorations-de-fenetres-laterales-volkswagen-golf-7\/#breadcrumb\"},\"inLanguage\":\"de\",\"potentialAction\":[{\"@type\":\"ReadAction\",\"target\":[\"https:\/\/custom-parts.fr\/de\/produkt\/decorations-de-fenetres-laterales-volkswagen-golf-7\/\"]}]},{\"@type\":\"ImageObject\",\"inLanguage\":\"de\",\"@id\":\"https:\/\/custom-parts.fr\/de\/produkt\/decorations-de-fenetres-laterales-volkswagen-golf-7\/#primaryimage\",\"url\":\"https:\/\/custom-parts.fr\/wp-content\/uploads\/2025\/11\/Decorations-fenetres-laterales-persiennes-golf-7-7.5-golf-7-r-golf-7-gti-1.jpg\",\"contentUrl\":\"https:\/\/custom-parts.fr\/wp-content\/uploads\/2025\/11\/Decorations-fenetres-laterales-persiennes-golf-7-7.5-golf-7-r-golf-7-gti-1.jpg\",\"width\":500,\"height\":500},{\"@type\":\"BreadcrumbList\",\"@id\":\"https:\/\/custom-parts.fr\/de\/produkt\/decorations-de-fenetres-laterales-volkswagen-golf-7\/#breadcrumb\",\"itemListElement\":[{\"@type\":\"ListItem\",\"position\":1,\"name\":\"Startseite\",\"item\":\"https:\/\/custom-parts.fr\/de\/kaufen-sie-teile-und-zubehoer-fuer-mini-bmw-custom-parts-de\/\"},{\"@type\":\"ListItem\",\"position\":2,\"name\":\"Shop\",\"item\":\"https:\/\/custom-parts.fr\/de\/alle-produkte\/\"},{\"@type\":\"ListItem\",\"position\":3,\"name\":\"Seitenscheibenblenden f\u00fcr Volkswagen Golf 7 2012-2020\"}]},{\"@type\":\"WebSite\",\"@id\":\"https:\/\/custom-parts.fr\/de\/#website\",\"url\":\"https:\/\/custom-parts.fr\/de\/\",\"name\":\"Custom-Parts.fr\",\"description\":\"Custom BMW MINI Ersatzteile & Zubeh\u00f6r\",\"publisher\":{\"@id\":\"https:\/\/custom-parts.fr\/de\/#organization\"},\"potentialAction\":[{\"@type\":\"SearchAction\",\"target\":{\"@type\":\"EntryPoint\",\"urlTemplate\":\"https:\/\/custom-parts.fr\/de\/?s={search_term_string}\"},\"query-input\":{\"@type\":\"PropertyValueSpecification\",\"valueRequired\":true,\"valueName\":\"search_term_string\"}}],\"inLanguage\":\"de\"},{\"@type\":\"Organization\",\"@id\":\"https:\/\/custom-parts.fr\/de\/#organization\",\"name\":\"Custom-Parts\",\"url\":\"https:\/\/custom-parts.fr\/de\/\",\"logo\":{\"@type\":\"ImageObject\",\"inLanguage\":\"de\",\"@id\":\"https:\/\/custom-parts.fr\/de\/#\/schema\/logo\/image\/\",\"url\":\"https:\/\/custom-parts.fr\/wp-content\/uploads\/2023\/01\/cropped-cropped-cropped-final-new-police-2-1-1.png\",\"contentUrl\":\"https:\/\/custom-parts.fr\/wp-content\/uploads\/2023\/01\/cropped-cropped-cropped-final-new-police-2-1-1.png\",\"width\":450,\"height\":125,\"caption\":\"Custom-Parts\"},\"image\":{\"@id\":\"https:\/\/custom-parts.fr\/de\/#\/schema\/logo\/image\/\"}}]}<\/script>\n<!-- \/ Yoast SEO plugin. -->","yoast_head_json":{"title":"Seitenscheibenblenden f\u00fcr Volkswagen Golf 7 2012-2020","description":"Verleihen Sie Ihrem Volkswagen Golf MK7 mit diesen ma\u00dfgefertigten Seitenscheibenblenden f\u00fcr alle Golf 7 der Jahre 2012 bis 2020 ein sportliches Aussehen.","robots":{"index":"index","follow":"follow","max-snippet":"max-snippet:-1","max-image-preview":"max-image-preview:large","max-video-preview":"max-video-preview:-1"},"canonical":"https:\/\/custom-parts.fr\/de\/produkt\/decorations-de-fenetres-laterales-volkswagen-golf-7\/","og_locale":"de_DE","og_type":"article","og_title":"Seitenscheibenblenden f\u00fcr Volkswagen Golf 7 2012-2020","og_description":"Verleihen Sie Ihrem Volkswagen Golf MK7 mit diesen ma\u00dfgefertigten Seitenscheibenblenden f\u00fcr alle Golf 7 der Jahre 2012 bis 2020 ein sportliches Aussehen.","og_url":"https:\/\/custom-parts.fr\/de\/produkt\/decorations-de-fenetres-laterales-volkswagen-golf-7\/","og_site_name":"Custom-Parts.fr","article_modified_time":"2026-03-29T11:41:42+00:00","og_image":[{"width":500,"height":500,"url":"https:\/\/custom-parts.fr\/wp-content\/uploads\/2025\/11\/Decorations-fenetres-laterales-persiennes-golf-7-7.5-golf-7-r-golf-7-gti-1.jpg","type":"image\/jpeg"}],"twitter_card":"summary_large_image","twitter_misc":{"Gesch\u00e4tzte Lesezeit":"2\u00a0Minute"},"schema":{"@context":"https:\/\/schema.org","@graph":[{"@type":"WebPage","@id":"https:\/\/custom-parts.fr\/de\/produkt\/decorations-de-fenetres-laterales-volkswagen-golf-7\/","url":"https:\/\/custom-parts.fr\/de\/produkt\/decorations-de-fenetres-laterales-volkswagen-golf-7\/","name":"Seitenscheibenblenden f\u00fcr Volkswagen Golf 7 2012-2020","isPartOf":{"@id":"https:\/\/custom-parts.fr\/de\/#website"},"primaryImageOfPage":{"@id":"https:\/\/custom-parts.fr\/de\/produkt\/decorations-de-fenetres-laterales-volkswagen-golf-7\/#primaryimage"},"image":{"@id":"https:\/\/custom-parts.fr\/de\/produkt\/decorations-de-fenetres-laterales-volkswagen-golf-7\/#primaryimage"},"thumbnailUrl":"https:\/\/custom-parts.fr\/wp-content\/uploads\/2025\/11\/Decorations-fenetres-laterales-persiennes-golf-7-7.5-golf-7-r-golf-7-gti-1.jpg","datePublished":"2025-11-16T16:23:15+00:00","dateModified":"2026-03-29T11:41:42+00:00","description":"Verleihen Sie Ihrem Volkswagen Golf MK7 mit diesen ma\u00dfgefertigten Seitenscheibenblenden f\u00fcr alle Golf 7 der Jahre 2012 bis 2020 ein sportliches Aussehen.","breadcrumb":{"@id":"https:\/\/custom-parts.fr\/de\/produkt\/decorations-de-fenetres-laterales-volkswagen-golf-7\/#breadcrumb"},"inLanguage":"de","potentialAction":[{"@type":"ReadAction","target":["https:\/\/custom-parts.fr\/de\/produkt\/decorations-de-fenetres-laterales-volkswagen-golf-7\/"]}]},{"@type":"ImageObject","inLanguage":"de","@id":"https:\/\/custom-parts.fr\/de\/produkt\/decorations-de-fenetres-laterales-volkswagen-golf-7\/#primaryimage","url":"https:\/\/custom-parts.fr\/wp-content\/uploads\/2025\/11\/Decorations-fenetres-laterales-persiennes-golf-7-7.5-golf-7-r-golf-7-gti-1.jpg","contentUrl":"https:\/\/custom-parts.fr\/wp-content\/uploads\/2025\/11\/Decorations-fenetres-laterales-persiennes-golf-7-7.5-golf-7-r-golf-7-gti-1.jpg","width":500,"height":500},{"@type":"BreadcrumbList","@id":"https:\/\/custom-parts.fr\/de\/produkt\/decorations-de-fenetres-laterales-volkswagen-golf-7\/#breadcrumb","itemListElement":[{"@type":"ListItem","position":1,"name":"Startseite","item":"https:\/\/custom-parts.fr\/de\/kaufen-sie-teile-und-zubehoer-fuer-mini-bmw-custom-parts-de\/"},{"@type":"ListItem","position":2,"name":"Shop","item":"https:\/\/custom-parts.fr\/de\/alle-produkte\/"},{"@type":"ListItem","position":3,"name":"Seitenscheibenblenden f\u00fcr Volkswagen Golf 7 2012-2020"}]},{"@type":"WebSite","@id":"https:\/\/custom-parts.fr\/de\/#website","url":"https:\/\/custom-parts.fr\/de\/","name":"Custom-Parts.fr","description":"Custom BMW MINI Ersatzteile & Zubeh\u00f6r","publisher":{"@id":"https:\/\/custom-parts.fr\/de\/#organization"},"potentialAction":[{"@type":"SearchAction","target":{"@type":"EntryPoint","urlTemplate":"https:\/\/custom-parts.fr\/de\/?s={search_term_string}"},"query-input":{"@type":"PropertyValueSpecification","valueRequired":true,"valueName":"search_term_string"}}],"inLanguage":"de"},{"@type":"Organization","@id":"https:\/\/custom-parts.fr\/de\/#organization","name":"Custom-Parts","url":"https:\/\/custom-parts.fr\/de\/","logo":{"@type":"ImageObject","inLanguage":"de","@id":"https:\/\/custom-parts.fr\/de\/#\/schema\/logo\/image\/","url":"https:\/\/custom-parts.fr\/wp-content\/uploads\/2023\/01\/cropped-cropped-cropped-final-new-police-2-1-1.png","contentUrl":"https:\/\/custom-parts.fr\/wp-content\/uploads\/2023\/01\/cropped-cropped-cropped-final-new-police-2-1-1.png","width":450,"height":125,"caption":"Custom-Parts"},"image":{"@id":"https:\/\/custom-parts.fr\/de\/#\/schema\/logo\/image\/"}}]}},"_links":{"self":[{"href":"https:\/\/custom-parts.fr\/de\/wp-json\/wp\/v2\/product\/25411","targetHints":{"allow":["GET"]}}],"collection":[{"href":"https:\/\/custom-parts.fr\/de\/wp-json\/wp\/v2\/product"}],"about":[{"href":"https:\/\/custom-parts.fr\/de\/wp-json\/wp\/v2\/types\/product"}],"replies":[{"embeddable":true,"href":"https:\/\/custom-parts.fr\/de\/wp-json\/wp\/v2\/comments?post=25411"}],"wp:featuredmedia":[{"embeddable":true,"href":"https:\/\/custom-parts.fr\/de\/wp-json\/wp\/v2\/media\/25415"}],"wp:attachment":[{"href":"https:\/\/custom-parts.fr\/de\/wp-json\/wp\/v2\/media?parent=25411"}],"wp:term":[{"taxonomy":"product_brand","embeddable":true,"href":"https:\/\/custom-parts.fr\/de\/wp-json\/wp\/v2\/product_brand?post=25411"},{"taxonomy":"product_cat","embeddable":true,"href":"https:\/\/custom-parts.fr\/de\/wp-json\/wp\/v2\/product_cat?post=25411"},{"taxonomy":"product_tag","embeddable":true,"href":"https:\/\/custom-parts.fr\/de\/wp-json\/wp\/v2\/product_tag?post=25411"}],"curies":[{"name":"wp","href":"https:\/\/api.w.org\/{rel}","templated":true}]}}