{"id":25586,"date":"2026-02-14T16:37:56","date_gmt":"2026-02-14T15:37:56","guid":{"rendered":"https:\/\/custom-parts.fr\/?post_type=product&#038;p=25586"},"modified":"2026-03-28T14:02:42","modified_gmt":"2026-03-28T13:02:42","slug":"schwarze-turgriffabdeckungen-fur-mini-cooper-f56-f57-copie-copie-copie","status":"publish","type":"product","link":"https:\/\/custom-parts.fr\/de\/produkt\/schwarze-turgriffabdeckungen-fur-mini-cooper-f56-f57-copie-copie-copie\/","title":{"rendered":"Carbon Mittelkonsolenausstattung f\u00fcr MINI Cooper F66, F65 und F67"},"content":{"rendered":"<p><strong>Carbon Mittelkonsolenausstattung f\u00fcr MINI Cooper F66, F65 und F67<\/strong><\/p>\n<p>Die Dekoration der Mittelkonsole besteht aus echtem starrem Kohlefaser. Das Design dieses ma\u00dfgefertigten Teils bietet eine perfekte \u00dcberlappung mit der originalen Mittelkonsole und eine visuelle Darstellung, die mit einem Werksteil identisch ist. <\/p>\n<p>Die Zierleiste wird direkt \u00fcber einen vorinstallierten, doppelseitigen Autokleber an der Mittelkonsole befestigt. Wir empfehlen, den Kleber leicht mit einem F\u00f6hn zu erhitzen, um die Haftung zu maximieren und eine ausgezeichnete Haltbarkeit zu gew\u00e4hrleisten. Falls n\u00f6tig, k\u00f6nnen die Teile entfernt werden, ohne Schaden zu verursachen, indem der Kleber erneut erhitzt wird.  <\/p>\n<h2>Geeignet f\u00fcr :<\/h2>\n<ul>\n<li>MINI Cooper, Cooper S, JCW 3 T\u00fcren F66 (Gen. 4) &#8211; 2024, 2025, 2026<\/li>\n<li>MINI Cooper, Cooper S, JCW 5 T\u00fcren F65 (Gen. 4) &#8211; 2024, 2025, 2026<\/li>\n<li>MINI Cooper, Cooper S, JCW cabriolet F67 (Gen. 4) &#8211; 2024, 2025, 2026<\/li>\n<li>Nicht geeignet f\u00fcr die 3. Generation von MINI, produziert von 2014 bis 2024<\/li>\n<\/ul>\n<p>&nbsp;<\/p>\n","protected":false},"excerpt":{"rendered":"<p>\u2713 Passe deinen Mini nach deinem Geschmack an!<br \/>\n\u2713 Einfach zu installieren und zu ersetzen<br \/>\n\u2713 Perfekte Passform auf Ihrem Originalteil<\/p>\n","protected":false},"featured_media":25591,"comment_status":"open","ping_status":"closed","template":"","meta":[],"product_brand":[],"product_cat":[191,381,380],"product_tag":[],"class_list":{"0":"post-25586","1":"product","2":"type-product","3":"status-publish","4":"has-post-thumbnail","6":"product_cat-mini-cooper-ersatzteile-zubehoer","7":"product_cat-interieur-zubehoer-fur-mini-cooper-4-generation-f66-f65-f67-u25-j01-j05","8":"product_cat-zubehor-fur-mini-cooper-4-generation-f66-f65-f67-u25-j01-j05","10":"first","11":"instock","12":"taxable","13":"shipping-taxable","14":"purchasable","15":"product-type-simple"},"yoast_head":"<!-- This site is optimized with the Yoast SEO plugin v27.2 - https:\/\/yoast.com\/product\/yoast-seo-wordpress\/ -->\n<title>Carbon Mittelkonsolenausstattung f\u00fcr MINI Cooper F66, F65 und F67<\/title>\n<meta name=\"description\" content=\"Carbon Mittelkonsolenausstattung f\u00fcr MINI Cooper F66, F65 und F67. Alle Ihre BMW MINI-Zubeh\u00f6rteile sind Custom-Parts.fr!\" \/>\n<meta name=\"robots\" content=\"index, follow, max-snippet:-1, max-image-preview:large, max-video-preview:-1\" \/>\n<link rel=\"canonical\" href=\"https:\/\/custom-parts.fr\/de\/produkt\/schwarze-turgriffabdeckungen-fur-mini-cooper-f56-f57-copie-copie-copie\/\" \/>\n<meta property=\"og:locale\" content=\"de_DE\" \/>\n<meta property=\"og:type\" content=\"article\" \/>\n<meta property=\"og:title\" content=\"Carbon Mittelkonsolenausstattung f\u00fcr MINI Cooper F66, F65 und F67\" \/>\n<meta property=\"og:description\" content=\"Carbon Mittelkonsolenausstattung f\u00fcr MINI Cooper F66, F65 und F67. Alle Ihre BMW MINI-Zubeh\u00f6rteile sind Custom-Parts.fr!\" \/>\n<meta property=\"og:url\" content=\"https:\/\/custom-parts.fr\/de\/produkt\/schwarze-turgriffabdeckungen-fur-mini-cooper-f56-f57-copie-copie-copie\/\" \/>\n<meta property=\"og:site_name\" content=\"Custom-Parts.fr\" \/>\n<meta property=\"article:modified_time\" content=\"2026-03-28T13:02:42+00:00\" \/>\n<meta property=\"og:image\" content=\"https:\/\/custom-parts.fr\/wp-content\/uploads\/2026\/02\/Nouveau-projet-8.jpg\" \/>\n\t<meta property=\"og:image:width\" content=\"600\" \/>\n\t<meta property=\"og:image:height\" content=\"600\" \/>\n\t<meta property=\"og:image:type\" content=\"image\/jpeg\" \/>\n<meta name=\"twitter:card\" content=\"summary_large_image\" \/>\n<meta name=\"twitter:label1\" content=\"Gesch\u00e4tzte Lesezeit\" \/>\n\t<meta name=\"twitter:data1\" content=\"2\u00a0Minute\" \/>\n<script type=\"application\/ld+json\" class=\"yoast-schema-graph\">{\"@context\":\"https:\/\/schema.org\",\"@graph\":[{\"@type\":\"WebPage\",\"@id\":\"https:\/\/custom-parts.fr\/de\/produkt\/schwarze-turgriffabdeckungen-fur-mini-cooper-f56-f57-copie-copie-copie\/\",\"url\":\"https:\/\/custom-parts.fr\/de\/produkt\/schwarze-turgriffabdeckungen-fur-mini-cooper-f56-f57-copie-copie-copie\/\",\"name\":\"Carbon Mittelkonsolenausstattung f\u00fcr MINI Cooper F66, F65 und F67\",\"isPartOf\":{\"@id\":\"https:\/\/custom-parts.fr\/de\/#website\"},\"primaryImageOfPage\":{\"@id\":\"https:\/\/custom-parts.fr\/de\/produkt\/schwarze-turgriffabdeckungen-fur-mini-cooper-f56-f57-copie-copie-copie\/#primaryimage\"},\"image\":{\"@id\":\"https:\/\/custom-parts.fr\/de\/produkt\/schwarze-turgriffabdeckungen-fur-mini-cooper-f56-f57-copie-copie-copie\/#primaryimage\"},\"thumbnailUrl\":\"https:\/\/custom-parts.fr\/wp-content\/uploads\/2026\/02\/Nouveau-projet-8.jpg\",\"datePublished\":\"2026-02-14T15:37:56+00:00\",\"dateModified\":\"2026-03-28T13:02:42+00:00\",\"description\":\"Carbon Mittelkonsolenausstattung f\u00fcr MINI Cooper F66, F65 und F67. Alle Ihre BMW MINI-Zubeh\u00f6rteile sind Custom-Parts.fr!\",\"breadcrumb\":{\"@id\":\"https:\/\/custom-parts.fr\/de\/produkt\/schwarze-turgriffabdeckungen-fur-mini-cooper-f56-f57-copie-copie-copie\/#breadcrumb\"},\"inLanguage\":\"de\",\"potentialAction\":[{\"@type\":\"ReadAction\",\"target\":[\"https:\/\/custom-parts.fr\/de\/produkt\/schwarze-turgriffabdeckungen-fur-mini-cooper-f56-f57-copie-copie-copie\/\"]}]},{\"@type\":\"ImageObject\",\"inLanguage\":\"de\",\"@id\":\"https:\/\/custom-parts.fr\/de\/produkt\/schwarze-turgriffabdeckungen-fur-mini-cooper-f56-f57-copie-copie-copie\/#primaryimage\",\"url\":\"https:\/\/custom-parts.fr\/wp-content\/uploads\/2026\/02\/Nouveau-projet-8.jpg\",\"contentUrl\":\"https:\/\/custom-parts.fr\/wp-content\/uploads\/2026\/02\/Nouveau-projet-8.jpg\",\"width\":600,\"height\":600},{\"@type\":\"BreadcrumbList\",\"@id\":\"https:\/\/custom-parts.fr\/de\/produkt\/schwarze-turgriffabdeckungen-fur-mini-cooper-f56-f57-copie-copie-copie\/#breadcrumb\",\"itemListElement\":[{\"@type\":\"ListItem\",\"position\":1,\"name\":\"Startseite\",\"item\":\"https:\/\/custom-parts.fr\/de\/kaufen-sie-teile-und-zubehoer-fuer-mini-bmw-custom-parts-de\/\"},{\"@type\":\"ListItem\",\"position\":2,\"name\":\"Shop\",\"item\":\"https:\/\/custom-parts.fr\/de\/alle-produkte\/\"},{\"@type\":\"ListItem\",\"position\":3,\"name\":\"Carbon Mittelkonsolenausstattung f\u00fcr MINI Cooper F66, F65 und F67\"}]},{\"@type\":\"WebSite\",\"@id\":\"https:\/\/custom-parts.fr\/de\/#website\",\"url\":\"https:\/\/custom-parts.fr\/de\/\",\"name\":\"Custom-Parts.fr\",\"description\":\"Custom BMW MINI Ersatzteile & Zubeh\u00f6r\",\"publisher\":{\"@id\":\"https:\/\/custom-parts.fr\/de\/#organization\"},\"potentialAction\":[{\"@type\":\"SearchAction\",\"target\":{\"@type\":\"EntryPoint\",\"urlTemplate\":\"https:\/\/custom-parts.fr\/de\/?s={search_term_string}\"},\"query-input\":{\"@type\":\"PropertyValueSpecification\",\"valueRequired\":true,\"valueName\":\"search_term_string\"}}],\"inLanguage\":\"de\"},{\"@type\":\"Organization\",\"@id\":\"https:\/\/custom-parts.fr\/de\/#organization\",\"name\":\"Custom-Parts\",\"url\":\"https:\/\/custom-parts.fr\/de\/\",\"logo\":{\"@type\":\"ImageObject\",\"inLanguage\":\"de\",\"@id\":\"https:\/\/custom-parts.fr\/de\/#\/schema\/logo\/image\/\",\"url\":\"https:\/\/custom-parts.fr\/wp-content\/uploads\/2023\/01\/cropped-cropped-cropped-final-new-police-2-1-1.png\",\"contentUrl\":\"https:\/\/custom-parts.fr\/wp-content\/uploads\/2023\/01\/cropped-cropped-cropped-final-new-police-2-1-1.png\",\"width\":450,\"height\":125,\"caption\":\"Custom-Parts\"},\"image\":{\"@id\":\"https:\/\/custom-parts.fr\/de\/#\/schema\/logo\/image\/\"}}]}<\/script>\n<!-- \/ Yoast SEO plugin. -->","yoast_head_json":{"title":"Carbon Mittelkonsolenausstattung f\u00fcr MINI Cooper F66, F65 und F67","description":"Carbon Mittelkonsolenausstattung f\u00fcr MINI Cooper F66, F65 und F67. Alle Ihre BMW MINI-Zubeh\u00f6rteile sind Custom-Parts.fr!","robots":{"index":"index","follow":"follow","max-snippet":"max-snippet:-1","max-image-preview":"max-image-preview:large","max-video-preview":"max-video-preview:-1"},"canonical":"https:\/\/custom-parts.fr\/de\/produkt\/schwarze-turgriffabdeckungen-fur-mini-cooper-f56-f57-copie-copie-copie\/","og_locale":"de_DE","og_type":"article","og_title":"Carbon Mittelkonsolenausstattung f\u00fcr MINI Cooper F66, F65 und F67","og_description":"Carbon Mittelkonsolenausstattung f\u00fcr MINI Cooper F66, F65 und F67. Alle Ihre BMW MINI-Zubeh\u00f6rteile sind Custom-Parts.fr!","og_url":"https:\/\/custom-parts.fr\/de\/produkt\/schwarze-turgriffabdeckungen-fur-mini-cooper-f56-f57-copie-copie-copie\/","og_site_name":"Custom-Parts.fr","article_modified_time":"2026-03-28T13:02:42+00:00","og_image":[{"width":600,"height":600,"url":"https:\/\/custom-parts.fr\/wp-content\/uploads\/2026\/02\/Nouveau-projet-8.jpg","type":"image\/jpeg"}],"twitter_card":"summary_large_image","twitter_misc":{"Gesch\u00e4tzte Lesezeit":"2\u00a0Minute"},"schema":{"@context":"https:\/\/schema.org","@graph":[{"@type":"WebPage","@id":"https:\/\/custom-parts.fr\/de\/produkt\/schwarze-turgriffabdeckungen-fur-mini-cooper-f56-f57-copie-copie-copie\/","url":"https:\/\/custom-parts.fr\/de\/produkt\/schwarze-turgriffabdeckungen-fur-mini-cooper-f56-f57-copie-copie-copie\/","name":"Carbon Mittelkonsolenausstattung f\u00fcr MINI Cooper F66, F65 und F67","isPartOf":{"@id":"https:\/\/custom-parts.fr\/de\/#website"},"primaryImageOfPage":{"@id":"https:\/\/custom-parts.fr\/de\/produkt\/schwarze-turgriffabdeckungen-fur-mini-cooper-f56-f57-copie-copie-copie\/#primaryimage"},"image":{"@id":"https:\/\/custom-parts.fr\/de\/produkt\/schwarze-turgriffabdeckungen-fur-mini-cooper-f56-f57-copie-copie-copie\/#primaryimage"},"thumbnailUrl":"https:\/\/custom-parts.fr\/wp-content\/uploads\/2026\/02\/Nouveau-projet-8.jpg","datePublished":"2026-02-14T15:37:56+00:00","dateModified":"2026-03-28T13:02:42+00:00","description":"Carbon Mittelkonsolenausstattung f\u00fcr MINI Cooper F66, F65 und F67. Alle Ihre BMW MINI-Zubeh\u00f6rteile sind Custom-Parts.fr!","breadcrumb":{"@id":"https:\/\/custom-parts.fr\/de\/produkt\/schwarze-turgriffabdeckungen-fur-mini-cooper-f56-f57-copie-copie-copie\/#breadcrumb"},"inLanguage":"de","potentialAction":[{"@type":"ReadAction","target":["https:\/\/custom-parts.fr\/de\/produkt\/schwarze-turgriffabdeckungen-fur-mini-cooper-f56-f57-copie-copie-copie\/"]}]},{"@type":"ImageObject","inLanguage":"de","@id":"https:\/\/custom-parts.fr\/de\/produkt\/schwarze-turgriffabdeckungen-fur-mini-cooper-f56-f57-copie-copie-copie\/#primaryimage","url":"https:\/\/custom-parts.fr\/wp-content\/uploads\/2026\/02\/Nouveau-projet-8.jpg","contentUrl":"https:\/\/custom-parts.fr\/wp-content\/uploads\/2026\/02\/Nouveau-projet-8.jpg","width":600,"height":600},{"@type":"BreadcrumbList","@id":"https:\/\/custom-parts.fr\/de\/produkt\/schwarze-turgriffabdeckungen-fur-mini-cooper-f56-f57-copie-copie-copie\/#breadcrumb","itemListElement":[{"@type":"ListItem","position":1,"name":"Startseite","item":"https:\/\/custom-parts.fr\/de\/kaufen-sie-teile-und-zubehoer-fuer-mini-bmw-custom-parts-de\/"},{"@type":"ListItem","position":2,"name":"Shop","item":"https:\/\/custom-parts.fr\/de\/alle-produkte\/"},{"@type":"ListItem","position":3,"name":"Carbon Mittelkonsolenausstattung f\u00fcr MINI Cooper F66, F65 und F67"}]},{"@type":"WebSite","@id":"https:\/\/custom-parts.fr\/de\/#website","url":"https:\/\/custom-parts.fr\/de\/","name":"Custom-Parts.fr","description":"Custom BMW MINI Ersatzteile & Zubeh\u00f6r","publisher":{"@id":"https:\/\/custom-parts.fr\/de\/#organization"},"potentialAction":[{"@type":"SearchAction","target":{"@type":"EntryPoint","urlTemplate":"https:\/\/custom-parts.fr\/de\/?s={search_term_string}"},"query-input":{"@type":"PropertyValueSpecification","valueRequired":true,"valueName":"search_term_string"}}],"inLanguage":"de"},{"@type":"Organization","@id":"https:\/\/custom-parts.fr\/de\/#organization","name":"Custom-Parts","url":"https:\/\/custom-parts.fr\/de\/","logo":{"@type":"ImageObject","inLanguage":"de","@id":"https:\/\/custom-parts.fr\/de\/#\/schema\/logo\/image\/","url":"https:\/\/custom-parts.fr\/wp-content\/uploads\/2023\/01\/cropped-cropped-cropped-final-new-police-2-1-1.png","contentUrl":"https:\/\/custom-parts.fr\/wp-content\/uploads\/2023\/01\/cropped-cropped-cropped-final-new-police-2-1-1.png","width":450,"height":125,"caption":"Custom-Parts"},"image":{"@id":"https:\/\/custom-parts.fr\/de\/#\/schema\/logo\/image\/"}}]}},"_links":{"self":[{"href":"https:\/\/custom-parts.fr\/de\/wp-json\/wp\/v2\/product\/25586","targetHints":{"allow":["GET"]}}],"collection":[{"href":"https:\/\/custom-parts.fr\/de\/wp-json\/wp\/v2\/product"}],"about":[{"href":"https:\/\/custom-parts.fr\/de\/wp-json\/wp\/v2\/types\/product"}],"replies":[{"embeddable":true,"href":"https:\/\/custom-parts.fr\/de\/wp-json\/wp\/v2\/comments?post=25586"}],"wp:featuredmedia":[{"embeddable":true,"href":"https:\/\/custom-parts.fr\/de\/wp-json\/wp\/v2\/media\/25591"}],"wp:attachment":[{"href":"https:\/\/custom-parts.fr\/de\/wp-json\/wp\/v2\/media?parent=25586"}],"wp:term":[{"taxonomy":"product_brand","embeddable":true,"href":"https:\/\/custom-parts.fr\/de\/wp-json\/wp\/v2\/product_brand?post=25586"},{"taxonomy":"product_cat","embeddable":true,"href":"https:\/\/custom-parts.fr\/de\/wp-json\/wp\/v2\/product_cat?post=25586"},{"taxonomy":"product_tag","embeddable":true,"href":"https:\/\/custom-parts.fr\/de\/wp-json\/wp\/v2\/product_tag?post=25586"}],"curies":[{"name":"wp","href":"https:\/\/api.w.org\/{rel}","templated":true}]}}