{"id":25632,"date":"2026-02-14T21:36:28","date_gmt":"2026-02-14T20:36:28","guid":{"rendered":"https:\/\/custom-parts.fr\/?post_type=product&#038;p=25632"},"modified":"2026-03-28T18:11:36","modified_gmt":"2026-03-28T17:11:36","slug":"schwarze-turgriffabdeckungen-fur-mini-cooper-f56-f57-copie-copie-copie-2","status":"publish","type":"product","link":"https:\/\/custom-parts.fr\/de\/produkt\/schwarze-turgriffabdeckungen-fur-mini-cooper-f56-f57-copie-copie-copie-2\/","title":{"rendered":"T\u00fcrgriffabdeckungen f\u00fcr Mini Cooper F65 5-t\u00fcrige \u2013 Carbon-Look"},"content":{"rendered":"<p><strong>Carbon-Look T\u00fcrgriffabdeckungen f\u00fcr Mini Cooper 5-T\u00fcren von 2024 bis heute (Cooper, Cooper S, JCW).<\/strong><\/p>\n<p>Veredeln Sie das Erscheinungsbild Ihres MINI mit unseren T\u00fcrgriffabdeckungen im Carbon-Look, exklusiv entwickelt f\u00fcr die neue Generation des MINI 5-T\u00fcrers (MINI F65) erh\u00e4ltlich ab 2024.<\/p>\n<p>Veredeln Sie das Erscheinungsbild Ihres MINI mit unseren T\u00fcrgriffabdeckungen im Carbon-Look, exklusiv entwickelt f\u00fcr die neue Generation des MINI 3-T\u00fcrers (MINI F66) und des MINI Cabriolets (F67), erh\u00e4ltlich ab 2024. <\/p>\n<p>Wenn Sie die Verlegung bei k\u00fchlem Wetter vornehmen, empfehlen wir Ihnen, die Klebefolie mit einem F\u00f6hn leicht zu erw\u00e4rmen, um die sofortige Haftung zu maximieren.<\/p>\n<p><strong>Unser Set ist in drei Ausf\u00fchrungen erh\u00e4ltlich:<\/strong><\/p>\n<ul>\n<li>Ohne Komfort-System: f\u00fcr T\u00fcrgriffe, die nicht mit dem Komfort-System (schl\u00fcssellose automatische Entriegelung) ausgestattet sind<\/li>\n<li>Mit Komfortsystem: f\u00fcr T\u00fcrgriffe, die mit dem Komfortsystem ausgestattet sind<\/li>\n<li>Set mit Komfortsystem + T\u00fcrschutz<\/li>\n<\/ul>\n<h2>Geeignet f\u00fcr :<\/h2>\n<ul>\n<li>MINI Cooper, Cooper S et JCW F65 5-t\u00fcrige 4. Gen (F65) &#8211; 2024, 2025, 2026<\/li>\n<li>Nicht geeignet f\u00fcr die 3. Generation von MINI, produziert von 2014 bis 2024<\/li>\n<\/ul>\n","protected":false},"excerpt":{"rendered":"<p>\u2713 Passe deinen Mini nach deinem Geschmack an!<br \/>\n\u2713 Einfach zu installieren und zu ersetzen<br \/>\n\u2713 Perfekte Passform auf Ihrem Originalteil<\/p>\n","protected":false},"featured_media":25640,"comment_status":"open","ping_status":"closed","template":"","meta":[],"product_brand":[],"product_cat":[191,383,380],"product_tag":[],"class_list":{"0":"post-25632","1":"product","2":"type-product","3":"status-publish","4":"has-post-thumbnail","6":"product_cat-mini-cooper-ersatzteile-zubehoer","7":"product_cat-exterieur-zubehor-fur-mini-f65-f66-f67-u25-j01-und-j05","8":"product_cat-zubehor-fur-mini-cooper-4-generation-f66-f65-f67-u25-j01-j05","10":"first","11":"instock","12":"taxable","13":"shipping-taxable","14":"purchasable","15":"product-type-variable"},"yoast_head":"<!-- This site is optimized with the Yoast SEO plugin v27.2 - https:\/\/yoast.com\/product\/yoast-seo-wordpress\/ -->\n<title>T\u00fcrgriffabdeckungen f\u00fcr Mini Cooper F65 5-t\u00fcrige \u2013 Carbon-Look<\/title>\n<meta name=\"description\" content=\"Carbon-Look T\u00fcrgriffabdeckungen f\u00fcr Mini Cooper 5-T\u00fcren F65 ab 2024. Alle Ihre BMW MINI-Zubeh\u00f6rteile sind Custom-Parts.fr!\" \/>\n<meta name=\"robots\" content=\"index, follow, max-snippet:-1, max-image-preview:large, max-video-preview:-1\" \/>\n<link rel=\"canonical\" href=\"https:\/\/custom-parts.fr\/de\/produkt\/schwarze-turgriffabdeckungen-fur-mini-cooper-f56-f57-copie-copie-copie-2\/\" \/>\n<meta property=\"og:locale\" content=\"de_DE\" \/>\n<meta property=\"og:type\" content=\"article\" \/>\n<meta property=\"og:title\" content=\"T\u00fcrgriffabdeckungen f\u00fcr Mini Cooper F65 5-t\u00fcrige \u2013 Carbon-Look\" \/>\n<meta property=\"og:description\" content=\"Carbon-Look T\u00fcrgriffabdeckungen f\u00fcr Mini Cooper 5-T\u00fcren F65 ab 2024. Alle Ihre BMW MINI-Zubeh\u00f6rteile sind Custom-Parts.fr!\" \/>\n<meta property=\"og:url\" content=\"https:\/\/custom-parts.fr\/de\/produkt\/schwarze-turgriffabdeckungen-fur-mini-cooper-f56-f57-copie-copie-copie-2\/\" \/>\n<meta property=\"og:site_name\" content=\"Custom-Parts.fr\" \/>\n<meta property=\"article:modified_time\" content=\"2026-03-28T17:11:36+00:00\" \/>\n<meta property=\"og:image\" content=\"https:\/\/custom-parts.fr\/wp-content\/uploads\/2026\/02\/Caches-poignees-de-portes-pour-MINI-Cooper-5-portes-F65-Style-Carbon.jpg\" \/>\n\t<meta property=\"og:image:width\" content=\"500\" \/>\n\t<meta property=\"og:image:height\" content=\"500\" \/>\n\t<meta property=\"og:image:type\" content=\"image\/jpeg\" \/>\n<meta name=\"twitter:card\" content=\"summary_large_image\" \/>\n<meta name=\"twitter:label1\" content=\"Gesch\u00e4tzte Lesezeit\" \/>\n\t<meta name=\"twitter:data1\" content=\"2\u00a0Minute\" \/>\n<script type=\"application\/ld+json\" class=\"yoast-schema-graph\">{\"@context\":\"https:\/\/schema.org\",\"@graph\":[{\"@type\":\"WebPage\",\"@id\":\"https:\/\/custom-parts.fr\/de\/produkt\/schwarze-turgriffabdeckungen-fur-mini-cooper-f56-f57-copie-copie-copie-2\/\",\"url\":\"https:\/\/custom-parts.fr\/de\/produkt\/schwarze-turgriffabdeckungen-fur-mini-cooper-f56-f57-copie-copie-copie-2\/\",\"name\":\"T\u00fcrgriffabdeckungen f\u00fcr Mini Cooper F65 5-t\u00fcrige \u2013 Carbon-Look\",\"isPartOf\":{\"@id\":\"https:\/\/custom-parts.fr\/de\/#website\"},\"primaryImageOfPage\":{\"@id\":\"https:\/\/custom-parts.fr\/de\/produkt\/schwarze-turgriffabdeckungen-fur-mini-cooper-f56-f57-copie-copie-copie-2\/#primaryimage\"},\"image\":{\"@id\":\"https:\/\/custom-parts.fr\/de\/produkt\/schwarze-turgriffabdeckungen-fur-mini-cooper-f56-f57-copie-copie-copie-2\/#primaryimage\"},\"thumbnailUrl\":\"https:\/\/custom-parts.fr\/wp-content\/uploads\/2026\/02\/Caches-poignees-de-portes-pour-MINI-Cooper-5-portes-F65-Style-Carbon.jpg\",\"datePublished\":\"2026-02-14T20:36:28+00:00\",\"dateModified\":\"2026-03-28T17:11:36+00:00\",\"description\":\"Carbon-Look T\u00fcrgriffabdeckungen f\u00fcr Mini Cooper 5-T\u00fcren F65 ab 2024. Alle Ihre BMW MINI-Zubeh\u00f6rteile sind Custom-Parts.fr!\",\"breadcrumb\":{\"@id\":\"https:\/\/custom-parts.fr\/de\/produkt\/schwarze-turgriffabdeckungen-fur-mini-cooper-f56-f57-copie-copie-copie-2\/#breadcrumb\"},\"inLanguage\":\"de\",\"potentialAction\":[{\"@type\":\"ReadAction\",\"target\":[\"https:\/\/custom-parts.fr\/de\/produkt\/schwarze-turgriffabdeckungen-fur-mini-cooper-f56-f57-copie-copie-copie-2\/\"]}]},{\"@type\":\"ImageObject\",\"inLanguage\":\"de\",\"@id\":\"https:\/\/custom-parts.fr\/de\/produkt\/schwarze-turgriffabdeckungen-fur-mini-cooper-f56-f57-copie-copie-copie-2\/#primaryimage\",\"url\":\"https:\/\/custom-parts.fr\/wp-content\/uploads\/2026\/02\/Caches-poignees-de-portes-pour-MINI-Cooper-5-portes-F65-Style-Carbon.jpg\",\"contentUrl\":\"https:\/\/custom-parts.fr\/wp-content\/uploads\/2026\/02\/Caches-poignees-de-portes-pour-MINI-Cooper-5-portes-F65-Style-Carbon.jpg\",\"width\":500,\"height\":500},{\"@type\":\"BreadcrumbList\",\"@id\":\"https:\/\/custom-parts.fr\/de\/produkt\/schwarze-turgriffabdeckungen-fur-mini-cooper-f56-f57-copie-copie-copie-2\/#breadcrumb\",\"itemListElement\":[{\"@type\":\"ListItem\",\"position\":1,\"name\":\"Startseite\",\"item\":\"https:\/\/custom-parts.fr\/de\/kaufen-sie-teile-und-zubehoer-fuer-mini-bmw-custom-parts-de\/\"},{\"@type\":\"ListItem\",\"position\":2,\"name\":\"Shop\",\"item\":\"https:\/\/custom-parts.fr\/de\/alle-produkte\/\"},{\"@type\":\"ListItem\",\"position\":3,\"name\":\"T\u00fcrgriffabdeckungen f\u00fcr Mini Cooper F65 5-t\u00fcrige \u2013 Carbon-Look\"}]},{\"@type\":\"WebSite\",\"@id\":\"https:\/\/custom-parts.fr\/de\/#website\",\"url\":\"https:\/\/custom-parts.fr\/de\/\",\"name\":\"Custom-Parts.fr\",\"description\":\"Custom BMW MINI Ersatzteile & Zubeh\u00f6r\",\"publisher\":{\"@id\":\"https:\/\/custom-parts.fr\/de\/#organization\"},\"potentialAction\":[{\"@type\":\"SearchAction\",\"target\":{\"@type\":\"EntryPoint\",\"urlTemplate\":\"https:\/\/custom-parts.fr\/de\/?s={search_term_string}\"},\"query-input\":{\"@type\":\"PropertyValueSpecification\",\"valueRequired\":true,\"valueName\":\"search_term_string\"}}],\"inLanguage\":\"de\"},{\"@type\":\"Organization\",\"@id\":\"https:\/\/custom-parts.fr\/de\/#organization\",\"name\":\"Custom-Parts\",\"url\":\"https:\/\/custom-parts.fr\/de\/\",\"logo\":{\"@type\":\"ImageObject\",\"inLanguage\":\"de\",\"@id\":\"https:\/\/custom-parts.fr\/de\/#\/schema\/logo\/image\/\",\"url\":\"https:\/\/custom-parts.fr\/wp-content\/uploads\/2023\/01\/cropped-cropped-cropped-final-new-police-2-1-1.png\",\"contentUrl\":\"https:\/\/custom-parts.fr\/wp-content\/uploads\/2023\/01\/cropped-cropped-cropped-final-new-police-2-1-1.png\",\"width\":450,\"height\":125,\"caption\":\"Custom-Parts\"},\"image\":{\"@id\":\"https:\/\/custom-parts.fr\/de\/#\/schema\/logo\/image\/\"}}]}<\/script>\n<!-- \/ Yoast SEO plugin. -->","yoast_head_json":{"title":"T\u00fcrgriffabdeckungen f\u00fcr Mini Cooper F65 5-t\u00fcrige \u2013 Carbon-Look","description":"Carbon-Look T\u00fcrgriffabdeckungen f\u00fcr Mini Cooper 5-T\u00fcren F65 ab 2024. Alle Ihre BMW MINI-Zubeh\u00f6rteile sind Custom-Parts.fr!","robots":{"index":"index","follow":"follow","max-snippet":"max-snippet:-1","max-image-preview":"max-image-preview:large","max-video-preview":"max-video-preview:-1"},"canonical":"https:\/\/custom-parts.fr\/de\/produkt\/schwarze-turgriffabdeckungen-fur-mini-cooper-f56-f57-copie-copie-copie-2\/","og_locale":"de_DE","og_type":"article","og_title":"T\u00fcrgriffabdeckungen f\u00fcr Mini Cooper F65 5-t\u00fcrige \u2013 Carbon-Look","og_description":"Carbon-Look T\u00fcrgriffabdeckungen f\u00fcr Mini Cooper 5-T\u00fcren F65 ab 2024. Alle Ihre BMW MINI-Zubeh\u00f6rteile sind Custom-Parts.fr!","og_url":"https:\/\/custom-parts.fr\/de\/produkt\/schwarze-turgriffabdeckungen-fur-mini-cooper-f56-f57-copie-copie-copie-2\/","og_site_name":"Custom-Parts.fr","article_modified_time":"2026-03-28T17:11:36+00:00","og_image":[{"width":500,"height":500,"url":"https:\/\/custom-parts.fr\/wp-content\/uploads\/2026\/02\/Caches-poignees-de-portes-pour-MINI-Cooper-5-portes-F65-Style-Carbon.jpg","type":"image\/jpeg"}],"twitter_card":"summary_large_image","twitter_misc":{"Gesch\u00e4tzte Lesezeit":"2\u00a0Minute"},"schema":{"@context":"https:\/\/schema.org","@graph":[{"@type":"WebPage","@id":"https:\/\/custom-parts.fr\/de\/produkt\/schwarze-turgriffabdeckungen-fur-mini-cooper-f56-f57-copie-copie-copie-2\/","url":"https:\/\/custom-parts.fr\/de\/produkt\/schwarze-turgriffabdeckungen-fur-mini-cooper-f56-f57-copie-copie-copie-2\/","name":"T\u00fcrgriffabdeckungen f\u00fcr Mini Cooper F65 5-t\u00fcrige \u2013 Carbon-Look","isPartOf":{"@id":"https:\/\/custom-parts.fr\/de\/#website"},"primaryImageOfPage":{"@id":"https:\/\/custom-parts.fr\/de\/produkt\/schwarze-turgriffabdeckungen-fur-mini-cooper-f56-f57-copie-copie-copie-2\/#primaryimage"},"image":{"@id":"https:\/\/custom-parts.fr\/de\/produkt\/schwarze-turgriffabdeckungen-fur-mini-cooper-f56-f57-copie-copie-copie-2\/#primaryimage"},"thumbnailUrl":"https:\/\/custom-parts.fr\/wp-content\/uploads\/2026\/02\/Caches-poignees-de-portes-pour-MINI-Cooper-5-portes-F65-Style-Carbon.jpg","datePublished":"2026-02-14T20:36:28+00:00","dateModified":"2026-03-28T17:11:36+00:00","description":"Carbon-Look T\u00fcrgriffabdeckungen f\u00fcr Mini Cooper 5-T\u00fcren F65 ab 2024. Alle Ihre BMW MINI-Zubeh\u00f6rteile sind Custom-Parts.fr!","breadcrumb":{"@id":"https:\/\/custom-parts.fr\/de\/produkt\/schwarze-turgriffabdeckungen-fur-mini-cooper-f56-f57-copie-copie-copie-2\/#breadcrumb"},"inLanguage":"de","potentialAction":[{"@type":"ReadAction","target":["https:\/\/custom-parts.fr\/de\/produkt\/schwarze-turgriffabdeckungen-fur-mini-cooper-f56-f57-copie-copie-copie-2\/"]}]},{"@type":"ImageObject","inLanguage":"de","@id":"https:\/\/custom-parts.fr\/de\/produkt\/schwarze-turgriffabdeckungen-fur-mini-cooper-f56-f57-copie-copie-copie-2\/#primaryimage","url":"https:\/\/custom-parts.fr\/wp-content\/uploads\/2026\/02\/Caches-poignees-de-portes-pour-MINI-Cooper-5-portes-F65-Style-Carbon.jpg","contentUrl":"https:\/\/custom-parts.fr\/wp-content\/uploads\/2026\/02\/Caches-poignees-de-portes-pour-MINI-Cooper-5-portes-F65-Style-Carbon.jpg","width":500,"height":500},{"@type":"BreadcrumbList","@id":"https:\/\/custom-parts.fr\/de\/produkt\/schwarze-turgriffabdeckungen-fur-mini-cooper-f56-f57-copie-copie-copie-2\/#breadcrumb","itemListElement":[{"@type":"ListItem","position":1,"name":"Startseite","item":"https:\/\/custom-parts.fr\/de\/kaufen-sie-teile-und-zubehoer-fuer-mini-bmw-custom-parts-de\/"},{"@type":"ListItem","position":2,"name":"Shop","item":"https:\/\/custom-parts.fr\/de\/alle-produkte\/"},{"@type":"ListItem","position":3,"name":"T\u00fcrgriffabdeckungen f\u00fcr Mini Cooper F65 5-t\u00fcrige \u2013 Carbon-Look"}]},{"@type":"WebSite","@id":"https:\/\/custom-parts.fr\/de\/#website","url":"https:\/\/custom-parts.fr\/de\/","name":"Custom-Parts.fr","description":"Custom BMW MINI Ersatzteile & Zubeh\u00f6r","publisher":{"@id":"https:\/\/custom-parts.fr\/de\/#organization"},"potentialAction":[{"@type":"SearchAction","target":{"@type":"EntryPoint","urlTemplate":"https:\/\/custom-parts.fr\/de\/?s={search_term_string}"},"query-input":{"@type":"PropertyValueSpecification","valueRequired":true,"valueName":"search_term_string"}}],"inLanguage":"de"},{"@type":"Organization","@id":"https:\/\/custom-parts.fr\/de\/#organization","name":"Custom-Parts","url":"https:\/\/custom-parts.fr\/de\/","logo":{"@type":"ImageObject","inLanguage":"de","@id":"https:\/\/custom-parts.fr\/de\/#\/schema\/logo\/image\/","url":"https:\/\/custom-parts.fr\/wp-content\/uploads\/2023\/01\/cropped-cropped-cropped-final-new-police-2-1-1.png","contentUrl":"https:\/\/custom-parts.fr\/wp-content\/uploads\/2023\/01\/cropped-cropped-cropped-final-new-police-2-1-1.png","width":450,"height":125,"caption":"Custom-Parts"},"image":{"@id":"https:\/\/custom-parts.fr\/de\/#\/schema\/logo\/image\/"}}]}},"_links":{"self":[{"href":"https:\/\/custom-parts.fr\/de\/wp-json\/wp\/v2\/product\/25632","targetHints":{"allow":["GET"]}}],"collection":[{"href":"https:\/\/custom-parts.fr\/de\/wp-json\/wp\/v2\/product"}],"about":[{"href":"https:\/\/custom-parts.fr\/de\/wp-json\/wp\/v2\/types\/product"}],"replies":[{"embeddable":true,"href":"https:\/\/custom-parts.fr\/de\/wp-json\/wp\/v2\/comments?post=25632"}],"wp:featuredmedia":[{"embeddable":true,"href":"https:\/\/custom-parts.fr\/de\/wp-json\/wp\/v2\/media\/25640"}],"wp:attachment":[{"href":"https:\/\/custom-parts.fr\/de\/wp-json\/wp\/v2\/media?parent=25632"}],"wp:term":[{"taxonomy":"product_brand","embeddable":true,"href":"https:\/\/custom-parts.fr\/de\/wp-json\/wp\/v2\/product_brand?post=25632"},{"taxonomy":"product_cat","embeddable":true,"href":"https:\/\/custom-parts.fr\/de\/wp-json\/wp\/v2\/product_cat?post=25632"},{"taxonomy":"product_tag","embeddable":true,"href":"https:\/\/custom-parts.fr\/de\/wp-json\/wp\/v2\/product_tag?post=25632"}],"curies":[{"name":"wp","href":"https:\/\/api.w.org\/{rel}","templated":true}]}}