{"id":25687,"date":"2026-02-16T12:34:53","date_gmt":"2026-02-16T11:34:53","guid":{"rendered":"https:\/\/custom-parts.fr\/?post_type=product&#038;p=25687"},"modified":"2026-03-28T13:19:19","modified_gmt":"2026-03-28T12:19:19","slug":"schwarze-turgriffabdeckungen-fur-mini-cooper-f56-f57-copie-copie-copie-copie-copie","status":"publish","type":"product","link":"https:\/\/custom-parts.fr\/de\/produkt\/schwarze-turgriffabdeckungen-fur-mini-cooper-f56-f57-copie-copie-copie-copie-copie\/","title":{"rendered":"Zentrale Bedientafelabdeckung f\u00fcr MINI Cooper 4. Generation \u2013 Echtes Carbon"},"content":{"rendered":"<p><strong>Echte Carbonausstattung f\u00fcr das MINI Cooper-Bedienfeld ab 2024 (F66, F65, F67, Countryman, U25, J01 und J05)<\/strong><\/p>\n<p>Die Verzierung des zentralen Bedienfelds besteht aus echtem starrem Kohlefaser.<\/p>\n<p>Die Zierleiste wird direkt \u00fcber einen vorinstallierten, doppelseitigen Autokleber direkt am zentralen Bedienfeld befestigt. Das Design dieses ma\u00dfgefertigten Teils bietet eine perfekte \u00dcberlappung des Bedienfelds und eine visuelle Darstellung, die dem Original identisch ist. <\/p>\n<p>Wir empfehlen, den Kleber leicht mit einem F\u00f6hn zu erhitzen, um die Haftung zu maximieren und eine ausgezeichnete Haltbarkeit zu gew\u00e4hrleisten. Falls n\u00f6tig, k\u00f6nnen die Teile entfernt werden, ohne Schaden zu verursachen, indem der Kleber erneut erhitzt wird. <\/p>\n<h2>Geeignet f\u00fcr :<\/h2>\n<ul>\n<li>MINI Cooper, Cooper S und JCW 3-t\u00fcriger F66 (4. Generation) \u2013 2024, 2025, 2026<\/li>\n<li>MINI Cooper, Cooper S und JCW 5-t\u00fcriger F65 (4. Generation) \u2013 2024, 2025, 2026<\/li>\n<li>MINI Cooper, Cooper S und JCW Cabriolet F67 (4. Generation) \u2013 2024, 2025, 2026<\/li>\n<li>MINI Cooper, Cooper S und JCW Countryman U25 (4. Generation) \u2013 2024, 2025, 2026<\/li>\n<li>MINI Cooper Electric J01 &#8211; 2024, 2025, 2026<\/li>\n<li>MINI Cooper Aceman J05 &#8211; 2024, 2025, 2026<\/li>\n<\/ul>\n<p><img decoding=\"async\" class=\"alignnone size-full wp-image-25690 lazyload\" data-src=\"https:\/\/custom-parts.fr\/wp-content\/uploads\/2026\/02\/Cache-panneau-de-commande-central-pour-MINI-Cooper-4eme-generation-carbon-2.jpg\" alt=\"\" width=\"500\" height=\"500\" data-srcset=\"https:\/\/custom-parts.fr\/wp-content\/uploads\/2026\/02\/Cache-panneau-de-commande-central-pour-MINI-Cooper-4eme-generation-carbon-2.jpg 500w, https:\/\/custom-parts.fr\/wp-content\/uploads\/2026\/02\/Cache-panneau-de-commande-central-pour-MINI-Cooper-4eme-generation-carbon-2-300x300.jpg 300w, https:\/\/custom-parts.fr\/wp-content\/uploads\/2026\/02\/Cache-panneau-de-commande-central-pour-MINI-Cooper-4eme-generation-carbon-2-150x150.jpg 150w, https:\/\/custom-parts.fr\/wp-content\/uploads\/2026\/02\/Cache-panneau-de-commande-central-pour-MINI-Cooper-4eme-generation-carbon-2-100x100.jpg 100w, https:\/\/custom-parts.fr\/wp-content\/uploads\/2026\/02\/Cache-panneau-de-commande-central-pour-MINI-Cooper-4eme-generation-carbon-2-48x48.jpg 48w\" data-sizes=\"(max-width: 500px) 100vw, 500px\" src=\"data:image\/svg+xml;base64,PHN2ZyB3aWR0aD0iMSIgaGVpZ2h0PSIxIiB4bWxucz0iaHR0cDovL3d3dy53My5vcmcvMjAwMC9zdmciPjwvc3ZnPg==\" style=\"--smush-placeholder-width: 500px; --smush-placeholder-aspect-ratio: 500\/500;\" \/><\/p>\n","protected":false},"excerpt":{"rendered":"<p><span style=\"color: #39991a; font-weight: 900;\">\u2713<\/span> Passe deinen Mini nach deinem Geschmack an!<br \/>\n<span style=\"color: #39991a; font-weight: 900;\">\u2713<\/span> Einfach zu installieren und zu ersetzen<br \/>\n<span style=\"color: #39991a; font-weight: 900;\">\u2713<\/span> Perfekte Passform auf Ihrem Originalteil<\/p>\n","protected":false},"featured_media":25695,"comment_status":"open","ping_status":"closed","template":"","meta":[],"product_brand":[],"product_cat":[191,381,380],"product_tag":[],"class_list":{"0":"post-25687","1":"product","2":"type-product","3":"status-publish","4":"has-post-thumbnail","6":"product_cat-mini-cooper-ersatzteile-zubehoer","7":"product_cat-interieur-zubehoer-fur-mini-cooper-4-generation-f66-f65-f67-u25-j01-j05","8":"product_cat-zubehor-fur-mini-cooper-4-generation-f66-f65-f67-u25-j01-j05","10":"first","11":"instock","12":"taxable","13":"shipping-taxable","14":"purchasable","15":"product-type-simple"},"yoast_head":"<!-- This site is optimized with the Yoast SEO plugin v27.2 - https:\/\/yoast.com\/product\/yoast-seo-wordpress\/ -->\n<title>Kontrollpanel f\u00fcr Carbonabdeckung f\u00fcr MINI Cooper 4. Generation (2024)<\/title>\n<meta name=\"description\" content=\"Echte Dekoration des zentralen Carbon-Bedienfelds f\u00fcr MINI F66, F65, F67, Countryman U25, J01 und J05. Ma\u00dfgeschneidertes Accessoire f\u00fcr den MINI Cooper 4. Generation.\" \/>\n<meta name=\"robots\" content=\"index, follow, max-snippet:-1, max-image-preview:large, max-video-preview:-1\" \/>\n<link rel=\"canonical\" href=\"https:\/\/custom-parts.fr\/de\/produkt\/schwarze-turgriffabdeckungen-fur-mini-cooper-f56-f57-copie-copie-copie-copie-copie\/\" \/>\n<meta property=\"og:locale\" content=\"de_DE\" \/>\n<meta property=\"og:type\" content=\"article\" \/>\n<meta property=\"og:title\" content=\"Kontrollpanel f\u00fcr Carbonabdeckung f\u00fcr MINI Cooper 4. Generation (2024)\" \/>\n<meta property=\"og:description\" content=\"Echte Dekoration des zentralen Carbon-Bedienfelds f\u00fcr MINI F66, F65, F67, Countryman U25, J01 und J05. Ma\u00dfgeschneidertes Accessoire f\u00fcr den MINI Cooper 4. Generation.\" \/>\n<meta property=\"og:url\" content=\"https:\/\/custom-parts.fr\/de\/produkt\/schwarze-turgriffabdeckungen-fur-mini-cooper-f56-f57-copie-copie-copie-copie-copie\/\" \/>\n<meta property=\"og:site_name\" content=\"Custom-Parts.fr\" \/>\n<meta property=\"article:modified_time\" content=\"2026-03-28T12:19:19+00:00\" \/>\n<meta property=\"og:image\" content=\"https:\/\/custom-parts.fr\/wp-content\/uploads\/2026\/02\/Cache-panneau-de-commande-central-pour-MINI-Cooper-4eme-generation-carbon-1-2.jpg\" \/>\n\t<meta property=\"og:image:width\" content=\"500\" \/>\n\t<meta property=\"og:image:height\" content=\"500\" \/>\n\t<meta property=\"og:image:type\" content=\"image\/jpeg\" \/>\n<meta name=\"twitter:card\" content=\"summary_large_image\" \/>\n<meta name=\"twitter:label1\" content=\"Gesch\u00e4tzte Lesezeit\" \/>\n\t<meta name=\"twitter:data1\" content=\"2\u00a0Minute\" \/>\n<script type=\"application\/ld+json\" class=\"yoast-schema-graph\">{\"@context\":\"https:\/\/schema.org\",\"@graph\":[{\"@type\":\"WebPage\",\"@id\":\"https:\/\/custom-parts.fr\/de\/produkt\/schwarze-turgriffabdeckungen-fur-mini-cooper-f56-f57-copie-copie-copie-copie-copie\/\",\"url\":\"https:\/\/custom-parts.fr\/de\/produkt\/schwarze-turgriffabdeckungen-fur-mini-cooper-f56-f57-copie-copie-copie-copie-copie\/\",\"name\":\"Kontrollpanel f\u00fcr Carbonabdeckung f\u00fcr MINI Cooper 4. Generation (2024)\",\"isPartOf\":{\"@id\":\"https:\/\/custom-parts.fr\/de\/#website\"},\"primaryImageOfPage\":{\"@id\":\"https:\/\/custom-parts.fr\/de\/produkt\/schwarze-turgriffabdeckungen-fur-mini-cooper-f56-f57-copie-copie-copie-copie-copie\/#primaryimage\"},\"image\":{\"@id\":\"https:\/\/custom-parts.fr\/de\/produkt\/schwarze-turgriffabdeckungen-fur-mini-cooper-f56-f57-copie-copie-copie-copie-copie\/#primaryimage\"},\"thumbnailUrl\":\"https:\/\/custom-parts.fr\/wp-content\/uploads\/2026\/02\/Cache-panneau-de-commande-central-pour-MINI-Cooper-4eme-generation-carbon-1-2.jpg\",\"datePublished\":\"2026-02-16T11:34:53+00:00\",\"dateModified\":\"2026-03-28T12:19:19+00:00\",\"description\":\"Echte Dekoration des zentralen Carbon-Bedienfelds f\u00fcr MINI F66, F65, F67, Countryman U25, J01 und J05. Ma\u00dfgeschneidertes Accessoire f\u00fcr den MINI Cooper 4. Generation.\",\"breadcrumb\":{\"@id\":\"https:\/\/custom-parts.fr\/de\/produkt\/schwarze-turgriffabdeckungen-fur-mini-cooper-f56-f57-copie-copie-copie-copie-copie\/#breadcrumb\"},\"inLanguage\":\"de\",\"potentialAction\":[{\"@type\":\"ReadAction\",\"target\":[\"https:\/\/custom-parts.fr\/de\/produkt\/schwarze-turgriffabdeckungen-fur-mini-cooper-f56-f57-copie-copie-copie-copie-copie\/\"]}]},{\"@type\":\"ImageObject\",\"inLanguage\":\"de\",\"@id\":\"https:\/\/custom-parts.fr\/de\/produkt\/schwarze-turgriffabdeckungen-fur-mini-cooper-f56-f57-copie-copie-copie-copie-copie\/#primaryimage\",\"url\":\"https:\/\/custom-parts.fr\/wp-content\/uploads\/2026\/02\/Cache-panneau-de-commande-central-pour-MINI-Cooper-4eme-generation-carbon-1-2.jpg\",\"contentUrl\":\"https:\/\/custom-parts.fr\/wp-content\/uploads\/2026\/02\/Cache-panneau-de-commande-central-pour-MINI-Cooper-4eme-generation-carbon-1-2.jpg\",\"width\":500,\"height\":500},{\"@type\":\"BreadcrumbList\",\"@id\":\"https:\/\/custom-parts.fr\/de\/produkt\/schwarze-turgriffabdeckungen-fur-mini-cooper-f56-f57-copie-copie-copie-copie-copie\/#breadcrumb\",\"itemListElement\":[{\"@type\":\"ListItem\",\"position\":1,\"name\":\"Startseite\",\"item\":\"https:\/\/custom-parts.fr\/de\/kaufen-sie-teile-und-zubehoer-fuer-mini-bmw-custom-parts-de\/\"},{\"@type\":\"ListItem\",\"position\":2,\"name\":\"Shop\",\"item\":\"https:\/\/custom-parts.fr\/de\/alle-produkte\/\"},{\"@type\":\"ListItem\",\"position\":3,\"name\":\"Zentrale Bedientafelabdeckung f\u00fcr MINI Cooper 4. Generation \u2013 Echtes Carbon\"}]},{\"@type\":\"WebSite\",\"@id\":\"https:\/\/custom-parts.fr\/de\/#website\",\"url\":\"https:\/\/custom-parts.fr\/de\/\",\"name\":\"Custom-Parts.fr\",\"description\":\"Custom BMW MINI Ersatzteile & Zubeh\u00f6r\",\"publisher\":{\"@id\":\"https:\/\/custom-parts.fr\/de\/#organization\"},\"potentialAction\":[{\"@type\":\"SearchAction\",\"target\":{\"@type\":\"EntryPoint\",\"urlTemplate\":\"https:\/\/custom-parts.fr\/de\/?s={search_term_string}\"},\"query-input\":{\"@type\":\"PropertyValueSpecification\",\"valueRequired\":true,\"valueName\":\"search_term_string\"}}],\"inLanguage\":\"de\"},{\"@type\":\"Organization\",\"@id\":\"https:\/\/custom-parts.fr\/de\/#organization\",\"name\":\"Custom-Parts\",\"url\":\"https:\/\/custom-parts.fr\/de\/\",\"logo\":{\"@type\":\"ImageObject\",\"inLanguage\":\"de\",\"@id\":\"https:\/\/custom-parts.fr\/de\/#\/schema\/logo\/image\/\",\"url\":\"https:\/\/custom-parts.fr\/wp-content\/uploads\/2023\/01\/cropped-cropped-cropped-final-new-police-2-1-1.png\",\"contentUrl\":\"https:\/\/custom-parts.fr\/wp-content\/uploads\/2023\/01\/cropped-cropped-cropped-final-new-police-2-1-1.png\",\"width\":450,\"height\":125,\"caption\":\"Custom-Parts\"},\"image\":{\"@id\":\"https:\/\/custom-parts.fr\/de\/#\/schema\/logo\/image\/\"}}]}<\/script>\n<!-- \/ Yoast SEO plugin. -->","yoast_head_json":{"title":"Kontrollpanel f\u00fcr Carbonabdeckung f\u00fcr MINI Cooper 4. Generation (2024)","description":"Echte Dekoration des zentralen Carbon-Bedienfelds f\u00fcr MINI F66, F65, F67, Countryman U25, J01 und J05. Ma\u00dfgeschneidertes Accessoire f\u00fcr den MINI Cooper 4. Generation.","robots":{"index":"index","follow":"follow","max-snippet":"max-snippet:-1","max-image-preview":"max-image-preview:large","max-video-preview":"max-video-preview:-1"},"canonical":"https:\/\/custom-parts.fr\/de\/produkt\/schwarze-turgriffabdeckungen-fur-mini-cooper-f56-f57-copie-copie-copie-copie-copie\/","og_locale":"de_DE","og_type":"article","og_title":"Kontrollpanel f\u00fcr Carbonabdeckung f\u00fcr MINI Cooper 4. Generation (2024)","og_description":"Echte Dekoration des zentralen Carbon-Bedienfelds f\u00fcr MINI F66, F65, F67, Countryman U25, J01 und J05. Ma\u00dfgeschneidertes Accessoire f\u00fcr den MINI Cooper 4. Generation.","og_url":"https:\/\/custom-parts.fr\/de\/produkt\/schwarze-turgriffabdeckungen-fur-mini-cooper-f56-f57-copie-copie-copie-copie-copie\/","og_site_name":"Custom-Parts.fr","article_modified_time":"2026-03-28T12:19:19+00:00","og_image":[{"width":500,"height":500,"url":"https:\/\/custom-parts.fr\/wp-content\/uploads\/2026\/02\/Cache-panneau-de-commande-central-pour-MINI-Cooper-4eme-generation-carbon-1-2.jpg","type":"image\/jpeg"}],"twitter_card":"summary_large_image","twitter_misc":{"Gesch\u00e4tzte Lesezeit":"2\u00a0Minute"},"schema":{"@context":"https:\/\/schema.org","@graph":[{"@type":"WebPage","@id":"https:\/\/custom-parts.fr\/de\/produkt\/schwarze-turgriffabdeckungen-fur-mini-cooper-f56-f57-copie-copie-copie-copie-copie\/","url":"https:\/\/custom-parts.fr\/de\/produkt\/schwarze-turgriffabdeckungen-fur-mini-cooper-f56-f57-copie-copie-copie-copie-copie\/","name":"Kontrollpanel f\u00fcr Carbonabdeckung f\u00fcr MINI Cooper 4. Generation (2024)","isPartOf":{"@id":"https:\/\/custom-parts.fr\/de\/#website"},"primaryImageOfPage":{"@id":"https:\/\/custom-parts.fr\/de\/produkt\/schwarze-turgriffabdeckungen-fur-mini-cooper-f56-f57-copie-copie-copie-copie-copie\/#primaryimage"},"image":{"@id":"https:\/\/custom-parts.fr\/de\/produkt\/schwarze-turgriffabdeckungen-fur-mini-cooper-f56-f57-copie-copie-copie-copie-copie\/#primaryimage"},"thumbnailUrl":"https:\/\/custom-parts.fr\/wp-content\/uploads\/2026\/02\/Cache-panneau-de-commande-central-pour-MINI-Cooper-4eme-generation-carbon-1-2.jpg","datePublished":"2026-02-16T11:34:53+00:00","dateModified":"2026-03-28T12:19:19+00:00","description":"Echte Dekoration des zentralen Carbon-Bedienfelds f\u00fcr MINI F66, F65, F67, Countryman U25, J01 und J05. Ma\u00dfgeschneidertes Accessoire f\u00fcr den MINI Cooper 4. Generation.","breadcrumb":{"@id":"https:\/\/custom-parts.fr\/de\/produkt\/schwarze-turgriffabdeckungen-fur-mini-cooper-f56-f57-copie-copie-copie-copie-copie\/#breadcrumb"},"inLanguage":"de","potentialAction":[{"@type":"ReadAction","target":["https:\/\/custom-parts.fr\/de\/produkt\/schwarze-turgriffabdeckungen-fur-mini-cooper-f56-f57-copie-copie-copie-copie-copie\/"]}]},{"@type":"ImageObject","inLanguage":"de","@id":"https:\/\/custom-parts.fr\/de\/produkt\/schwarze-turgriffabdeckungen-fur-mini-cooper-f56-f57-copie-copie-copie-copie-copie\/#primaryimage","url":"https:\/\/custom-parts.fr\/wp-content\/uploads\/2026\/02\/Cache-panneau-de-commande-central-pour-MINI-Cooper-4eme-generation-carbon-1-2.jpg","contentUrl":"https:\/\/custom-parts.fr\/wp-content\/uploads\/2026\/02\/Cache-panneau-de-commande-central-pour-MINI-Cooper-4eme-generation-carbon-1-2.jpg","width":500,"height":500},{"@type":"BreadcrumbList","@id":"https:\/\/custom-parts.fr\/de\/produkt\/schwarze-turgriffabdeckungen-fur-mini-cooper-f56-f57-copie-copie-copie-copie-copie\/#breadcrumb","itemListElement":[{"@type":"ListItem","position":1,"name":"Startseite","item":"https:\/\/custom-parts.fr\/de\/kaufen-sie-teile-und-zubehoer-fuer-mini-bmw-custom-parts-de\/"},{"@type":"ListItem","position":2,"name":"Shop","item":"https:\/\/custom-parts.fr\/de\/alle-produkte\/"},{"@type":"ListItem","position":3,"name":"Zentrale Bedientafelabdeckung f\u00fcr MINI Cooper 4. Generation \u2013 Echtes Carbon"}]},{"@type":"WebSite","@id":"https:\/\/custom-parts.fr\/de\/#website","url":"https:\/\/custom-parts.fr\/de\/","name":"Custom-Parts.fr","description":"Custom BMW MINI Ersatzteile & Zubeh\u00f6r","publisher":{"@id":"https:\/\/custom-parts.fr\/de\/#organization"},"potentialAction":[{"@type":"SearchAction","target":{"@type":"EntryPoint","urlTemplate":"https:\/\/custom-parts.fr\/de\/?s={search_term_string}"},"query-input":{"@type":"PropertyValueSpecification","valueRequired":true,"valueName":"search_term_string"}}],"inLanguage":"de"},{"@type":"Organization","@id":"https:\/\/custom-parts.fr\/de\/#organization","name":"Custom-Parts","url":"https:\/\/custom-parts.fr\/de\/","logo":{"@type":"ImageObject","inLanguage":"de","@id":"https:\/\/custom-parts.fr\/de\/#\/schema\/logo\/image\/","url":"https:\/\/custom-parts.fr\/wp-content\/uploads\/2023\/01\/cropped-cropped-cropped-final-new-police-2-1-1.png","contentUrl":"https:\/\/custom-parts.fr\/wp-content\/uploads\/2023\/01\/cropped-cropped-cropped-final-new-police-2-1-1.png","width":450,"height":125,"caption":"Custom-Parts"},"image":{"@id":"https:\/\/custom-parts.fr\/de\/#\/schema\/logo\/image\/"}}]}},"_links":{"self":[{"href":"https:\/\/custom-parts.fr\/de\/wp-json\/wp\/v2\/product\/25687","targetHints":{"allow":["GET"]}}],"collection":[{"href":"https:\/\/custom-parts.fr\/de\/wp-json\/wp\/v2\/product"}],"about":[{"href":"https:\/\/custom-parts.fr\/de\/wp-json\/wp\/v2\/types\/product"}],"replies":[{"embeddable":true,"href":"https:\/\/custom-parts.fr\/de\/wp-json\/wp\/v2\/comments?post=25687"}],"wp:featuredmedia":[{"embeddable":true,"href":"https:\/\/custom-parts.fr\/de\/wp-json\/wp\/v2\/media\/25695"}],"wp:attachment":[{"href":"https:\/\/custom-parts.fr\/de\/wp-json\/wp\/v2\/media?parent=25687"}],"wp:term":[{"taxonomy":"product_brand","embeddable":true,"href":"https:\/\/custom-parts.fr\/de\/wp-json\/wp\/v2\/product_brand?post=25687"},{"taxonomy":"product_cat","embeddable":true,"href":"https:\/\/custom-parts.fr\/de\/wp-json\/wp\/v2\/product_cat?post=25687"},{"taxonomy":"product_tag","embeddable":true,"href":"https:\/\/custom-parts.fr\/de\/wp-json\/wp\/v2\/product_tag?post=25687"}],"curies":[{"name":"wp","href":"https:\/\/api.w.org\/{rel}","templated":true}]}}