{"id":25838,"date":"2018-06-18T00:13:44","date_gmt":"2018-06-17T22:13:44","guid":{"rendered":"https:\/\/custom-parts.fr\/condizioni-generali-di-vendita\/"},"modified":"2018-06-18T00:13:44","modified_gmt":"2018-06-17T22:13:44","slug":"condizioni-generali-di-vendita","status":"publish","type":"page","link":"https:\/\/custom-parts.fr\/it\/condizioni-generali-di-vendita\/","title":{"rendered":"Condizioni Generali di Vendita"},"content":{"rendered":"<div id=\"malwarebytes-root\" style=\"position: fixed; inset: 0px 0px auto; z-index: 2147483647; width: 100%;\" tabindex=\"-1\"><\/div>\n<p>1. Accettazione delle Condizioni Generali di Vendita<\/p>\n<p>Le presenti Condizioni Generali di Vendita regolano il rapporto commerciale tra Lei (il Cliente) e il sito internet Custom\u2011Parts.fr. Conoscendo e accettando le seguenti disposizioni prima di effettuare un ordine, Lei conferma espressamente di accettare i termini qui indicati. In caso di conflitto tra queste condizioni e qualsiasi altro documento presente sul sito, prevalgono le presenti condizioni generali.   <\/p>\n<p>&nbsp;<\/p>\n<p>2. Prezzi<\/p>\n<p>I prezzi sul sito Custom\u2011Parts.fr sono espressi in Euro, IVA inclusa. Tutte le transazioni sono in Euro. Il prezzo indicato nel riepilogo dell\u2019ordine \u00e8 definitivo e comprende il totale dei prodotti e le spese di spedizione.   <\/p>\n<p>Custom\u2011Parts si riserva il diritto di modificare in qualsiasi momento l\u2019offerta di prodotti e prezzi, in base alle condizioni dei fornitori. Tuttavia, i prodotti saranno fatturati secondo i prezzi in vigore al momento della conferma dell\u2019ordine, salvo disponibilit\u00e0. In caso di errore evidente nel prezzo dovuto a un errore di inserimento, Custom\u2011Parts si riserva il diritto di annullare la vendita e proporre una soluzione alternativa.   <\/p>\n<p>&nbsp;<\/p>\n<p>3. Ordine<\/p>\n<p>Il cliente pu\u00f2 effettuare ordini online all&#8217;indirizzo Custom-Parts.fr. Effettuando un ordine online, cliccando sul pulsante \u201cConferma l&#8217;ordine\u201d al termine della procedura di acquisto, il cliente dichiara di accettare integralmente e senza riserve le presenti Condizioni Generali di Vendita. I dati registrati da Custom-Parts costituiscono la prova di tutte le transazioni effettuate tra Custom-Parts e i propri clienti. I dati registrati dal sistema di pagamento costituiscono la prova delle transazioni finanziarie. Custom-Parts conferma al cliente la ricezione del suo ordine tramite e-mail all&#8217;indirizzo indicato dal cliente. Custom-Parts si riserva il diritto di rifiutare o annullare qualsiasi nuovo ordine proveniente da un cliente con cui sia in corso una controversia. Inoltre, in caso di inconvenienti legati all&#8217;elaborazione di un ordine, Custom-Parts contatter\u00e0 direttamente il cliente ai recapiti indicati per informarlo e proporgli una soluzione. Al momento dell&#8217;invio dell&#8217;ordine, il cliente fornisce sotto la propria responsabilit\u00e0 le seguenti informazioni: indirizzo e-mail, nome e cognome, indirizzo, citt\u00e0, codice postale. In caso di errore nella compilazione dei dati del destinatario, Custom-Parts non potr\u00e0 essere ritenuta responsabile dell&#8217;impossibilit\u00e0 di consegna, in particolare se tali dati sono incompleti.        <\/p>\n<p>&nbsp;<\/p>\n<p>4. Prodotti<\/p>\n<p>I prodotti sono conformi alla legislazione francese vigente e sono messi in commercio dai rispettivi produttori sotto la loro responsabilit\u00e0. Custom\u2011Parts sceglie liberamente i prodotti offerti. Le fotografie e le descrizioni non sono contrattuali: possono esserci variazioni di peso o di imballaggio secondo l\u2019evoluzione dei prodotti. Custom\u2011Parts si riserva di aggiungere o rimuovere prodotti dal catalogo in qualsiasi momento e senza preavviso.    <\/p>\n<p>&nbsp;<\/p>\n<p>5. Disponibilit\u00e0 dei Prodotti<\/p>\n<p>Le nostre offerte di prodotti sono valide fino ad esaurimento delle scorte disponibili presso i nostri fornitori. A tal proposito, le informazioni sulla disponibilit\u00e0 dei prodotti vengono fornite al momento dell&#8217;invio dell&#8217;ordine. Eventuali errori di magazzino o modifiche eccezionali causate dai nostri partner esulano dal nostro controllo e Custom-Parts non pu\u00f2 esserne ritenuta responsabile. Se un articolo ordinato risulta non disponibile, vi verr\u00e0 sempre proposta una soluzione. Nel caso in cui il prodotto non possa essere consegnato, il vostro ordine sar\u00e0 interamente rimborsato.    <\/p>\n<p>&nbsp;<\/p>\n<p>6. Consegna<\/p>\n<p>a) Zona di consegna<\/p>\n<p>La consegna \u00e8 limitata a:<\/p>\n<p>\u2022 Germania, Italia, Spagna, Francia metropolitana, Corsica, Belgio, Lussemburgo.<br \/>\n\u2022 Gli altri paesi non sono coperti.<\/p>\n<p>&nbsp;<\/p>\n<p>b) Preparazione dell&#8217;ordine<\/p>\n<p>La preparazione richiede da 12 a 48 ore per i prodotti in stock Custom\u2011Parts e fino a 10 giorni lavorativi per prodotti presso fornitori.<\/p>\n<p>Gli ordini vengono spediti solo dopo la ricezione del pagamento completo.<\/p>\n<p>Ordini multipli possono essere spediti in pacchi separati.<\/p>\n<p>&nbsp;<\/p>\n<p>c) Tempi di consigna<\/p>\n<p>I tempi medi di consegna sono da 5 a 15 giorni lavorativi; ogni scheda prodotto indica una stima. <\/p>\n<p>Se il pacco non viene consegnato nei tempi previsti e non si raggiunge un accordo, l\u2019ordine pu\u00f2 essere rimborsato dopo 30 giorni ai sensi della legge.<\/p>\n<p>&nbsp;<\/p>\n<p>d) Ricezione da parte del Cliente<\/p>\n<p>\u2013 Modalit\u00e0 di consegna<br \/>\nLa consegna dei prodotti avverr\u00e0 all&#8217;indirizzo indicato dal cliente al momento dell&#8217;ordine.<\/p>\n<p>\u2013 Orari<br \/>\nI pacchi vengono consegnati dalle 8:30 alle 18:30 dal luned\u00ec al venerd\u00ec.<\/p>\n<p>\u2013 Informazioni necessarie per la consegna<br \/>\nPer garantire una consegna ottimale, il cliente \u00e8 tenuto a specificare tutte le informazioni utili nella sezione \u00abcommenti\u00bb del modulo d&#8217;ordine: edificio, numero di appartamento, codice di accesso, nome sul citofono, ecc.<\/p>\n<p>\u2013 Ricezione del pacco<br \/>\nIl cliente \u00e8 tenuto a verificare il buono stato del pacco al momento della consegna. In caso di articoli mancanti o danni, il cliente deve formulare delle riserve presso il corriere al momento della consegna, oppure presso il rappresentante dell&#8217;ufficio postale o del punto di ritiro, se del caso. Tali riserve devono essere riportate sulla bolla di consegna. Si raccomanda quindi di non accettare il pacco prima di averlo aperto e controllato il suo contenuto. Contattateci quindi all&#8217;indirizzo e-mail contact[AT]custom-parts.fr (per evitare lo spam, sostituite [AT] con il simbolo classico) specificando i vostri dati, il numero dell&#8217;ordine e la natura del problema, al fine di ottenere una nuova consegna.    <\/p>\n<p>e) Spese di spedizione<br \/>\nLa spedizione \u00e8 gratuita per Italia, Spagna, Francia, Germania, Belgio e Lussemburgo.<\/p>\n<p>&nbsp;<\/p>\n<p>7. Pagamento<\/p>\n<p>Il prezzo totale dell&#8217;ordine \u00e8 indicato nella pagina di conferma dell&#8217;ordine prima del pagamento. Il pagamento pu\u00f2 essere effettuato tramite bonifico bancario o carte di credito: Visa, EuroCard, MasterCard, CB, tramite il servizio di pagamento Mollie. I pagamenti con carta di credito utilizzano il sistema di sicurezza 3D SECURE (codice di sicurezza inviato dalla propria banca al momento del pagamento). I dati personali che i clienti sono tenuti a fornire sono perfettamente protetti e crittografati prima della trasmissione al centro di elaborazione. L&#8217;ordine di un cliente sar\u00e0 considerato effettivo solo a partire dal momento in cui il centro di pagamento avr\u00e0 dato il proprio consenso. In caso di rifiuto da parte del nostro servizio di pagamento, l&#8217;ordine sar\u00e0 automaticamente annullato. Custom-Parts avviser\u00e0 il cliente interessato tramite e-mail o sul proprio sito web.      <\/p>\n<p>&nbsp;<\/p>\n<p>8. Promozioni, sconti e fedelt\u00e0<\/p>\n<p>Custom-Parts si riserva il diritto di concedere ai propri clienti sconti su tutto o parte del catalogo. I prezzi di listino sono soggetti a modifiche senza preavviso, in particolare in caso di errori di inserimento dati. <\/p>\n<p>&nbsp;<\/p>\n<p>9. Resi e cambi<\/p>\n<p>Il cliente dispone di 14 giorni di calendario a partire dal ricevimento del prodotto per restituire o cambiare un articolo. Custom-Parts si impegna a sostituire l&#8217;articolo, a concedere un buono acquisto o a rimborsarlo, a condizione che venga restituito inutilizzato e integro nella sua confezione originale. Gli articoli restituiti incompleti, danneggiati o sporchi dal cliente non saranno in alcun caso accettati. Le spese di restituzione sono a carico del cliente, salvo nel caso in cui il prodotto sia stato ricevuto danneggiato o non conforme alla descrizione indicata. In tal caso, le spese di restituzione saranno a carico di Custom-Parts.    <\/p>\n<p>Alcuni tipi di prodotti non possono essere restituiti n\u00e9 sostituiti. Tra questi figurano gli articoli realizzati su misura (come indicato nella scheda del prodotto), per i quali le dimensioni sono state specificatamente scelte dal cliente, nonch\u00e9 i prodotti in saldo. <\/p>\n<p>Custom-Parts si avvale dei servizi di Mondial Relay per facilitare le procedure di reso. I resi a carico di Custom-Parts vengono effettuati tramite un&#8217;etichetta di spedizione prepagata inviata direttamente al cliente. I pacchi restituiti a carico del cliente utilizzeranno di norma i servizi di Mondial Relay, che rappresentano la soluzione pi\u00f9 vantaggiosa in termini di rapidit\u00e0 e costi per il cliente. Il cliente pu\u00f2 anche scegliere il corriere che preferisce per effettuare il reso, utilizzando obbligatoriamente la spedizione tracciabile per garantire la tracciabilit\u00e0 del pacco. Custom-Parts non pu\u00f2 essere ritenuta responsabile per i pacchi smarriti, derivanti da una procedura di reso non conforme a quella indicata e che non prevede alcuna tracciabilit\u00e0 del pacco da parte del cliente.     <\/p>\n<p>Il rimborso dell&#8217;ordine verr\u00e0 effettuato non appena il pacco sar\u00e0 stato ricevuto e controllato da Custom-Parts.<\/p>\n<p><u>Per richiedere un reso o un cambio, vi preghiamo di contattarci via e-mail all&#8217;indirizzo: contact[AT]custom-parts.fr<\/u><\/p>\n<p>10. Responsabilit\u00e0<\/p>\n<p>I prodotti offerti sono conformi alla legislazione francese vigente. Le fotografie e i testi riprodotti a illustrazione dei prodotti presentati non sono vincolanti. Di conseguenza, Custom-Parts non potr\u00e0 essere ritenuta responsabile in caso di errore in una di tali fotografie o in uno di tali testi. Custom-Parts non potr\u00e0 essere ritenuta responsabile per l&#8217;inadempimento del contratto stipulato in caso di esaurimento delle scorte o indisponibilit\u00e0 del prodotto, in caso di forza maggiore, di perturbazioni o scioperi totali o parziali, in particolare dei servizi postali e dei mezzi di trasporto e\/o di comunicazione, inondazioni, incendi, catastrofi. I collegamenti ipertestuali possono rimandare ad altri siti diversi dal sito Custom-Parts. Custom-Parts declina ogni responsabilit\u00e0 nel caso in cui il contenuto di tali siti contravvenga alle disposizioni legali e regolamentari in vigore. Inoltre, il cliente si impegna a rispettare le condizioni e le precauzioni d&#8217;uso dei prodotti, in particolare se indicate sui foglietti illustrativi o sulle confezioni, o sulle schede prodotto del sito Custom-Parts. Custom-Parts non pu\u00f2 essere ritenuta responsabile per danni di qualsiasi natura che potrebbero derivare da un uso improprio degli articoli consegnati al cliente. Custom-Parts non pu\u00f2 essere ritenuta responsabile per eventuali modifiche apportate dai produttori e\/o dai fornitori nella composizione degli articoli venduti sul sito Custom-Parts. In ogni caso, la responsabilit\u00e0 di Custom-Parts sar\u00e0 limitata all&#8217;importo dell&#8217;ordine.         <\/p>\n<p>&nbsp;<\/p>\n<p>11. Legge Applicabile e Controversie<\/p>\n<p>Il presente contratto \u00e8 regolato dalla legge olandese. La lingua del presente contratto \u00e8 il francese. Il cliente e Custom-Parts cercheranno sempre di raggiungere una soluzione amichevole prima di adire le vie legali. Ai sensi degli articoli del Codice penale che vi fanno riferimento, costituisce truffa &#8220;il fatto, sia mediante l&#8217;uso di un nome falso o di una falsa qualifica, sia mediante l&#8217;abuso di una qualifica vera, sia mediante l&#8217;impiego di manovre fraudolente, di ingannare una persona fisica o giuridica e di indurla cos\u00ec, a suo danno o a danno di terzi, a consegnare fondi, valori o qualsiasi bene, a fornire un servizio o a compiere un atto che comporti un obbligo o un adempimento&#8221;. Il reato di truffa mediante l&#8217;uso fraudolento di un mezzo di pagamento pu\u00f2 comportare una pena detentiva di 5 anni e una multa di 400.000 \u20ac. Il semplice tentativo \u00e8 punito con le stesse pene. La politica del nostro sito \u00e8 quella di perseguire penalmente chiunque si renda colpevole di tali tentativi di frode.      <\/p>\n<p>&nbsp;<\/p>\n<p>12. Protezione dei Dati Personali<\/p>\n<p>I dati personali raccolti dal cliente sono indispensabili per garantire l&#8217;elaborazione dell&#8217;ordine, la spedizione dello stesso e l&#8217;emissione della relativa fattura. La mancata comunicazione di tali dati comporta il rifiuto dell&#8217;ordine. <\/p>\n<p>&nbsp;<\/p>\n<p>13. Contatti<\/p>\n<p>Custom-Parts.fr<br \/>\nE-mail: contact[AT]custom-parts.fr <em>(per evitare lo spam, sostituire [AT] con il simbolo standard)<\/em><br \/>\nModulo di contatto: <a href=\"https:\/\/custom-parts.fr\/contact\/\">clicca qui<\/a><br \/>\nIndirizzo: De Nieuwe Erven 3, 5431 NV Cuijk, Paesi Bassi<br \/>\nTelefono: +31 4 07 85 21 08<br \/>\nRegistro Camera di Commercio Olandese: 67392814<br \/>\nPartita IVA: NL470840195B01<\/p>\n<p>Editore del sito &amp; Responsabile editoriale:<\/p>\n<p>MS DIGITAL<br \/>\nEmail : contact[AROBASE]msdigital.fr<br \/>\nSito web : www.msdigital.fr<\/p>\n<p>Hosting<\/p>\n<p>Hosting: OVH<br \/>\n2 rue Kellermann, 59100 Roubaix, France<br \/>\nSito web : https:\/\/www.ovhcloud.com\/<\/p>\n","protected":false},"excerpt":{"rendered":"<p>1. Accettazione delle Condizioni Generali di Vendita Le presenti Condizioni Generali di Vendita regolano il rapporto commerciale tra Lei (il Cliente) e il sito internet Custom\u2011Parts.fr. Conoscendo e accettando le seguenti disposizioni prima di effettuare un ordine, Lei conferma espressamente di accettare i termini qui indicati. In caso di conflitto tra queste condizioni e qualsiasi [&hellip;]<\/p>\n","protected":false},"author":1,"featured_media":0,"parent":0,"menu_order":0,"comment_status":"closed","ping_status":"closed","template":"","meta":{"footnotes":""},"class_list":["post-25838","page","type-page","status-publish","hentry"],"yoast_head":"<!-- This site is optimized with the Yoast SEO plugin v27.2 - https:\/\/yoast.com\/product\/yoast-seo-wordpress\/ -->\n<title>Condizioni Generali di Vendita<\/title>\n<meta name=\"description\" content=\"Scopri di pi\u00f9 sulle Condizioni generali di vendita di Custom Parts.\" \/>\n<meta name=\"robots\" content=\"index, follow, max-snippet:-1, max-image-preview:large, max-video-preview:-1\" \/>\n<link rel=\"canonical\" href=\"https:\/\/custom-parts.fr\/it\/condizioni-generali-di-vendita\/\" \/>\n<meta property=\"og:locale\" content=\"it_IT\" \/>\n<meta property=\"og:type\" content=\"article\" \/>\n<meta property=\"og:title\" content=\"Condizioni Generali di Vendita\" \/>\n<meta property=\"og:description\" content=\"Scopri di pi\u00f9 sulle Condizioni generali di vendita di Custom Parts.\" \/>\n<meta property=\"og:url\" content=\"https:\/\/custom-parts.fr\/it\/condizioni-generali-di-vendita\/\" \/>\n<meta property=\"og:site_name\" content=\"Custom-Parts.fr\" \/>\n<meta name=\"twitter:card\" content=\"summary_large_image\" \/>\n<meta name=\"twitter:label1\" content=\"Tempo di lettura stimato\" \/>\n\t<meta name=\"twitter:data1\" content=\"9 minuto\" \/>\n<script type=\"application\/ld+json\" class=\"yoast-schema-graph\">{\"@context\":\"https:\/\/schema.org\",\"@graph\":[{\"@type\":\"WebPage\",\"@id\":\"https:\/\/custom-parts.fr\/it\/condizioni-generali-di-vendita\/\",\"url\":\"https:\/\/custom-parts.fr\/it\/condizioni-generali-di-vendita\/\",\"name\":\"Condizioni Generali di Vendita\",\"isPartOf\":{\"@id\":\"https:\/\/custom-parts.fr\/it\/#website\"},\"datePublished\":\"2018-06-17T22:13:44+00:00\",\"description\":\"Scopri di pi\u00f9 sulle Condizioni generali di vendita di Custom Parts.\",\"breadcrumb\":{\"@id\":\"https:\/\/custom-parts.fr\/it\/condizioni-generali-di-vendita\/#breadcrumb\"},\"inLanguage\":\"it-IT\",\"potentialAction\":[{\"@type\":\"ReadAction\",\"target\":[\"https:\/\/custom-parts.fr\/it\/condizioni-generali-di-vendita\/\"]}]},{\"@type\":\"BreadcrumbList\",\"@id\":\"https:\/\/custom-parts.fr\/it\/condizioni-generali-di-vendita\/#breadcrumb\",\"itemListElement\":[{\"@type\":\"ListItem\",\"position\":1,\"name\":\"Home\",\"item\":\"https:\/\/custom-parts.fr\/it\/ricambi-e-accessori-per-mini-bmw-custom-parts\/\"},{\"@type\":\"ListItem\",\"position\":2,\"name\":\"Condizioni Generali di Vendita\"}]},{\"@type\":\"WebSite\",\"@id\":\"https:\/\/custom-parts.fr\/it\/#website\",\"url\":\"https:\/\/custom-parts.fr\/it\/\",\"name\":\"Custom-Parts.fr\",\"description\":\"Ricambi & Accessori su misura per BMW e MINI\",\"publisher\":{\"@id\":\"https:\/\/custom-parts.fr\/it\/#organization\"},\"potentialAction\":[{\"@type\":\"SearchAction\",\"target\":{\"@type\":\"EntryPoint\",\"urlTemplate\":\"https:\/\/custom-parts.fr\/it\/?s={search_term_string}\"},\"query-input\":{\"@type\":\"PropertyValueSpecification\",\"valueRequired\":true,\"valueName\":\"search_term_string\"}}],\"inLanguage\":\"it-IT\"},{\"@type\":\"Organization\",\"@id\":\"https:\/\/custom-parts.fr\/it\/#organization\",\"name\":\"Custom-Parts\",\"url\":\"https:\/\/custom-parts.fr\/it\/\",\"logo\":{\"@type\":\"ImageObject\",\"inLanguage\":\"it-IT\",\"@id\":\"https:\/\/custom-parts.fr\/it\/#\/schema\/logo\/image\/\",\"url\":\"https:\/\/custom-parts.fr\/wp-content\/uploads\/2023\/01\/cropped-cropped-cropped-final-new-police-2-1-1.png\",\"contentUrl\":\"https:\/\/custom-parts.fr\/wp-content\/uploads\/2023\/01\/cropped-cropped-cropped-final-new-police-2-1-1.png\",\"width\":450,\"height\":125,\"caption\":\"Custom-Parts\"},\"image\":{\"@id\":\"https:\/\/custom-parts.fr\/it\/#\/schema\/logo\/image\/\"}}]}<\/script>\n<!-- \/ Yoast SEO plugin. -->","yoast_head_json":{"title":"Condizioni Generali di Vendita","description":"Scopri di pi\u00f9 sulle Condizioni generali di vendita di Custom Parts.","robots":{"index":"index","follow":"follow","max-snippet":"max-snippet:-1","max-image-preview":"max-image-preview:large","max-video-preview":"max-video-preview:-1"},"canonical":"https:\/\/custom-parts.fr\/it\/condizioni-generali-di-vendita\/","og_locale":"it_IT","og_type":"article","og_title":"Condizioni Generali di Vendita","og_description":"Scopri di pi\u00f9 sulle Condizioni generali di vendita di Custom Parts.","og_url":"https:\/\/custom-parts.fr\/it\/condizioni-generali-di-vendita\/","og_site_name":"Custom-Parts.fr","twitter_card":"summary_large_image","twitter_misc":{"Tempo di lettura stimato":"9 minuto"},"schema":{"@context":"https:\/\/schema.org","@graph":[{"@type":"WebPage","@id":"https:\/\/custom-parts.fr\/it\/condizioni-generali-di-vendita\/","url":"https:\/\/custom-parts.fr\/it\/condizioni-generali-di-vendita\/","name":"Condizioni Generali di Vendita","isPartOf":{"@id":"https:\/\/custom-parts.fr\/it\/#website"},"datePublished":"2018-06-17T22:13:44+00:00","description":"Scopri di pi\u00f9 sulle Condizioni generali di vendita di Custom Parts.","breadcrumb":{"@id":"https:\/\/custom-parts.fr\/it\/condizioni-generali-di-vendita\/#breadcrumb"},"inLanguage":"it-IT","potentialAction":[{"@type":"ReadAction","target":["https:\/\/custom-parts.fr\/it\/condizioni-generali-di-vendita\/"]}]},{"@type":"BreadcrumbList","@id":"https:\/\/custom-parts.fr\/it\/condizioni-generali-di-vendita\/#breadcrumb","itemListElement":[{"@type":"ListItem","position":1,"name":"Home","item":"https:\/\/custom-parts.fr\/it\/ricambi-e-accessori-per-mini-bmw-custom-parts\/"},{"@type":"ListItem","position":2,"name":"Condizioni Generali di Vendita"}]},{"@type":"WebSite","@id":"https:\/\/custom-parts.fr\/it\/#website","url":"https:\/\/custom-parts.fr\/it\/","name":"Custom-Parts.fr","description":"Ricambi & Accessori su misura per BMW e MINI","publisher":{"@id":"https:\/\/custom-parts.fr\/it\/#organization"},"potentialAction":[{"@type":"SearchAction","target":{"@type":"EntryPoint","urlTemplate":"https:\/\/custom-parts.fr\/it\/?s={search_term_string}"},"query-input":{"@type":"PropertyValueSpecification","valueRequired":true,"valueName":"search_term_string"}}],"inLanguage":"it-IT"},{"@type":"Organization","@id":"https:\/\/custom-parts.fr\/it\/#organization","name":"Custom-Parts","url":"https:\/\/custom-parts.fr\/it\/","logo":{"@type":"ImageObject","inLanguage":"it-IT","@id":"https:\/\/custom-parts.fr\/it\/#\/schema\/logo\/image\/","url":"https:\/\/custom-parts.fr\/wp-content\/uploads\/2023\/01\/cropped-cropped-cropped-final-new-police-2-1-1.png","contentUrl":"https:\/\/custom-parts.fr\/wp-content\/uploads\/2023\/01\/cropped-cropped-cropped-final-new-police-2-1-1.png","width":450,"height":125,"caption":"Custom-Parts"},"image":{"@id":"https:\/\/custom-parts.fr\/it\/#\/schema\/logo\/image\/"}}]}},"_links":{"self":[{"href":"https:\/\/custom-parts.fr\/it\/wp-json\/wp\/v2\/pages\/25838","targetHints":{"allow":["GET"]}}],"collection":[{"href":"https:\/\/custom-parts.fr\/it\/wp-json\/wp\/v2\/pages"}],"about":[{"href":"https:\/\/custom-parts.fr\/it\/wp-json\/wp\/v2\/types\/page"}],"author":[{"embeddable":true,"href":"https:\/\/custom-parts.fr\/it\/wp-json\/wp\/v2\/users\/1"}],"replies":[{"embeddable":true,"href":"https:\/\/custom-parts.fr\/it\/wp-json\/wp\/v2\/comments?post=25838"}],"version-history":[{"count":0,"href":"https:\/\/custom-parts.fr\/it\/wp-json\/wp\/v2\/pages\/25838\/revisions"}],"wp:attachment":[{"href":"https:\/\/custom-parts.fr\/it\/wp-json\/wp\/v2\/media?parent=25838"}],"curies":[{"name":"wp","href":"https:\/\/api.w.org\/{rel}","templated":true}]}}