{"id":25839,"date":"2018-06-14T22:37:17","date_gmt":"2018-06-14T20:37:17","guid":{"rendered":"https:\/\/custom-parts.fr\/informativa-sulla-privacy\/"},"modified":"2018-06-14T22:37:17","modified_gmt":"2018-06-14T20:37:17","slug":"informativa-sulla-privacy","status":"publish","type":"page","link":"https:\/\/custom-parts.fr\/it\/informativa-sulla-privacy\/","title":{"rendered":"Informativa sulla privacy"},"content":{"rendered":"<p><strong>Dati personali<\/strong><\/p>\n<p>Quando utilizzate il nostro servizio, effettuate un ordine o vi iscrivete alla nostra newsletter, alcune informazioni personali vengono raccolte per permettere l\u2019esecuzione del servizio richiesto. Custom\u2011Parts.fr non conserva alcun dato personale oltre gli strumenti online necessari per l\u2019esecuzione del servizio stesso. Inoltre, non autorizziamo questi strumenti a usare le informazioni per altri scopi n\u00e9 a condividerle con terzi.  <\/p>\n<p>&nbsp;<\/p>\n<p><strong>Iscrizione<\/strong><\/p>\n<p>Alcuni elementi dei nostri servizi richiedono un\u2019iscrizione preventiva. Per questo \u00e8 necessario fornire alcune informazioni personali e scegliere un nome utente e una password per l\u2019account che verr\u00e0 creato. <\/p>\n<p>Conserviamo queste informazioni per un massimo di 1 anno a fini amministrativi e affinch\u00e9 Lei non debba inserirle nuovamente ad ogni accesso. Successivamente, tali dati vengono anonimizzati. <\/p>\n<p>&nbsp;<\/p>\n<p><strong>Ordini<\/strong><\/p>\n<p>Quando effettuate un ordine, i seguenti dati vengono raccolti:<\/p>\n<ul>\n<li>Nome<\/li>\n<li>Cognome<\/li>\n<li>Indirizzo e\u2011mail<\/li>\n<li>Nome dell\u2019azienda (facoltativo)<\/li>\n<li>Paese<\/li>\n<li>Indirizzo di consegna<\/li>\n<\/ul>\n<p>Queste informazioni vengono raccolte per permettere la spedizione dei prodotti, la gestione dell\u2019ordine e di eventuali resi. I dati vengono conservati per un massimo di 1 anno prima di essere anonimizzati. <\/p>\n<p>&nbsp;<\/p>\n<p><strong>Modulo di contatto, newsletter e email transazionali<\/strong><\/p>\n<p>Quando utilizzate il modulo di contatto o il modulo di iscrizione alla newsletter, potreste fornire informazioni come il vostro indirizzo email, nome o nome dell\u2019azienda. I campi obbligatori sono indicati all\u2019interno di ciascun modulo. Questi dati sono conservati per un massimo di 1 anno prima di essere anonimizzati. Se inserite informazioni aggiuntive nel campo \u201cIl vostro messaggio\u201d, queste potranno essere raccolte.   <\/p>\n<p>I dati del modulo di contatto sono utilizzati esclusivamente per ricontattarLa in risposta alla Sua richiesta.<\/p>\n<p>\u00c8 presente un campo di iscrizione per ricevere la newsletter con promozioni e novit\u00e0 sui nostri prodotti. \u00c8 necessario il consenso esplicito per ricevere questo tipo di comunicazioni. Ogni newsletter contiene un link di cancellazione per sospendere l\u2019invio.  <\/p>\n<p>Dopo un ordine riuscito, viene inviata un\u2019email per raccogliere il Suo parere sull\u2019acquisto e sui prodotti. Anche in questo caso \u00e8 disponibile un link di annullamento per non ricevere pi\u00f9 tali email. <\/p>\n<p>&nbsp;<\/p>\n<p><strong>Software di gestione e\u2011commerce<br \/><\/strong><\/p>\n<p>Il nostro negozio online si basa su software sviluppato da WooCommerce. WooCommerce utilizza i cookie per raccogliere informazioni tecniche sull\u2019utilizzo del sito. Non vengono raccolti n\u00e9 memorizzati dati personali tramite questo software.  <\/p>\n<p>&nbsp;<\/p>\n<p><strong>Servizi di pagamento di terze parti \u2013 Mollie, PayPal<br \/><\/strong><\/p>\n<p>Per il trattamento dei pagamenti nel nostro negozio online utilizziamo i servizi dei fornitori Mollie (per bonifici bancari e carte di credito) e PayPal. Queste parti elaborano i Suoi dati di pagamento (ad esempio il numero di carta di credito o di conto bancario) e ne garantiscono la sicurezza. Alcuni dati vengono analizzati allo scopo di prevenire frodi. La invitiamo a consultare le relative politiche sulla privacy di Mollie e PayPal per ulteriori dettagli.   <\/p>\n<p>&nbsp;<\/p>\n<p><strong>Diritti sui Suoi dati<br \/><\/strong><\/p>\n<p>Lei pu\u00f2 richiedere la cancellazione dei Suoi dati personali. Ci\u00f2 non include i dati conservati per motivi amministrativi, legali o di sicurezza. <\/p>\n<p><strong>Per richiedere la cancellazione dei propri dati<\/strong>, inviare un&#8217;e-mail all&#8217;indirizzo contact[at]custom-parts.fr (<em>per evitare lo spam, sostituire [at] con il simbolo standard)<\/em> indicando nell&#8217;oggetto \u00abCancellazione dei miei dati personali\u00bb.<\/p>\n<p>&nbsp;<\/p>\n<p><strong>Utilizzo dei cookie<br \/><\/strong><\/p>\n<p>Questo sito utilizza cookie. Li utilizziamo per garantirLe la miglior esperienza utente, migliorare il sito internet e gli elementi di comunicazione. Potr\u00e0 scegliere le Sue preferenze relative all\u2019uso dei cookie tramite i pulsanti mostrati.<br \/>\nI cookie sono piccoli file di testo utilizzati dai siti web per rendere l\u2019esperienza dell\u2019utente pi\u00f9 efficace.  <\/p>\n<p>La legge stabilisce che non possiamo memorizzare cookie sul Suo dispositivo se non sono strettamente necessari per il funzionamento del sito. Per tutti gli altri tipi di cookie \u00e8 necessario il Suo consenso. <\/p>\n<p>&nbsp;<\/p>\n<p><strong>Cookie necessari<\/strong><br \/>\nI cookie necessari contribuiscono a rendere il sito utilizzabile attivando funzioni come la navigazione tra le pagine e l\u2019accesso alle aree protette. Il sito non pu\u00f2 funzionare correttamente senza questi cookie. <\/p>\n<p>&nbsp;<\/p>\n<p><strong>Cookie statistici<\/strong><br \/>\nI cookie statistici aiutano i proprietari del sito a comprendere come i visitatori interagiscono con il sito in forma anonima. In base alle Sue scelte sui cookie, possono essere raccolte informazioni tramite Google Analytics, come le pagine visitate, l\u2019indirizzo IP, il tipo di browser e i tempi di accesso. Tali informazioni vengono usate internamente per migliorare la qualit\u00e0 del sito e dei servizi. Abbiamo accettato l\u2019utilizzo dei dati di Google Analytics, ma non autorizziamo Google a utilizzare tali informazioni per altri servizi Google, e rendiamo gli indirizzi IP anonimi. \u00c8 possibile disattivare l&#8217;utilizzo generale di Google Analytics cliccando su <a href=\"https:\/\/web.archive.org\/web\/20200920111422\/https:\/tools.google.com\/dlpage\/gaoptout\/\">questo link<\/a>.     <\/p>\n<p>&nbsp;<\/p>\n<p>Cookie di marketing<br \/>\nI cookie di marketing vengono utilizzati per tracciare i visitatori attraverso i siti web. Lo scopo \u00e8 quello di mostrare annunci pubblicitari pertinenti e pi\u00f9 interessanti per il singolo utente. Il servizio Google DoubleClick utilizza i cookie sul nostro sito web per registrare e segnalare le azioni dell&#8217;utente del sito dopo che questi ha visualizzato o cliccato su uno dei nostri annunci pubblicitari, al fine di misurarne l&#8217;efficacia e presentare annunci pubblicitari pertinenti all&#8217;utente. Questi dati vengono raccolti in forma anonima.   <\/p>\n<p>&nbsp;<\/p>\n<p><strong>Informazioni di contatto<\/strong><\/p>\n<p>Custom-Parts.fr<br \/>\nE-mail: contact[AT]custom-parts.fr <em>(per evitare lo spam, sostituire [AT] con il simbolo standard)<\/em><br \/>\nModulo di contatto: <a href=\"https:\/\/custom-parts.fr\/contact\/\">clicca qui<\/a><br \/>\nIndirizzo: De Nieuwe Erven 3, 5431 NV Cuijk, Paesi Bassi<br \/>\nTelefono: +31 4 07 85 21 08<br \/>\nRegistro Camera di Commercio Olandese: 67392814<br \/>\nPartita IVA: NL470840195B01<\/p>\n<p>Editore del sito &amp; Responsabile editoriale:<\/p>\n<p>MS DIGITAL<br \/>\nEmail : contact[AROBASE]msdigital.fr<br \/>\nSito web : <a href=\"https:\/\/msdigital.fr\" target=\"_blank\" rel=\"noopener noreferrer\">www.msdigital.fr<\/a><\/p>\n<p>Hosting<\/p>\n<p>Hosting: OVH<br \/>\n2 rue Kellermann, 59100 Roubaix, France<br \/>\nSito web : https:\/\/www.ovhcloud.com\/<\/p>\n","protected":false},"excerpt":{"rendered":"<p>Dati personali Quando utilizzate il nostro servizio, effettuate un ordine o vi iscrivete alla nostra newsletter, alcune informazioni personali vengono raccolte per permettere l\u2019esecuzione del servizio richiesto. Custom\u2011Parts.fr non conserva alcun dato personale oltre gli strumenti online necessari per l\u2019esecuzione del servizio stesso. Inoltre, non autorizziamo questi strumenti a usare le informazioni per altri scopi [&hellip;]<\/p>\n","protected":false},"author":1,"featured_media":0,"parent":0,"menu_order":0,"comment_status":"closed","ping_status":"closed","template":"","meta":{"footnotes":""},"class_list":["post-25839","page","type-page","status-publish","hentry"],"yoast_head":"<!-- This site is optimized with the Yoast SEO plugin v27.2 - https:\/\/yoast.com\/product\/yoast-seo-wordpress\/ -->\n<title>Informativa sulla privacy<\/title>\n<meta name=\"description\" content=\"Dati personali Quando utilizzate il nostro servizio, effettuate un ordine o vi iscrivete alla nostra newsletter, alcune informazioni personali vengono\" \/>\n<meta name=\"robots\" content=\"index, follow, max-snippet:-1, max-image-preview:large, max-video-preview:-1\" \/>\n<link rel=\"canonical\" href=\"https:\/\/custom-parts.fr\/it\/informativa-sulla-privacy\/\" \/>\n<meta property=\"og:locale\" content=\"it_IT\" \/>\n<meta property=\"og:type\" content=\"article\" \/>\n<meta property=\"og:title\" content=\"Informativa sulla privacy\" \/>\n<meta property=\"og:description\" content=\"Dati personali Quando utilizzate il nostro servizio, effettuate un ordine o vi iscrivete alla nostra newsletter, alcune informazioni personali vengono\" \/>\n<meta property=\"og:url\" content=\"https:\/\/custom-parts.fr\/it\/informativa-sulla-privacy\/\" \/>\n<meta property=\"og:site_name\" content=\"Custom-Parts.fr\" \/>\n<meta name=\"twitter:card\" content=\"summary_large_image\" \/>\n<meta name=\"twitter:label1\" content=\"Tempo di lettura stimato\" \/>\n\t<meta name=\"twitter:data1\" content=\"5 minuto\" \/>\n<script type=\"application\/ld+json\" class=\"yoast-schema-graph\">{\"@context\":\"https:\/\/schema.org\",\"@graph\":[{\"@type\":\"WebPage\",\"@id\":\"https:\/\/custom-parts.fr\/it\/informativa-sulla-privacy\/\",\"url\":\"https:\/\/custom-parts.fr\/it\/informativa-sulla-privacy\/\",\"name\":\"Informativa sulla privacy\",\"isPartOf\":{\"@id\":\"https:\/\/custom-parts.fr\/it\/#website\"},\"datePublished\":\"2018-06-14T20:37:17+00:00\",\"description\":\"Dati personali Quando utilizzate il nostro servizio, effettuate un ordine o vi iscrivete alla nostra newsletter, alcune informazioni personali vengono\",\"breadcrumb\":{\"@id\":\"https:\/\/custom-parts.fr\/it\/informativa-sulla-privacy\/#breadcrumb\"},\"inLanguage\":\"it-IT\",\"potentialAction\":[{\"@type\":\"ReadAction\",\"target\":[\"https:\/\/custom-parts.fr\/it\/informativa-sulla-privacy\/\"]}]},{\"@type\":\"BreadcrumbList\",\"@id\":\"https:\/\/custom-parts.fr\/it\/informativa-sulla-privacy\/#breadcrumb\",\"itemListElement\":[{\"@type\":\"ListItem\",\"position\":1,\"name\":\"Home\",\"item\":\"https:\/\/custom-parts.fr\/it\/ricambi-e-accessori-per-mini-bmw-custom-parts\/\"},{\"@type\":\"ListItem\",\"position\":2,\"name\":\"Informativa sulla privacy\"}]},{\"@type\":\"WebSite\",\"@id\":\"https:\/\/custom-parts.fr\/it\/#website\",\"url\":\"https:\/\/custom-parts.fr\/it\/\",\"name\":\"Custom-Parts.fr\",\"description\":\"Ricambi & Accessori su misura per BMW e MINI\",\"publisher\":{\"@id\":\"https:\/\/custom-parts.fr\/it\/#organization\"},\"potentialAction\":[{\"@type\":\"SearchAction\",\"target\":{\"@type\":\"EntryPoint\",\"urlTemplate\":\"https:\/\/custom-parts.fr\/it\/?s={search_term_string}\"},\"query-input\":{\"@type\":\"PropertyValueSpecification\",\"valueRequired\":true,\"valueName\":\"search_term_string\"}}],\"inLanguage\":\"it-IT\"},{\"@type\":\"Organization\",\"@id\":\"https:\/\/custom-parts.fr\/it\/#organization\",\"name\":\"Custom-Parts\",\"url\":\"https:\/\/custom-parts.fr\/it\/\",\"logo\":{\"@type\":\"ImageObject\",\"inLanguage\":\"it-IT\",\"@id\":\"https:\/\/custom-parts.fr\/it\/#\/schema\/logo\/image\/\",\"url\":\"https:\/\/custom-parts.fr\/wp-content\/uploads\/2023\/01\/cropped-cropped-cropped-final-new-police-2-1-1.png\",\"contentUrl\":\"https:\/\/custom-parts.fr\/wp-content\/uploads\/2023\/01\/cropped-cropped-cropped-final-new-police-2-1-1.png\",\"width\":450,\"height\":125,\"caption\":\"Custom-Parts\"},\"image\":{\"@id\":\"https:\/\/custom-parts.fr\/it\/#\/schema\/logo\/image\/\"}}]}<\/script>\n<!-- \/ Yoast SEO plugin. -->","yoast_head_json":{"title":"Informativa sulla privacy","description":"Dati personali Quando utilizzate il nostro servizio, effettuate un ordine o vi iscrivete alla nostra newsletter, alcune informazioni personali vengono","robots":{"index":"index","follow":"follow","max-snippet":"max-snippet:-1","max-image-preview":"max-image-preview:large","max-video-preview":"max-video-preview:-1"},"canonical":"https:\/\/custom-parts.fr\/it\/informativa-sulla-privacy\/","og_locale":"it_IT","og_type":"article","og_title":"Informativa sulla privacy","og_description":"Dati personali Quando utilizzate il nostro servizio, effettuate un ordine o vi iscrivete alla nostra newsletter, alcune informazioni personali vengono","og_url":"https:\/\/custom-parts.fr\/it\/informativa-sulla-privacy\/","og_site_name":"Custom-Parts.fr","twitter_card":"summary_large_image","twitter_misc":{"Tempo di lettura stimato":"5 minuto"},"schema":{"@context":"https:\/\/schema.org","@graph":[{"@type":"WebPage","@id":"https:\/\/custom-parts.fr\/it\/informativa-sulla-privacy\/","url":"https:\/\/custom-parts.fr\/it\/informativa-sulla-privacy\/","name":"Informativa sulla privacy","isPartOf":{"@id":"https:\/\/custom-parts.fr\/it\/#website"},"datePublished":"2018-06-14T20:37:17+00:00","description":"Dati personali Quando utilizzate il nostro servizio, effettuate un ordine o vi iscrivete alla nostra newsletter, alcune informazioni personali vengono","breadcrumb":{"@id":"https:\/\/custom-parts.fr\/it\/informativa-sulla-privacy\/#breadcrumb"},"inLanguage":"it-IT","potentialAction":[{"@type":"ReadAction","target":["https:\/\/custom-parts.fr\/it\/informativa-sulla-privacy\/"]}]},{"@type":"BreadcrumbList","@id":"https:\/\/custom-parts.fr\/it\/informativa-sulla-privacy\/#breadcrumb","itemListElement":[{"@type":"ListItem","position":1,"name":"Home","item":"https:\/\/custom-parts.fr\/it\/ricambi-e-accessori-per-mini-bmw-custom-parts\/"},{"@type":"ListItem","position":2,"name":"Informativa sulla privacy"}]},{"@type":"WebSite","@id":"https:\/\/custom-parts.fr\/it\/#website","url":"https:\/\/custom-parts.fr\/it\/","name":"Custom-Parts.fr","description":"Ricambi & Accessori su misura per BMW e MINI","publisher":{"@id":"https:\/\/custom-parts.fr\/it\/#organization"},"potentialAction":[{"@type":"SearchAction","target":{"@type":"EntryPoint","urlTemplate":"https:\/\/custom-parts.fr\/it\/?s={search_term_string}"},"query-input":{"@type":"PropertyValueSpecification","valueRequired":true,"valueName":"search_term_string"}}],"inLanguage":"it-IT"},{"@type":"Organization","@id":"https:\/\/custom-parts.fr\/it\/#organization","name":"Custom-Parts","url":"https:\/\/custom-parts.fr\/it\/","logo":{"@type":"ImageObject","inLanguage":"it-IT","@id":"https:\/\/custom-parts.fr\/it\/#\/schema\/logo\/image\/","url":"https:\/\/custom-parts.fr\/wp-content\/uploads\/2023\/01\/cropped-cropped-cropped-final-new-police-2-1-1.png","contentUrl":"https:\/\/custom-parts.fr\/wp-content\/uploads\/2023\/01\/cropped-cropped-cropped-final-new-police-2-1-1.png","width":450,"height":125,"caption":"Custom-Parts"},"image":{"@id":"https:\/\/custom-parts.fr\/it\/#\/schema\/logo\/image\/"}}]}},"_links":{"self":[{"href":"https:\/\/custom-parts.fr\/it\/wp-json\/wp\/v2\/pages\/25839","targetHints":{"allow":["GET"]}}],"collection":[{"href":"https:\/\/custom-parts.fr\/it\/wp-json\/wp\/v2\/pages"}],"about":[{"href":"https:\/\/custom-parts.fr\/it\/wp-json\/wp\/v2\/types\/page"}],"author":[{"embeddable":true,"href":"https:\/\/custom-parts.fr\/it\/wp-json\/wp\/v2\/users\/1"}],"replies":[{"embeddable":true,"href":"https:\/\/custom-parts.fr\/it\/wp-json\/wp\/v2\/comments?post=25839"}],"version-history":[{"count":0,"href":"https:\/\/custom-parts.fr\/it\/wp-json\/wp\/v2\/pages\/25839\/revisions"}],"wp:attachment":[{"href":"https:\/\/custom-parts.fr\/it\/wp-json\/wp\/v2\/media?parent=25839"}],"curies":[{"name":"wp","href":"https:\/\/api.w.org\/{rel}","templated":true}]}}