{"id":26283,"date":"2023-07-22T18:37:02","date_gmt":"2023-07-22T16:37:02","guid":{"rendered":"https:\/\/custom-parts.fr\/produit\/cover-maniglie-renault-megane-3-2008-2016-nero-lucido\/"},"modified":"2026-03-29T23:07:00","modified_gmt":"2026-03-29T21:07:00","slug":"cover-maniglie-renault-megane-3-2008-2016-nero-lucido","status":"publish","type":"product","link":"https:\/\/custom-parts.fr\/it\/prodotto\/cover-maniglie-renault-megane-3-2008-2016-nero-lucido\/","title":{"rendered":"Cover maniglie Renault Megane 3 (2008-2016) &#8211; Nero lucido"},"content":{"rendered":"<p><strong>Cover maniglie Nero lucido per Renault Megane 3 (MK3 &#8211; III)<\/strong><\/p>\n<p>&nbsp;<\/p>\n<p>Queste coperture sono realizzate su misura per le maniglie della vostra M\u00e9gane 3, indipendentemente dal modello. Applicandole direttamente sulle maniglie originali tramite un biadesivo di alta qualit\u00e0, vi consentiranno di modificare l&#8217;estetica della vostra Renault M\u00e9gane 3, M\u00e9gane 3 Coup\u00e9 o M\u00e9gane 3RS senza bisogno di smontare nulla n\u00e9 di attrezzi. La plastica ultrasottile e modellata su misura ricopre perfettamente la maniglia della portiera per mantenere un aspetto identico all&#8217;originale. Un prodotto eccellente, quindi, per sostituire il cromo delle maniglie delle portiere della tua M\u00e9gane in pochi secondi, con la garanzia di un risultato perfetto.   <\/p>\n<p>&nbsp;<\/p>\n<p><strong>NB: Le coperture hanno una pellicola protettiva trasparente da rimuovere dopo l&#8217;installazione. La pellicola protettiva pu\u00f2 modificare il colore reale delle foto mostrate sulle schede prodotto. Le case hanno sempre una finitura lucida dopo aver rimosso le pellicole protettive, salvo diversa indicazione.  <\/strong><\/p>\n<p>&nbsp;<\/p>\n<h2>Caratteristiche:<\/h2>\n<ul>\n<li><strong>NB: controlla il sistema di apertura delle porte prima di acquistare per assicurarti che i componenti siano compatibili.<\/strong><\/li>\n<li>Consegnato in coppia<\/li>\n<li>Colore: nero lucido<\/li>\n<li>Materiale: Plastica ABS<\/li>\n<li>Facile da montare e smontare grazie al nastro biadesivo automobilistico preinstallato.<\/li>\n<li>In caso di freddo, usa un phon per capelli per riscaldare la colla e facilitarne l&#8217;adesione.<\/li>\n<\/ul>\n<p>&nbsp;<\/p>\n<h2>Adatto per:<\/h2>\n<ul>\n<li>Renault M\u00e9gane 3, Coup\u00e9 &amp; RS 2008-2016<\/li>\n<\/ul>\n<p>&nbsp;<\/p>\n<p><img decoding=\"async\" class=\"alignnone size-medium wp-image-22362 lazyload\" data-src=\"https:\/\/custom-parts.fr\/wp-content\/uploads\/2023\/07\/Coques-Poignees-de-portes-pour-Renault-Megane-3-2008-2016-Noir-brillant-2-300x300.jpg\" alt=\"\" width=\"300\" height=\"300\" data-srcset=\"https:\/\/custom-parts.fr\/wp-content\/uploads\/2023\/07\/Coques-Poignees-de-portes-pour-Renault-Megane-3-2008-2016-Noir-brillant-2-300x300.jpg 300w, https:\/\/custom-parts.fr\/wp-content\/uploads\/2023\/07\/Coques-Poignees-de-portes-pour-Renault-Megane-3-2008-2016-Noir-brillant-2-150x150.jpg 150w, https:\/\/custom-parts.fr\/wp-content\/uploads\/2023\/07\/Coques-Poignees-de-portes-pour-Renault-Megane-3-2008-2016-Noir-brillant-2-100x100.jpg 100w, https:\/\/custom-parts.fr\/wp-content\/uploads\/2023\/07\/Coques-Poignees-de-portes-pour-Renault-Megane-3-2008-2016-Noir-brillant-2-48x48.jpg 48w, https:\/\/custom-parts.fr\/wp-content\/uploads\/2023\/07\/Coques-Poignees-de-portes-pour-Renault-Megane-3-2008-2016-Noir-brillant-2.jpg 500w\" data-sizes=\"(max-width: 300px) 100vw, 300px\" src=\"data:image\/svg+xml;base64,PHN2ZyB3aWR0aD0iMSIgaGVpZ2h0PSIxIiB4bWxucz0iaHR0cDovL3d3dy53My5vcmcvMjAwMC9zdmciPjwvc3ZnPg==\" style=\"--smush-placeholder-width: 300px; --smush-placeholder-aspect-ratio: 300\/300;\" \/><\/p>\n","protected":false},"excerpt":{"rendered":"<p>\u2713 Personalizza la tua M\u00e9gane a tuo piacimento!<br \/>\n\u2713 Facile da installare e sostituire<br \/>\n\u2713 Si adatta perfettamente al tuo componente originale<\/p>\n","protected":false},"featured_media":26035,"comment_status":"open","ping_status":"closed","template":"","meta":[],"product_brand":[],"product_cat":[407],"product_tag":[],"class_list":{"0":"post-26283","1":"product","2":"type-product","3":"status-publish","4":"has-post-thumbnail","6":"product_cat-ricambi-accessori-renault","8":"first","9":"instock","10":"taxable","11":"shipping-taxable","12":"purchasable","13":"product-type-variable"},"yoast_head":"<!-- This site is optimized with the Yoast SEO plugin v27.2 - https:\/\/yoast.com\/product\/yoast-seo-wordpress\/ -->\n<title>Cover maniglie Renault Megane 3 (2008-2016) - Nero lucido - Custom-Parts.fr<\/title>\n<meta name=\"description\" content=\"Acquista i tuoi Cover maniglie Renault Megane 3 (2008-2016) - Nero lucido e tutti i tuoi accessori su Custom-Parts.fr! M\u00e9gane III (MK3)\" \/>\n<meta name=\"robots\" content=\"index, follow, max-snippet:-1, max-image-preview:large, max-video-preview:-1\" \/>\n<link rel=\"canonical\" href=\"https:\/\/custom-parts.fr\/it\/prodotto\/cover-maniglie-renault-megane-3-2008-2016-nero-lucido\/\" \/>\n<meta property=\"og:locale\" content=\"it_IT\" \/>\n<meta property=\"og:type\" content=\"article\" \/>\n<meta property=\"og:title\" content=\"Cover maniglie Renault Megane 3 (2008-2016) - Nero lucido - Custom-Parts.fr\" \/>\n<meta property=\"og:description\" content=\"Acquista i tuoi Cover maniglie Renault Megane 3 (2008-2016) - Nero lucido e tutti i tuoi accessori su Custom-Parts.fr! M\u00e9gane III (MK3)\" \/>\n<meta property=\"og:url\" content=\"https:\/\/custom-parts.fr\/it\/prodotto\/cover-maniglie-renault-megane-3-2008-2016-nero-lucido\/\" \/>\n<meta property=\"og:site_name\" content=\"Custom-Parts.fr\" \/>\n<meta property=\"article:modified_time\" content=\"2026-03-29T21:07:00+00:00\" \/>\n<meta property=\"og:image\" content=\"https:\/\/custom-parts.fr\/wp-content\/uploads\/2023\/07\/Coques-Poignees-de-portes-pour-Renault-Megane-3-2008-2016-Noir-brillant-3.jpg\" \/>\n\t<meta property=\"og:image:width\" content=\"500\" \/>\n\t<meta property=\"og:image:height\" content=\"500\" \/>\n\t<meta property=\"og:image:type\" content=\"image\/jpeg\" \/>\n<meta name=\"twitter:card\" content=\"summary_large_image\" \/>\n<meta name=\"twitter:label1\" content=\"Tempo di lettura stimato\" \/>\n\t<meta name=\"twitter:data1\" content=\"1 minuto\" \/>\n<script type=\"application\/ld+json\" class=\"yoast-schema-graph\">{\"@context\":\"https:\/\/schema.org\",\"@graph\":[{\"@type\":\"WebPage\",\"@id\":\"https:\/\/custom-parts.fr\/it\/prodotto\/cover-maniglie-renault-megane-3-2008-2016-nero-lucido\/\",\"url\":\"https:\/\/custom-parts.fr\/it\/prodotto\/cover-maniglie-renault-megane-3-2008-2016-nero-lucido\/\",\"name\":\"Cover maniglie Renault Megane 3 (2008-2016) - Nero lucido - Custom-Parts.fr\",\"isPartOf\":{\"@id\":\"https:\/\/custom-parts.fr\/it\/#website\"},\"primaryImageOfPage\":{\"@id\":\"https:\/\/custom-parts.fr\/it\/prodotto\/cover-maniglie-renault-megane-3-2008-2016-nero-lucido\/#primaryimage\"},\"image\":{\"@id\":\"https:\/\/custom-parts.fr\/it\/prodotto\/cover-maniglie-renault-megane-3-2008-2016-nero-lucido\/#primaryimage\"},\"thumbnailUrl\":\"https:\/\/custom-parts.fr\/wp-content\/uploads\/2023\/07\/Coques-Poignees-de-portes-pour-Renault-Megane-3-2008-2016-Noir-brillant-3.jpg\",\"datePublished\":\"2023-07-22T16:37:02+00:00\",\"dateModified\":\"2026-03-29T21:07:00+00:00\",\"description\":\"Acquista i tuoi Cover maniglie Renault Megane 3 (2008-2016) - Nero lucido e tutti i tuoi accessori su Custom-Parts.fr! M\u00e9gane III (MK3)\",\"breadcrumb\":{\"@id\":\"https:\/\/custom-parts.fr\/it\/prodotto\/cover-maniglie-renault-megane-3-2008-2016-nero-lucido\/#breadcrumb\"},\"inLanguage\":\"it-IT\",\"potentialAction\":[{\"@type\":\"ReadAction\",\"target\":[\"https:\/\/custom-parts.fr\/it\/prodotto\/cover-maniglie-renault-megane-3-2008-2016-nero-lucido\/\"]}]},{\"@type\":\"ImageObject\",\"inLanguage\":\"it-IT\",\"@id\":\"https:\/\/custom-parts.fr\/it\/prodotto\/cover-maniglie-renault-megane-3-2008-2016-nero-lucido\/#primaryimage\",\"url\":\"https:\/\/custom-parts.fr\/wp-content\/uploads\/2023\/07\/Coques-Poignees-de-portes-pour-Renault-Megane-3-2008-2016-Noir-brillant-3.jpg\",\"contentUrl\":\"https:\/\/custom-parts.fr\/wp-content\/uploads\/2023\/07\/Coques-Poignees-de-portes-pour-Renault-Megane-3-2008-2016-Noir-brillant-3.jpg\",\"width\":500,\"height\":500},{\"@type\":\"BreadcrumbList\",\"@id\":\"https:\/\/custom-parts.fr\/it\/prodotto\/cover-maniglie-renault-megane-3-2008-2016-nero-lucido\/#breadcrumb\",\"itemListElement\":[{\"@type\":\"ListItem\",\"position\":1,\"name\":\"Home\",\"item\":\"https:\/\/custom-parts.fr\/it\/ricambi-e-accessori-per-mini-bmw-custom-parts\/\"},{\"@type\":\"ListItem\",\"position\":2,\"name\":\"Store\",\"item\":\"https:\/\/custom-parts.fr\/it\/store\/\"},{\"@type\":\"ListItem\",\"position\":3,\"name\":\"Cover maniglie Renault Megane 3 (2008-2016) &#8211; Nero lucido\"}]},{\"@type\":\"WebSite\",\"@id\":\"https:\/\/custom-parts.fr\/it\/#website\",\"url\":\"https:\/\/custom-parts.fr\/it\/\",\"name\":\"Custom-Parts.fr\",\"description\":\"Ricambi & Accessori su misura per BMW e MINI\",\"publisher\":{\"@id\":\"https:\/\/custom-parts.fr\/it\/#organization\"},\"potentialAction\":[{\"@type\":\"SearchAction\",\"target\":{\"@type\":\"EntryPoint\",\"urlTemplate\":\"https:\/\/custom-parts.fr\/it\/?s={search_term_string}\"},\"query-input\":{\"@type\":\"PropertyValueSpecification\",\"valueRequired\":true,\"valueName\":\"search_term_string\"}}],\"inLanguage\":\"it-IT\"},{\"@type\":\"Organization\",\"@id\":\"https:\/\/custom-parts.fr\/it\/#organization\",\"name\":\"Custom-Parts\",\"url\":\"https:\/\/custom-parts.fr\/it\/\",\"logo\":{\"@type\":\"ImageObject\",\"inLanguage\":\"it-IT\",\"@id\":\"https:\/\/custom-parts.fr\/it\/#\/schema\/logo\/image\/\",\"url\":\"https:\/\/custom-parts.fr\/wp-content\/uploads\/2023\/01\/cropped-cropped-cropped-final-new-police-2-1-1.png\",\"contentUrl\":\"https:\/\/custom-parts.fr\/wp-content\/uploads\/2023\/01\/cropped-cropped-cropped-final-new-police-2-1-1.png\",\"width\":450,\"height\":125,\"caption\":\"Custom-Parts\"},\"image\":{\"@id\":\"https:\/\/custom-parts.fr\/it\/#\/schema\/logo\/image\/\"}}]}<\/script>\n<!-- \/ Yoast SEO plugin. -->","yoast_head_json":{"title":"Cover maniglie Renault Megane 3 (2008-2016) - Nero lucido - Custom-Parts.fr","description":"Acquista i tuoi Cover maniglie Renault Megane 3 (2008-2016) - Nero lucido e tutti i tuoi accessori su Custom-Parts.fr! M\u00e9gane III (MK3)","robots":{"index":"index","follow":"follow","max-snippet":"max-snippet:-1","max-image-preview":"max-image-preview:large","max-video-preview":"max-video-preview:-1"},"canonical":"https:\/\/custom-parts.fr\/it\/prodotto\/cover-maniglie-renault-megane-3-2008-2016-nero-lucido\/","og_locale":"it_IT","og_type":"article","og_title":"Cover maniglie Renault Megane 3 (2008-2016) - Nero lucido - Custom-Parts.fr","og_description":"Acquista i tuoi Cover maniglie Renault Megane 3 (2008-2016) - Nero lucido e tutti i tuoi accessori su Custom-Parts.fr! M\u00e9gane III (MK3)","og_url":"https:\/\/custom-parts.fr\/it\/prodotto\/cover-maniglie-renault-megane-3-2008-2016-nero-lucido\/","og_site_name":"Custom-Parts.fr","article_modified_time":"2026-03-29T21:07:00+00:00","og_image":[{"width":500,"height":500,"url":"https:\/\/custom-parts.fr\/wp-content\/uploads\/2023\/07\/Coques-Poignees-de-portes-pour-Renault-Megane-3-2008-2016-Noir-brillant-3.jpg","type":"image\/jpeg"}],"twitter_card":"summary_large_image","twitter_misc":{"Tempo di lettura stimato":"1 minuto"},"schema":{"@context":"https:\/\/schema.org","@graph":[{"@type":"WebPage","@id":"https:\/\/custom-parts.fr\/it\/prodotto\/cover-maniglie-renault-megane-3-2008-2016-nero-lucido\/","url":"https:\/\/custom-parts.fr\/it\/prodotto\/cover-maniglie-renault-megane-3-2008-2016-nero-lucido\/","name":"Cover maniglie Renault Megane 3 (2008-2016) - Nero lucido - Custom-Parts.fr","isPartOf":{"@id":"https:\/\/custom-parts.fr\/it\/#website"},"primaryImageOfPage":{"@id":"https:\/\/custom-parts.fr\/it\/prodotto\/cover-maniglie-renault-megane-3-2008-2016-nero-lucido\/#primaryimage"},"image":{"@id":"https:\/\/custom-parts.fr\/it\/prodotto\/cover-maniglie-renault-megane-3-2008-2016-nero-lucido\/#primaryimage"},"thumbnailUrl":"https:\/\/custom-parts.fr\/wp-content\/uploads\/2023\/07\/Coques-Poignees-de-portes-pour-Renault-Megane-3-2008-2016-Noir-brillant-3.jpg","datePublished":"2023-07-22T16:37:02+00:00","dateModified":"2026-03-29T21:07:00+00:00","description":"Acquista i tuoi Cover maniglie Renault Megane 3 (2008-2016) - Nero lucido e tutti i tuoi accessori su Custom-Parts.fr! M\u00e9gane III (MK3)","breadcrumb":{"@id":"https:\/\/custom-parts.fr\/it\/prodotto\/cover-maniglie-renault-megane-3-2008-2016-nero-lucido\/#breadcrumb"},"inLanguage":"it-IT","potentialAction":[{"@type":"ReadAction","target":["https:\/\/custom-parts.fr\/it\/prodotto\/cover-maniglie-renault-megane-3-2008-2016-nero-lucido\/"]}]},{"@type":"ImageObject","inLanguage":"it-IT","@id":"https:\/\/custom-parts.fr\/it\/prodotto\/cover-maniglie-renault-megane-3-2008-2016-nero-lucido\/#primaryimage","url":"https:\/\/custom-parts.fr\/wp-content\/uploads\/2023\/07\/Coques-Poignees-de-portes-pour-Renault-Megane-3-2008-2016-Noir-brillant-3.jpg","contentUrl":"https:\/\/custom-parts.fr\/wp-content\/uploads\/2023\/07\/Coques-Poignees-de-portes-pour-Renault-Megane-3-2008-2016-Noir-brillant-3.jpg","width":500,"height":500},{"@type":"BreadcrumbList","@id":"https:\/\/custom-parts.fr\/it\/prodotto\/cover-maniglie-renault-megane-3-2008-2016-nero-lucido\/#breadcrumb","itemListElement":[{"@type":"ListItem","position":1,"name":"Home","item":"https:\/\/custom-parts.fr\/it\/ricambi-e-accessori-per-mini-bmw-custom-parts\/"},{"@type":"ListItem","position":2,"name":"Store","item":"https:\/\/custom-parts.fr\/it\/store\/"},{"@type":"ListItem","position":3,"name":"Cover maniglie Renault Megane 3 (2008-2016) &#8211; Nero lucido"}]},{"@type":"WebSite","@id":"https:\/\/custom-parts.fr\/it\/#website","url":"https:\/\/custom-parts.fr\/it\/","name":"Custom-Parts.fr","description":"Ricambi & Accessori su misura per BMW e MINI","publisher":{"@id":"https:\/\/custom-parts.fr\/it\/#organization"},"potentialAction":[{"@type":"SearchAction","target":{"@type":"EntryPoint","urlTemplate":"https:\/\/custom-parts.fr\/it\/?s={search_term_string}"},"query-input":{"@type":"PropertyValueSpecification","valueRequired":true,"valueName":"search_term_string"}}],"inLanguage":"it-IT"},{"@type":"Organization","@id":"https:\/\/custom-parts.fr\/it\/#organization","name":"Custom-Parts","url":"https:\/\/custom-parts.fr\/it\/","logo":{"@type":"ImageObject","inLanguage":"it-IT","@id":"https:\/\/custom-parts.fr\/it\/#\/schema\/logo\/image\/","url":"https:\/\/custom-parts.fr\/wp-content\/uploads\/2023\/01\/cropped-cropped-cropped-final-new-police-2-1-1.png","contentUrl":"https:\/\/custom-parts.fr\/wp-content\/uploads\/2023\/01\/cropped-cropped-cropped-final-new-police-2-1-1.png","width":450,"height":125,"caption":"Custom-Parts"},"image":{"@id":"https:\/\/custom-parts.fr\/it\/#\/schema\/logo\/image\/"}}]}},"_links":{"self":[{"href":"https:\/\/custom-parts.fr\/it\/wp-json\/wp\/v2\/product\/26283","targetHints":{"allow":["GET"]}}],"collection":[{"href":"https:\/\/custom-parts.fr\/it\/wp-json\/wp\/v2\/product"}],"about":[{"href":"https:\/\/custom-parts.fr\/it\/wp-json\/wp\/v2\/types\/product"}],"replies":[{"embeddable":true,"href":"https:\/\/custom-parts.fr\/it\/wp-json\/wp\/v2\/comments?post=26283"}],"wp:featuredmedia":[{"embeddable":true,"href":"https:\/\/custom-parts.fr\/it\/wp-json\/wp\/v2\/media\/26035"}],"wp:attachment":[{"href":"https:\/\/custom-parts.fr\/it\/wp-json\/wp\/v2\/media?parent=26283"}],"wp:term":[{"taxonomy":"product_brand","embeddable":true,"href":"https:\/\/custom-parts.fr\/it\/wp-json\/wp\/v2\/product_brand?post=26283"},{"taxonomy":"product_cat","embeddable":true,"href":"https:\/\/custom-parts.fr\/it\/wp-json\/wp\/v2\/product_cat?post=26283"},{"taxonomy":"product_tag","embeddable":true,"href":"https:\/\/custom-parts.fr\/it\/wp-json\/wp\/v2\/product_tag?post=26283"}],"curies":[{"name":"wp","href":"https:\/\/api.w.org\/{rel}","templated":true}]}}