{"id":26399,"date":"2023-02-27T23:16:12","date_gmt":"2023-02-27T22:16:12","guid":{"rendered":"https:\/\/custom-parts.fr\/produit\/modanature-paraurti-anteriore-mini-cooper-jcw-f55-f56-f57-2014-2021\/"},"modified":"2023-02-27T23:16:12","modified_gmt":"2023-02-27T22:16:12","slug":"modanature-paraurti-anteriore-mini-cooper-jcw-f55-f56-f57-2014-2021","status":"publish","type":"product","link":"https:\/\/custom-parts.fr\/it\/prodotto\/modanature-paraurti-anteriore-mini-cooper-jcw-f55-f56-f57-2014-2021\/","title":{"rendered":"Modanature paraurti anteriore MINI Cooper JCW F55 F56 F57 2014-2021"},"content":{"rendered":"<p>Transformez l&#8217;esth\u00e9tique de votre MINI Cooper JCW avec ces garnitures de pare-chocs avant. Sp\u00e9cialement con\u00e7ues pour les pare-chocs avant JCW de 2014 \u00e0 2021, les garnitures s&#8217;installent sans adaptation \u00e0 l&#8217;aide d&#8217;adh\u00e9sif double-face 3M. Ajoutez du style et sortez du lot avec cette touche sportive discr\u00e8te qui fait toute la diff\u00e9rence !  <\/p>\n<p>&nbsp;<\/p>\n<h2><strong>Caratteristiche:<\/strong><\/h2>\n<ul>\n<li>Colore: nero lucido o rosso lucido<\/li>\n<li>Materiale: Plastica ABS<\/li>\n<li>Ricambio realizzato su misura per paraurti JCW (dal 2014 al 2021)<\/li>\n<li>Facile da montare e smontare grazie al nastro biadesivo gi\u00e0 applicato.<\/li>\n<li>In caso di freddo, usa un phon per capelli per riscaldare la colla e facilitarne l&#8217;adesione.<\/li>\n<li><u>Venduti in coppia<\/u><\/li>\n<\/ul>\n<h2><strong>Adatto per:<\/strong><\/h2>\n<ul>\n<li>Solo per paraurti JCW del 2014, 2015, 2016, 2017, 2018, 2019, 2020 e 2021<\/li>\n<\/ul>\n<p>&nbsp;<\/p>\n<p><img decoding=\"async\" class=\"alignnone wp-image-24627 lazyload\" data-src=\"https:\/\/custom-parts.fr\/wp-content\/uploads\/2025\/06\/Garnitures-de-pare-chocs-avant-MINI-Cooper-JCW-F55-F56-F57-2014-2021-9.jpg\" alt=\"\" width=\"420\" height=\"420\" data-srcset=\"https:\/\/custom-parts.fr\/wp-content\/uploads\/2025\/06\/Garnitures-de-pare-chocs-avant-MINI-Cooper-JCW-F55-F56-F57-2014-2021-9.jpg 500w, https:\/\/custom-parts.fr\/wp-content\/uploads\/2025\/06\/Garnitures-de-pare-chocs-avant-MINI-Cooper-JCW-F55-F56-F57-2014-2021-9-300x300.jpg 300w, https:\/\/custom-parts.fr\/wp-content\/uploads\/2025\/06\/Garnitures-de-pare-chocs-avant-MINI-Cooper-JCW-F55-F56-F57-2014-2021-9-150x150.jpg 150w, https:\/\/custom-parts.fr\/wp-content\/uploads\/2025\/06\/Garnitures-de-pare-chocs-avant-MINI-Cooper-JCW-F55-F56-F57-2014-2021-9-100x100.jpg 100w, https:\/\/custom-parts.fr\/wp-content\/uploads\/2025\/06\/Garnitures-de-pare-chocs-avant-MINI-Cooper-JCW-F55-F56-F57-2014-2021-9-48x48.jpg 48w\" data-sizes=\"(max-width: 420px) 100vw, 420px\" src=\"data:image\/svg+xml;base64,PHN2ZyB3aWR0aD0iMSIgaGVpZ2h0PSIxIiB4bWxucz0iaHR0cDovL3d3dy53My5vcmcvMjAwMC9zdmciPjwvc3ZnPg==\" style=\"--smush-placeholder-width: 420px; --smush-placeholder-aspect-ratio: 420\/420;\" \/><\/p>\n<p><img decoding=\"async\" class=\"alignnone wp-image-24623 lazyload\" data-src=\"https:\/\/custom-parts.fr\/wp-content\/uploads\/2025\/06\/Garnitures-de-pare-chocs-avant-MINI-Cooper-JCW-F55-F56-F57-2014-2021-7.jpg\" alt=\"\" width=\"422\" height=\"422\" data-srcset=\"https:\/\/custom-parts.fr\/wp-content\/uploads\/2025\/06\/Garnitures-de-pare-chocs-avant-MINI-Cooper-JCW-F55-F56-F57-2014-2021-7.jpg 500w, https:\/\/custom-parts.fr\/wp-content\/uploads\/2025\/06\/Garnitures-de-pare-chocs-avant-MINI-Cooper-JCW-F55-F56-F57-2014-2021-7-300x300.jpg 300w, https:\/\/custom-parts.fr\/wp-content\/uploads\/2025\/06\/Garnitures-de-pare-chocs-avant-MINI-Cooper-JCW-F55-F56-F57-2014-2021-7-150x150.jpg 150w, https:\/\/custom-parts.fr\/wp-content\/uploads\/2025\/06\/Garnitures-de-pare-chocs-avant-MINI-Cooper-JCW-F55-F56-F57-2014-2021-7-100x100.jpg 100w, https:\/\/custom-parts.fr\/wp-content\/uploads\/2025\/06\/Garnitures-de-pare-chocs-avant-MINI-Cooper-JCW-F55-F56-F57-2014-2021-7-48x48.jpg 48w\" data-sizes=\"(max-width: 422px) 100vw, 422px\" src=\"data:image\/svg+xml;base64,PHN2ZyB3aWR0aD0iMSIgaGVpZ2h0PSIxIiB4bWxucz0iaHR0cDovL3d3dy53My5vcmcvMjAwMC9zdmciPjwvc3ZnPg==\" style=\"--smush-placeholder-width: 422px; --smush-placeholder-aspect-ratio: 422\/422;\" \/><\/p>\n<p><img decoding=\"async\" class=\"alignnone wp-image-24625 lazyload\" data-src=\"https:\/\/custom-parts.fr\/wp-content\/uploads\/2025\/06\/Garnitures-de-pare-chocs-avant-MINI-Cooper-JCW-F55-F56-F57-2014-2021-8.jpg\" alt=\"\" width=\"425\" height=\"425\" data-srcset=\"https:\/\/custom-parts.fr\/wp-content\/uploads\/2025\/06\/Garnitures-de-pare-chocs-avant-MINI-Cooper-JCW-F55-F56-F57-2014-2021-8.jpg 500w, https:\/\/custom-parts.fr\/wp-content\/uploads\/2025\/06\/Garnitures-de-pare-chocs-avant-MINI-Cooper-JCW-F55-F56-F57-2014-2021-8-300x300.jpg 300w, https:\/\/custom-parts.fr\/wp-content\/uploads\/2025\/06\/Garnitures-de-pare-chocs-avant-MINI-Cooper-JCW-F55-F56-F57-2014-2021-8-150x150.jpg 150w, https:\/\/custom-parts.fr\/wp-content\/uploads\/2025\/06\/Garnitures-de-pare-chocs-avant-MINI-Cooper-JCW-F55-F56-F57-2014-2021-8-100x100.jpg 100w, https:\/\/custom-parts.fr\/wp-content\/uploads\/2025\/06\/Garnitures-de-pare-chocs-avant-MINI-Cooper-JCW-F55-F56-F57-2014-2021-8-48x48.jpg 48w\" data-sizes=\"(max-width: 425px) 100vw, 425px\" src=\"data:image\/svg+xml;base64,PHN2ZyB3aWR0aD0iMSIgaGVpZ2h0PSIxIiB4bWxucz0iaHR0cDovL3d3dy53My5vcmcvMjAwMC9zdmciPjwvc3ZnPg==\" style=\"--smush-placeholder-width: 425px; --smush-placeholder-aspect-ratio: 425\/425;\" \/><\/p>\n<p><img decoding=\"async\" class=\"alignnone size-full wp-image-24635 lazyload\" data-src=\"https:\/\/custom-parts.fr\/wp-content\/uploads\/2025\/06\/Nouveau-projet-30-e1749250415413.jpg\" alt=\"\" width=\"427\" height=\"500\" data-srcset=\"https:\/\/custom-parts.fr\/wp-content\/uploads\/2025\/06\/Nouveau-projet-30-e1749250415413.jpg 427w, https:\/\/custom-parts.fr\/wp-content\/uploads\/2025\/06\/Nouveau-projet-30-e1749250415413-256x300.jpg 256w, https:\/\/custom-parts.fr\/wp-content\/uploads\/2025\/06\/Nouveau-projet-30-e1749250415413-48x56.jpg 48w\" data-sizes=\"(max-width: 427px) 100vw, 427px\" src=\"data:image\/svg+xml;base64,PHN2ZyB3aWR0aD0iMSIgaGVpZ2h0PSIxIiB4bWxucz0iaHR0cDovL3d3dy53My5vcmcvMjAwMC9zdmciPjwvc3ZnPg==\" style=\"--smush-placeholder-width: 427px; --smush-placeholder-aspect-ratio: 427\/500;\" \/><\/p>\n","protected":false},"excerpt":{"rendered":"<p>\u2713 Personalizza la tua MINI JCW a tuo piacimento!<br \/>\n\u2713 Facile da installare e sostituire<br \/>\n\u2713 Adattamento perfetto al ricambio originale<\/p>\n","protected":false},"featured_media":26400,"comment_status":"open","ping_status":"closed","template":"","meta":[],"product_brand":[],"product_cat":[405,404,391],"product_tag":[],"class_list":{"0":"post-26399","1":"product","2":"type-product","3":"status-publish","4":"has-post-thumbnail","6":"product_cat-accessori-esterni-3a-gen","7":"product_cat-3a-gen","8":"product_cat-ricambi-e-accessori-per-mini-cooper","10":"first","11":"instock","12":"taxable","13":"shipping-taxable","14":"purchasable","15":"product-type-variable"},"yoast_head":"<!-- This site is optimized with the Yoast SEO plugin v27.2 - https:\/\/yoast.com\/product\/yoast-seo-wordpress\/ -->\n<title>Modanature paraurti anteriore MINI Cooper JCW 2014-2021 | F55 F56 F57<\/title>\n<meta name=\"description\" content=\"Acquista i tuoi Modanature paraurti anteriore MINI Cooper JCW F55 F56 F57 2014-2021 e tutti i tuoi accessori su Custom-Parts.fr!\" \/>\n<meta name=\"robots\" content=\"index, follow, max-snippet:-1, max-image-preview:large, max-video-preview:-1\" \/>\n<link rel=\"canonical\" href=\"https:\/\/custom-parts.fr\/it\/prodotto\/modanature-paraurti-anteriore-mini-cooper-jcw-f55-f56-f57-2014-2021\/\" \/>\n<meta property=\"og:locale\" content=\"it_IT\" \/>\n<meta property=\"og:type\" content=\"article\" \/>\n<meta property=\"og:title\" content=\"Modanature paraurti anteriore MINI Cooper JCW 2014-2021 | F55 F56 F57\" \/>\n<meta property=\"og:description\" content=\"Acquista i tuoi Modanature paraurti anteriore MINI Cooper JCW F55 F56 F57 2014-2021 e tutti i tuoi accessori su Custom-Parts.fr!\" \/>\n<meta property=\"og:url\" content=\"https:\/\/custom-parts.fr\/it\/prodotto\/modanature-paraurti-anteriore-mini-cooper-jcw-f55-f56-f57-2014-2021\/\" \/>\n<meta property=\"og:site_name\" content=\"Custom-Parts.fr\" \/>\n<meta property=\"og:image\" content=\"https:\/\/custom-parts.fr\/wp-content\/uploads\/2025\/06\/Garnitures-de-pare-chocs-avant-MINI-Cooper-JCW-F55-F56-F57-2014-2021-2.jpg\" \/>\n\t<meta property=\"og:image:width\" content=\"500\" \/>\n\t<meta property=\"og:image:height\" content=\"500\" \/>\n\t<meta property=\"og:image:type\" content=\"image\/jpeg\" \/>\n<meta name=\"twitter:card\" content=\"summary_large_image\" \/>\n<meta name=\"twitter:label1\" content=\"Tempo di lettura stimato\" \/>\n\t<meta name=\"twitter:data1\" content=\"1 minuto\" \/>\n<script type=\"application\/ld+json\" class=\"yoast-schema-graph\">{\"@context\":\"https:\/\/schema.org\",\"@graph\":[{\"@type\":\"WebPage\",\"@id\":\"https:\/\/custom-parts.fr\/it\/prodotto\/modanature-paraurti-anteriore-mini-cooper-jcw-f55-f56-f57-2014-2021\/\",\"url\":\"https:\/\/custom-parts.fr\/it\/prodotto\/modanature-paraurti-anteriore-mini-cooper-jcw-f55-f56-f57-2014-2021\/\",\"name\":\"Modanature paraurti anteriore MINI Cooper JCW 2014-2021 | F55 F56 F57\",\"isPartOf\":{\"@id\":\"https:\/\/custom-parts.fr\/it\/#website\"},\"primaryImageOfPage\":{\"@id\":\"https:\/\/custom-parts.fr\/it\/prodotto\/modanature-paraurti-anteriore-mini-cooper-jcw-f55-f56-f57-2014-2021\/#primaryimage\"},\"image\":{\"@id\":\"https:\/\/custom-parts.fr\/it\/prodotto\/modanature-paraurti-anteriore-mini-cooper-jcw-f55-f56-f57-2014-2021\/#primaryimage\"},\"thumbnailUrl\":\"https:\/\/custom-parts.fr\/wp-content\/uploads\/2025\/06\/Garnitures-de-pare-chocs-avant-MINI-Cooper-JCW-F55-F56-F57-2014-2021-2.jpg\",\"datePublished\":\"2023-02-27T22:16:12+00:00\",\"description\":\"Acquista i tuoi Modanature paraurti anteriore MINI Cooper JCW F55 F56 F57 2014-2021 e tutti i tuoi accessori su Custom-Parts.fr!\",\"breadcrumb\":{\"@id\":\"https:\/\/custom-parts.fr\/it\/prodotto\/modanature-paraurti-anteriore-mini-cooper-jcw-f55-f56-f57-2014-2021\/#breadcrumb\"},\"inLanguage\":\"it-IT\",\"potentialAction\":[{\"@type\":\"ReadAction\",\"target\":[\"https:\/\/custom-parts.fr\/it\/prodotto\/modanature-paraurti-anteriore-mini-cooper-jcw-f55-f56-f57-2014-2021\/\"]}]},{\"@type\":\"ImageObject\",\"inLanguage\":\"it-IT\",\"@id\":\"https:\/\/custom-parts.fr\/it\/prodotto\/modanature-paraurti-anteriore-mini-cooper-jcw-f55-f56-f57-2014-2021\/#primaryimage\",\"url\":\"https:\/\/custom-parts.fr\/wp-content\/uploads\/2025\/06\/Garnitures-de-pare-chocs-avant-MINI-Cooper-JCW-F55-F56-F57-2014-2021-2.jpg\",\"contentUrl\":\"https:\/\/custom-parts.fr\/wp-content\/uploads\/2025\/06\/Garnitures-de-pare-chocs-avant-MINI-Cooper-JCW-F55-F56-F57-2014-2021-2.jpg\",\"width\":500,\"height\":500},{\"@type\":\"BreadcrumbList\",\"@id\":\"https:\/\/custom-parts.fr\/it\/prodotto\/modanature-paraurti-anteriore-mini-cooper-jcw-f55-f56-f57-2014-2021\/#breadcrumb\",\"itemListElement\":[{\"@type\":\"ListItem\",\"position\":1,\"name\":\"Home\",\"item\":\"https:\/\/custom-parts.fr\/it\/ricambi-e-accessori-per-mini-bmw-custom-parts\/\"},{\"@type\":\"ListItem\",\"position\":2,\"name\":\"Store\",\"item\":\"https:\/\/custom-parts.fr\/it\/store\/\"},{\"@type\":\"ListItem\",\"position\":3,\"name\":\"Modanature paraurti anteriore MINI Cooper JCW F55 F56 F57 2014-2021\"}]},{\"@type\":\"WebSite\",\"@id\":\"https:\/\/custom-parts.fr\/it\/#website\",\"url\":\"https:\/\/custom-parts.fr\/it\/\",\"name\":\"Custom-Parts.fr\",\"description\":\"Ricambi & Accessori su misura per BMW e MINI\",\"publisher\":{\"@id\":\"https:\/\/custom-parts.fr\/it\/#organization\"},\"potentialAction\":[{\"@type\":\"SearchAction\",\"target\":{\"@type\":\"EntryPoint\",\"urlTemplate\":\"https:\/\/custom-parts.fr\/it\/?s={search_term_string}\"},\"query-input\":{\"@type\":\"PropertyValueSpecification\",\"valueRequired\":true,\"valueName\":\"search_term_string\"}}],\"inLanguage\":\"it-IT\"},{\"@type\":\"Organization\",\"@id\":\"https:\/\/custom-parts.fr\/it\/#organization\",\"name\":\"Custom-Parts\",\"url\":\"https:\/\/custom-parts.fr\/it\/\",\"logo\":{\"@type\":\"ImageObject\",\"inLanguage\":\"it-IT\",\"@id\":\"https:\/\/custom-parts.fr\/it\/#\/schema\/logo\/image\/\",\"url\":\"https:\/\/custom-parts.fr\/wp-content\/uploads\/2023\/01\/cropped-cropped-cropped-final-new-police-2-1-1.png\",\"contentUrl\":\"https:\/\/custom-parts.fr\/wp-content\/uploads\/2023\/01\/cropped-cropped-cropped-final-new-police-2-1-1.png\",\"width\":450,\"height\":125,\"caption\":\"Custom-Parts\"},\"image\":{\"@id\":\"https:\/\/custom-parts.fr\/it\/#\/schema\/logo\/image\/\"}}]}<\/script>\n<!-- \/ Yoast SEO plugin. -->","yoast_head_json":{"title":"Modanature paraurti anteriore MINI Cooper JCW 2014-2021 | F55 F56 F57","description":"Acquista i tuoi Modanature paraurti anteriore MINI Cooper JCW F55 F56 F57 2014-2021 e tutti i tuoi accessori su Custom-Parts.fr!","robots":{"index":"index","follow":"follow","max-snippet":"max-snippet:-1","max-image-preview":"max-image-preview:large","max-video-preview":"max-video-preview:-1"},"canonical":"https:\/\/custom-parts.fr\/it\/prodotto\/modanature-paraurti-anteriore-mini-cooper-jcw-f55-f56-f57-2014-2021\/","og_locale":"it_IT","og_type":"article","og_title":"Modanature paraurti anteriore MINI Cooper JCW 2014-2021 | F55 F56 F57","og_description":"Acquista i tuoi Modanature paraurti anteriore MINI Cooper JCW F55 F56 F57 2014-2021 e tutti i tuoi accessori su Custom-Parts.fr!","og_url":"https:\/\/custom-parts.fr\/it\/prodotto\/modanature-paraurti-anteriore-mini-cooper-jcw-f55-f56-f57-2014-2021\/","og_site_name":"Custom-Parts.fr","og_image":[{"width":500,"height":500,"url":"https:\/\/custom-parts.fr\/wp-content\/uploads\/2025\/06\/Garnitures-de-pare-chocs-avant-MINI-Cooper-JCW-F55-F56-F57-2014-2021-2.jpg","type":"image\/jpeg"}],"twitter_card":"summary_large_image","twitter_misc":{"Tempo di lettura stimato":"1 minuto"},"schema":{"@context":"https:\/\/schema.org","@graph":[{"@type":"WebPage","@id":"https:\/\/custom-parts.fr\/it\/prodotto\/modanature-paraurti-anteriore-mini-cooper-jcw-f55-f56-f57-2014-2021\/","url":"https:\/\/custom-parts.fr\/it\/prodotto\/modanature-paraurti-anteriore-mini-cooper-jcw-f55-f56-f57-2014-2021\/","name":"Modanature paraurti anteriore MINI Cooper JCW 2014-2021 | F55 F56 F57","isPartOf":{"@id":"https:\/\/custom-parts.fr\/it\/#website"},"primaryImageOfPage":{"@id":"https:\/\/custom-parts.fr\/it\/prodotto\/modanature-paraurti-anteriore-mini-cooper-jcw-f55-f56-f57-2014-2021\/#primaryimage"},"image":{"@id":"https:\/\/custom-parts.fr\/it\/prodotto\/modanature-paraurti-anteriore-mini-cooper-jcw-f55-f56-f57-2014-2021\/#primaryimage"},"thumbnailUrl":"https:\/\/custom-parts.fr\/wp-content\/uploads\/2025\/06\/Garnitures-de-pare-chocs-avant-MINI-Cooper-JCW-F55-F56-F57-2014-2021-2.jpg","datePublished":"2023-02-27T22:16:12+00:00","description":"Acquista i tuoi Modanature paraurti anteriore MINI Cooper JCW F55 F56 F57 2014-2021 e tutti i tuoi accessori su Custom-Parts.fr!","breadcrumb":{"@id":"https:\/\/custom-parts.fr\/it\/prodotto\/modanature-paraurti-anteriore-mini-cooper-jcw-f55-f56-f57-2014-2021\/#breadcrumb"},"inLanguage":"it-IT","potentialAction":[{"@type":"ReadAction","target":["https:\/\/custom-parts.fr\/it\/prodotto\/modanature-paraurti-anteriore-mini-cooper-jcw-f55-f56-f57-2014-2021\/"]}]},{"@type":"ImageObject","inLanguage":"it-IT","@id":"https:\/\/custom-parts.fr\/it\/prodotto\/modanature-paraurti-anteriore-mini-cooper-jcw-f55-f56-f57-2014-2021\/#primaryimage","url":"https:\/\/custom-parts.fr\/wp-content\/uploads\/2025\/06\/Garnitures-de-pare-chocs-avant-MINI-Cooper-JCW-F55-F56-F57-2014-2021-2.jpg","contentUrl":"https:\/\/custom-parts.fr\/wp-content\/uploads\/2025\/06\/Garnitures-de-pare-chocs-avant-MINI-Cooper-JCW-F55-F56-F57-2014-2021-2.jpg","width":500,"height":500},{"@type":"BreadcrumbList","@id":"https:\/\/custom-parts.fr\/it\/prodotto\/modanature-paraurti-anteriore-mini-cooper-jcw-f55-f56-f57-2014-2021\/#breadcrumb","itemListElement":[{"@type":"ListItem","position":1,"name":"Home","item":"https:\/\/custom-parts.fr\/it\/ricambi-e-accessori-per-mini-bmw-custom-parts\/"},{"@type":"ListItem","position":2,"name":"Store","item":"https:\/\/custom-parts.fr\/it\/store\/"},{"@type":"ListItem","position":3,"name":"Modanature paraurti anteriore MINI Cooper JCW F55 F56 F57 2014-2021"}]},{"@type":"WebSite","@id":"https:\/\/custom-parts.fr\/it\/#website","url":"https:\/\/custom-parts.fr\/it\/","name":"Custom-Parts.fr","description":"Ricambi & Accessori su misura per BMW e MINI","publisher":{"@id":"https:\/\/custom-parts.fr\/it\/#organization"},"potentialAction":[{"@type":"SearchAction","target":{"@type":"EntryPoint","urlTemplate":"https:\/\/custom-parts.fr\/it\/?s={search_term_string}"},"query-input":{"@type":"PropertyValueSpecification","valueRequired":true,"valueName":"search_term_string"}}],"inLanguage":"it-IT"},{"@type":"Organization","@id":"https:\/\/custom-parts.fr\/it\/#organization","name":"Custom-Parts","url":"https:\/\/custom-parts.fr\/it\/","logo":{"@type":"ImageObject","inLanguage":"it-IT","@id":"https:\/\/custom-parts.fr\/it\/#\/schema\/logo\/image\/","url":"https:\/\/custom-parts.fr\/wp-content\/uploads\/2023\/01\/cropped-cropped-cropped-final-new-police-2-1-1.png","contentUrl":"https:\/\/custom-parts.fr\/wp-content\/uploads\/2023\/01\/cropped-cropped-cropped-final-new-police-2-1-1.png","width":450,"height":125,"caption":"Custom-Parts"},"image":{"@id":"https:\/\/custom-parts.fr\/it\/#\/schema\/logo\/image\/"}}]}},"_links":{"self":[{"href":"https:\/\/custom-parts.fr\/it\/wp-json\/wp\/v2\/product\/26399","targetHints":{"allow":["GET"]}}],"collection":[{"href":"https:\/\/custom-parts.fr\/it\/wp-json\/wp\/v2\/product"}],"about":[{"href":"https:\/\/custom-parts.fr\/it\/wp-json\/wp\/v2\/types\/product"}],"replies":[{"embeddable":true,"href":"https:\/\/custom-parts.fr\/it\/wp-json\/wp\/v2\/comments?post=26399"}],"wp:featuredmedia":[{"embeddable":true,"href":"https:\/\/custom-parts.fr\/it\/wp-json\/wp\/v2\/media\/26400"}],"wp:attachment":[{"href":"https:\/\/custom-parts.fr\/it\/wp-json\/wp\/v2\/media?parent=26399"}],"wp:term":[{"taxonomy":"product_brand","embeddable":true,"href":"https:\/\/custom-parts.fr\/it\/wp-json\/wp\/v2\/product_brand?post=26399"},{"taxonomy":"product_cat","embeddable":true,"href":"https:\/\/custom-parts.fr\/it\/wp-json\/wp\/v2\/product_cat?post=26399"},{"taxonomy":"product_tag","embeddable":true,"href":"https:\/\/custom-parts.fr\/it\/wp-json\/wp\/v2\/product_tag?post=26399"}],"curies":[{"name":"wp","href":"https:\/\/api.w.org\/{rel}","templated":true}]}}