{"id":26667,"date":"2023-03-01T16:04:44","date_gmt":"2023-03-01T15:04:44","guid":{"rendered":"https:\/\/custom-parts.fr\/produit\/maniglia-del-cambio-mini-cooper-r50-r52-cooper-s-r53-2001-2008-black-chrome\/"},"modified":"2023-03-01T16:04:44","modified_gmt":"2023-03-01T15:04:44","slug":"maniglia-del-cambio-mini-cooper-r50-r52-cooper-s-r53-2001-2008-black-chrome","status":"publish","type":"product","link":"https:\/\/custom-parts.fr\/it\/prodotto\/maniglia-del-cambio-mini-cooper-r50-r52-cooper-s-r53-2001-2008-black-chrome\/","title":{"rendered":"Maniglia del cambio MINI Cooper R50, R52 Cooper S R53 &#8211; 2001-2008 Black-Chrome"},"content":{"rendered":"<p>La manopola del cambio della tua MINI di prima generazione si \u00e8 sbiadita col tempo? Oppure vuoi fare un restyling all&#8217;interno della tua MINI R50, R52 o Cooper S 53 con la pelle invecchiata? Allora queste manopole di ingranaggi su misura per la MINI di prima generazione saranno perfette per te! Sono disponibili per cambi manuali a 5 e 6 marce.   <\/p>\n<p>&nbsp;<\/p>\n<p>Tutto quello che devi fare \u00e8 tirare su la manopola del cambio originale per rimuoverla, poi sostituirla con quella nuova facendola scorrere nella sua fessura. Questa manopola \u00e8 stata progettata appositamente per MINI Cooper One, Cabrio e Cooper S dal 2001 al 2008 e utilizza lo stesso sistema dell&#8217;originale. <\/p>\n<p>&nbsp;<\/p>\n<p><strong>NB:<\/strong> \u00e8 normale sentire una forte resistenza quando si cerca di far scorrere la manopola del cambio. Questo \u00e8 necessario per assicurarsi che la manopola del cambio sia tenuta in perfette condizioni quando la mani. Se invece non riesci a inserire completamente la manopola nella posizione completamente chiusa, <u>non carteggiare il gambo originale della leva del cambio<\/u>. Basta usare una carta da grattacoli a grana grossa per rimuovere il materiale dall&#8217;interno della nuova manopola di ricambio. Non \u00e8 necessario modificare il fusto del cambio di serie.    <\/p>\n<p>&nbsp;<\/p>\n<h2>Caratteristiche:<\/h2>\n<ul>\n<li>Varianti disponibili: Nero lucido &#8211; 5 velocit\u00e0, Grigio &#8211; 5 marce, Nero lucido &#8211; 6 velocit\u00e0, Grigio &#8211; 6 velocit\u00e0.<\/li>\n<\/ul>\n<h2><\/h2>\n<h2>Adatto per:<\/h2>\n<ul>\n<li>MINI Cooper S R53 2001-2008<\/li>\n<li>MINI R50 &#8211; One, One D e Cooper dal 2001 al 2008<\/li>\n<li>MINI R52 Cabriolet &#8211; One, Cooper e Cooper S 2001-2008<\/li>\n<\/ul>\n","protected":false},"excerpt":{"rendered":"<p><span style=\"color: #39991a; font-weight: 900;\">\u2713<\/span> Personalizza la tua Mini come preferisci!<br \/>\n<span style=\"color: #39991a; font-weight: 900;\">\u2713<\/span> Facile da installare e <span style=\"color: #39991a; font-weight: 900;\">sostituire<\/span><br \/>\n\u2713 Perfetta incastrazione sul pezzo originale<\/p>\n","protected":false},"featured_media":26672,"comment_status":"open","ping_status":"closed","template":"","meta":[],"product_brand":[],"product_cat":[400,391],"product_tag":[],"class_list":{"0":"post-26667","1":"product","2":"type-product","3":"status-publish","4":"has-post-thumbnail","6":"product_cat-1a-gen","7":"product_cat-ricambi-e-accessori-per-mini-cooper","9":"first","10":"instock","11":"taxable","12":"shipping-taxable","13":"purchasable","14":"product-type-variable"},"yoast_head":"<!-- This site is optimized with the Yoast SEO plugin v27.2 - https:\/\/yoast.com\/product\/yoast-seo-wordpress\/ -->\n<title>Maniglia del cambio MINI Cooper R50, R52 Cooper S R53 - 2001-2008 Black-Chrome - Custom-Parts.fr<\/title>\n<meta name=\"description\" content=\"Maniglia del cambio MINI Cooper R50, R52 Cooper S R53 - 2001-2008 Black-Chrome . Tutti i Vostri accessori BMW MINI su Custom-Parts!\" \/>\n<meta name=\"robots\" content=\"index, follow, max-snippet:-1, max-image-preview:large, max-video-preview:-1\" \/>\n<link rel=\"canonical\" href=\"https:\/\/custom-parts.fr\/it\/prodotto\/maniglia-del-cambio-mini-cooper-r50-r52-cooper-s-r53-2001-2008-black-chrome\/\" \/>\n<meta property=\"og:locale\" content=\"it_IT\" \/>\n<meta property=\"og:type\" content=\"article\" \/>\n<meta property=\"og:title\" content=\"Maniglia del cambio MINI Cooper R50, R52 Cooper S R53 - 2001-2008 Black-Chrome - Custom-Parts.fr\" \/>\n<meta property=\"og:description\" content=\"Maniglia del cambio MINI Cooper R50, R52 Cooper S R53 - 2001-2008 Black-Chrome . Tutti i Vostri accessori BMW MINI su Custom-Parts!\" \/>\n<meta property=\"og:url\" content=\"https:\/\/custom-parts.fr\/it\/prodotto\/maniglia-del-cambio-mini-cooper-r50-r52-cooper-s-r53-2001-2008-black-chrome\/\" \/>\n<meta property=\"og:site_name\" content=\"Custom-Parts.fr\" \/>\n<meta property=\"og:image\" content=\"https:\/\/custom-parts.fr\/wp-content\/uploads\/2023\/03\/Pommeau-de-vitesse-MINI-Cooper-R50-R52-Cooper-S-R53-2001-a-2008-Noir-Chrome-5.jpg\" \/>\n\t<meta property=\"og:image:width\" content=\"500\" \/>\n\t<meta property=\"og:image:height\" content=\"500\" \/>\n\t<meta property=\"og:image:type\" content=\"image\/jpeg\" \/>\n<meta name=\"twitter:card\" content=\"summary_large_image\" \/>\n<meta name=\"twitter:label1\" content=\"Tempo di lettura stimato\" \/>\n\t<meta name=\"twitter:data1\" content=\"1 minuto\" \/>\n<script type=\"application\/ld+json\" class=\"yoast-schema-graph\">{\"@context\":\"https:\/\/schema.org\",\"@graph\":[{\"@type\":\"WebPage\",\"@id\":\"https:\/\/custom-parts.fr\/it\/prodotto\/maniglia-del-cambio-mini-cooper-r50-r52-cooper-s-r53-2001-2008-black-chrome\/\",\"url\":\"https:\/\/custom-parts.fr\/it\/prodotto\/maniglia-del-cambio-mini-cooper-r50-r52-cooper-s-r53-2001-2008-black-chrome\/\",\"name\":\"Maniglia del cambio MINI Cooper R50, R52 Cooper S R53 - 2001-2008 Black-Chrome - Custom-Parts.fr\",\"isPartOf\":{\"@id\":\"https:\/\/custom-parts.fr\/it\/#website\"},\"primaryImageOfPage\":{\"@id\":\"https:\/\/custom-parts.fr\/it\/prodotto\/maniglia-del-cambio-mini-cooper-r50-r52-cooper-s-r53-2001-2008-black-chrome\/#primaryimage\"},\"image\":{\"@id\":\"https:\/\/custom-parts.fr\/it\/prodotto\/maniglia-del-cambio-mini-cooper-r50-r52-cooper-s-r53-2001-2008-black-chrome\/#primaryimage\"},\"thumbnailUrl\":\"https:\/\/custom-parts.fr\/wp-content\/uploads\/2023\/03\/Pommeau-de-vitesse-MINI-Cooper-R50-R52-Cooper-S-R53-2001-a-2008-Noir-Chrome-5.jpg\",\"datePublished\":\"2023-03-01T15:04:44+00:00\",\"description\":\"Maniglia del cambio MINI Cooper R50, R52 Cooper S R53 - 2001-2008 Black-Chrome . Tutti i Vostri accessori BMW MINI su Custom-Parts!\",\"breadcrumb\":{\"@id\":\"https:\/\/custom-parts.fr\/it\/prodotto\/maniglia-del-cambio-mini-cooper-r50-r52-cooper-s-r53-2001-2008-black-chrome\/#breadcrumb\"},\"inLanguage\":\"it-IT\",\"potentialAction\":[{\"@type\":\"ReadAction\",\"target\":[\"https:\/\/custom-parts.fr\/it\/prodotto\/maniglia-del-cambio-mini-cooper-r50-r52-cooper-s-r53-2001-2008-black-chrome\/\"]}]},{\"@type\":\"ImageObject\",\"inLanguage\":\"it-IT\",\"@id\":\"https:\/\/custom-parts.fr\/it\/prodotto\/maniglia-del-cambio-mini-cooper-r50-r52-cooper-s-r53-2001-2008-black-chrome\/#primaryimage\",\"url\":\"https:\/\/custom-parts.fr\/wp-content\/uploads\/2023\/03\/Pommeau-de-vitesse-MINI-Cooper-R50-R52-Cooper-S-R53-2001-a-2008-Noir-Chrome-5.jpg\",\"contentUrl\":\"https:\/\/custom-parts.fr\/wp-content\/uploads\/2023\/03\/Pommeau-de-vitesse-MINI-Cooper-R50-R52-Cooper-S-R53-2001-a-2008-Noir-Chrome-5.jpg\",\"width\":500,\"height\":500},{\"@type\":\"BreadcrumbList\",\"@id\":\"https:\/\/custom-parts.fr\/it\/prodotto\/maniglia-del-cambio-mini-cooper-r50-r52-cooper-s-r53-2001-2008-black-chrome\/#breadcrumb\",\"itemListElement\":[{\"@type\":\"ListItem\",\"position\":1,\"name\":\"Home\",\"item\":\"https:\/\/custom-parts.fr\/it\/ricambi-e-accessori-per-mini-bmw-custom-parts\/\"},{\"@type\":\"ListItem\",\"position\":2,\"name\":\"Store\",\"item\":\"https:\/\/custom-parts.fr\/it\/store\/\"},{\"@type\":\"ListItem\",\"position\":3,\"name\":\"Maniglia del cambio MINI Cooper R50, R52 Cooper S R53 &#8211; 2001-2008 Black-Chrome\"}]},{\"@type\":\"WebSite\",\"@id\":\"https:\/\/custom-parts.fr\/it\/#website\",\"url\":\"https:\/\/custom-parts.fr\/it\/\",\"name\":\"Custom-Parts.fr\",\"description\":\"Ricambi & Accessori su misura per BMW e MINI\",\"publisher\":{\"@id\":\"https:\/\/custom-parts.fr\/it\/#organization\"},\"potentialAction\":[{\"@type\":\"SearchAction\",\"target\":{\"@type\":\"EntryPoint\",\"urlTemplate\":\"https:\/\/custom-parts.fr\/it\/?s={search_term_string}\"},\"query-input\":{\"@type\":\"PropertyValueSpecification\",\"valueRequired\":true,\"valueName\":\"search_term_string\"}}],\"inLanguage\":\"it-IT\"},{\"@type\":\"Organization\",\"@id\":\"https:\/\/custom-parts.fr\/it\/#organization\",\"name\":\"Custom-Parts\",\"url\":\"https:\/\/custom-parts.fr\/it\/\",\"logo\":{\"@type\":\"ImageObject\",\"inLanguage\":\"it-IT\",\"@id\":\"https:\/\/custom-parts.fr\/it\/#\/schema\/logo\/image\/\",\"url\":\"https:\/\/custom-parts.fr\/wp-content\/uploads\/2023\/01\/cropped-cropped-cropped-final-new-police-2-1-1.png\",\"contentUrl\":\"https:\/\/custom-parts.fr\/wp-content\/uploads\/2023\/01\/cropped-cropped-cropped-final-new-police-2-1-1.png\",\"width\":450,\"height\":125,\"caption\":\"Custom-Parts\"},\"image\":{\"@id\":\"https:\/\/custom-parts.fr\/it\/#\/schema\/logo\/image\/\"}}]}<\/script>\n<!-- \/ Yoast SEO plugin. -->","yoast_head_json":{"title":"Maniglia del cambio MINI Cooper R50, R52 Cooper S R53 - 2001-2008 Black-Chrome - Custom-Parts.fr","description":"Maniglia del cambio MINI Cooper R50, R52 Cooper S R53 - 2001-2008 Black-Chrome . Tutti i Vostri accessori BMW MINI su Custom-Parts!","robots":{"index":"index","follow":"follow","max-snippet":"max-snippet:-1","max-image-preview":"max-image-preview:large","max-video-preview":"max-video-preview:-1"},"canonical":"https:\/\/custom-parts.fr\/it\/prodotto\/maniglia-del-cambio-mini-cooper-r50-r52-cooper-s-r53-2001-2008-black-chrome\/","og_locale":"it_IT","og_type":"article","og_title":"Maniglia del cambio MINI Cooper R50, R52 Cooper S R53 - 2001-2008 Black-Chrome - Custom-Parts.fr","og_description":"Maniglia del cambio MINI Cooper R50, R52 Cooper S R53 - 2001-2008 Black-Chrome . Tutti i Vostri accessori BMW MINI su Custom-Parts!","og_url":"https:\/\/custom-parts.fr\/it\/prodotto\/maniglia-del-cambio-mini-cooper-r50-r52-cooper-s-r53-2001-2008-black-chrome\/","og_site_name":"Custom-Parts.fr","og_image":[{"width":500,"height":500,"url":"https:\/\/custom-parts.fr\/wp-content\/uploads\/2023\/03\/Pommeau-de-vitesse-MINI-Cooper-R50-R52-Cooper-S-R53-2001-a-2008-Noir-Chrome-5.jpg","type":"image\/jpeg"}],"twitter_card":"summary_large_image","twitter_misc":{"Tempo di lettura stimato":"1 minuto"},"schema":{"@context":"https:\/\/schema.org","@graph":[{"@type":"WebPage","@id":"https:\/\/custom-parts.fr\/it\/prodotto\/maniglia-del-cambio-mini-cooper-r50-r52-cooper-s-r53-2001-2008-black-chrome\/","url":"https:\/\/custom-parts.fr\/it\/prodotto\/maniglia-del-cambio-mini-cooper-r50-r52-cooper-s-r53-2001-2008-black-chrome\/","name":"Maniglia del cambio MINI Cooper R50, R52 Cooper S R53 - 2001-2008 Black-Chrome - Custom-Parts.fr","isPartOf":{"@id":"https:\/\/custom-parts.fr\/it\/#website"},"primaryImageOfPage":{"@id":"https:\/\/custom-parts.fr\/it\/prodotto\/maniglia-del-cambio-mini-cooper-r50-r52-cooper-s-r53-2001-2008-black-chrome\/#primaryimage"},"image":{"@id":"https:\/\/custom-parts.fr\/it\/prodotto\/maniglia-del-cambio-mini-cooper-r50-r52-cooper-s-r53-2001-2008-black-chrome\/#primaryimage"},"thumbnailUrl":"https:\/\/custom-parts.fr\/wp-content\/uploads\/2023\/03\/Pommeau-de-vitesse-MINI-Cooper-R50-R52-Cooper-S-R53-2001-a-2008-Noir-Chrome-5.jpg","datePublished":"2023-03-01T15:04:44+00:00","description":"Maniglia del cambio MINI Cooper R50, R52 Cooper S R53 - 2001-2008 Black-Chrome . Tutti i Vostri accessori BMW MINI su Custom-Parts!","breadcrumb":{"@id":"https:\/\/custom-parts.fr\/it\/prodotto\/maniglia-del-cambio-mini-cooper-r50-r52-cooper-s-r53-2001-2008-black-chrome\/#breadcrumb"},"inLanguage":"it-IT","potentialAction":[{"@type":"ReadAction","target":["https:\/\/custom-parts.fr\/it\/prodotto\/maniglia-del-cambio-mini-cooper-r50-r52-cooper-s-r53-2001-2008-black-chrome\/"]}]},{"@type":"ImageObject","inLanguage":"it-IT","@id":"https:\/\/custom-parts.fr\/it\/prodotto\/maniglia-del-cambio-mini-cooper-r50-r52-cooper-s-r53-2001-2008-black-chrome\/#primaryimage","url":"https:\/\/custom-parts.fr\/wp-content\/uploads\/2023\/03\/Pommeau-de-vitesse-MINI-Cooper-R50-R52-Cooper-S-R53-2001-a-2008-Noir-Chrome-5.jpg","contentUrl":"https:\/\/custom-parts.fr\/wp-content\/uploads\/2023\/03\/Pommeau-de-vitesse-MINI-Cooper-R50-R52-Cooper-S-R53-2001-a-2008-Noir-Chrome-5.jpg","width":500,"height":500},{"@type":"BreadcrumbList","@id":"https:\/\/custom-parts.fr\/it\/prodotto\/maniglia-del-cambio-mini-cooper-r50-r52-cooper-s-r53-2001-2008-black-chrome\/#breadcrumb","itemListElement":[{"@type":"ListItem","position":1,"name":"Home","item":"https:\/\/custom-parts.fr\/it\/ricambi-e-accessori-per-mini-bmw-custom-parts\/"},{"@type":"ListItem","position":2,"name":"Store","item":"https:\/\/custom-parts.fr\/it\/store\/"},{"@type":"ListItem","position":3,"name":"Maniglia del cambio MINI Cooper R50, R52 Cooper S R53 &#8211; 2001-2008 Black-Chrome"}]},{"@type":"WebSite","@id":"https:\/\/custom-parts.fr\/it\/#website","url":"https:\/\/custom-parts.fr\/it\/","name":"Custom-Parts.fr","description":"Ricambi & Accessori su misura per BMW e MINI","publisher":{"@id":"https:\/\/custom-parts.fr\/it\/#organization"},"potentialAction":[{"@type":"SearchAction","target":{"@type":"EntryPoint","urlTemplate":"https:\/\/custom-parts.fr\/it\/?s={search_term_string}"},"query-input":{"@type":"PropertyValueSpecification","valueRequired":true,"valueName":"search_term_string"}}],"inLanguage":"it-IT"},{"@type":"Organization","@id":"https:\/\/custom-parts.fr\/it\/#organization","name":"Custom-Parts","url":"https:\/\/custom-parts.fr\/it\/","logo":{"@type":"ImageObject","inLanguage":"it-IT","@id":"https:\/\/custom-parts.fr\/it\/#\/schema\/logo\/image\/","url":"https:\/\/custom-parts.fr\/wp-content\/uploads\/2023\/01\/cropped-cropped-cropped-final-new-police-2-1-1.png","contentUrl":"https:\/\/custom-parts.fr\/wp-content\/uploads\/2023\/01\/cropped-cropped-cropped-final-new-police-2-1-1.png","width":450,"height":125,"caption":"Custom-Parts"},"image":{"@id":"https:\/\/custom-parts.fr\/it\/#\/schema\/logo\/image\/"}}]}},"_links":{"self":[{"href":"https:\/\/custom-parts.fr\/it\/wp-json\/wp\/v2\/product\/26667","targetHints":{"allow":["GET"]}}],"collection":[{"href":"https:\/\/custom-parts.fr\/it\/wp-json\/wp\/v2\/product"}],"about":[{"href":"https:\/\/custom-parts.fr\/it\/wp-json\/wp\/v2\/types\/product"}],"replies":[{"embeddable":true,"href":"https:\/\/custom-parts.fr\/it\/wp-json\/wp\/v2\/comments?post=26667"}],"wp:featuredmedia":[{"embeddable":true,"href":"https:\/\/custom-parts.fr\/it\/wp-json\/wp\/v2\/media\/26672"}],"wp:attachment":[{"href":"https:\/\/custom-parts.fr\/it\/wp-json\/wp\/v2\/media?parent=26667"}],"wp:term":[{"taxonomy":"product_brand","embeddable":true,"href":"https:\/\/custom-parts.fr\/it\/wp-json\/wp\/v2\/product_brand?post=26667"},{"taxonomy":"product_cat","embeddable":true,"href":"https:\/\/custom-parts.fr\/it\/wp-json\/wp\/v2\/product_cat?post=26667"},{"taxonomy":"product_tag","embeddable":true,"href":"https:\/\/custom-parts.fr\/it\/wp-json\/wp\/v2\/product_tag?post=26667"}],"curies":[{"name":"wp","href":"https:\/\/api.w.org\/{rel}","templated":true}]}}