{"id":26855,"date":"2023-12-08T17:55:40","date_gmt":"2023-12-08T16:55:40","guid":{"rendered":"https:\/\/custom-parts.fr\/produit\/3-segnale-led-luce-aggiuntiva-per-mini-cooper-s-r53-r50\/"},"modified":"2023-12-08T17:55:40","modified_gmt":"2023-12-08T16:55:40","slug":"3-segnale-led-luce-aggiuntiva-per-mini-cooper-s-r53-r50","status":"publish","type":"product","link":"https:\/\/custom-parts.fr\/it\/prodotto\/3-segnale-led-luce-aggiuntiva-per-mini-cooper-s-r53-r50\/","title":{"rendered":"3\u00b0 Segnale LED \/ Luce aggiuntiva per MINI Cooper S R53 &amp; R50"},"content":{"rendered":"<p><strong>LED Plug &amp; Play Luce di freno aggiuntiva per MINI Cooper R50 e Mini Cooper S R53 dal 2002 al 2006<\/strong><\/p>\n<p>&nbsp;<\/p>\n<p>Questa luce di frenata aggiuntiva ti permetter\u00e0 di sostituire direttamente la terza luce di frenata originale della tua Mini Cooper S R53 e R50 senza alcuna modifica. L&#8217;illuminazione LED offre una maggiore visibilit\u00e0 e una durata di servizio pi\u00f9 lunga rispetto all&#8217;originale. Per l&#8217;assemblaggio, tutto quello che devi fare \u00e8 smontare la luce dei freni esistente della tua Mini e riutilizzare le viti originali della nuova illuminazione LED. Il cavo di alimentazione \u00e8 fornito anche con la spia di freno.   <\/p>\n<p>&nbsp;<\/p>\n<h2>Caratteristiche:<\/h2>\n<ul>\n<li>Materiale: plastica ABS di alta qualit\u00e0<\/li>\n<li>Illuminazione LED<\/li>\n<li>Realizzati su misura per una calzata perfetta su Mini Cooper S R53 e R50 1\u00aa generazione (2002-2006)<\/li>\n<li>La consegna include: 3\u00aa luce di freno e il cavo di alimentazione<\/li>\n<li>Colori disponibili: Rosso, Fumo<\/li>\n<li>Riferimenti del produttore: 63256935789 | 63256935790<\/li>\n<\/ul>\n<h2>Adatto per:<\/h2>\n<ul>\n<li>MINI R50 &#8211; One, One D e Cooper dal 2002 al 2006<\/li>\n<li>MINI Cooper S R53 e Cooper S JCW GP dal 2002 al 2006<\/li>\n<\/ul>\n","protected":false},"excerpt":{"rendered":"<p><span style=\"color: #39991a; font-weight: 900;\">\u2713<\/span> Plug &amp; Play per Mini R50 &amp; Mini Cooper S R53<br \/>\n<span style=\"color: #39991a; font-weight: 900;\">\u2713<\/span> Installazione <span style=\"color: #39991a; font-weight: 900;\">rapida<\/span><br \/>\n\u2713 Disponibile in rosso o fumo<\/p>\n","protected":false},"featured_media":26868,"comment_status":"open","ping_status":"closed","template":"","meta":[],"product_brand":[],"product_cat":[400,391],"product_tag":[],"class_list":{"0":"post-26855","1":"product","2":"type-product","3":"status-publish","4":"has-post-thumbnail","6":"product_cat-1a-gen","7":"product_cat-ricambi-e-accessori-per-mini-cooper","9":"first","10":"instock","11":"taxable","12":"shipping-taxable","13":"purchasable","14":"product-type-variable"},"yoast_head":"<!-- This site is optimized with the Yoast SEO plugin v27.2 - https:\/\/yoast.com\/product\/yoast-seo-wordpress\/ -->\n<title>3\u00b0 Segnale LED \/ Luce aggiuntiva per MINI Cooper S R53 &amp; R50<\/title>\n<meta name=\"description\" content=\"Luce aggiuntiva \/ 3\u00aa luce frenata per Mini Cooper S R53 &amp; Cooper R50 \u2714Versioni \u2714rosse o fumate Trova tutti i tuoi accessori MINI su Custom-Parts.fr\" \/>\n<meta name=\"robots\" content=\"index, follow, max-snippet:-1, max-image-preview:large, max-video-preview:-1\" \/>\n<link rel=\"canonical\" href=\"https:\/\/custom-parts.fr\/it\/prodotto\/3-segnale-led-luce-aggiuntiva-per-mini-cooper-s-r53-r50\/\" \/>\n<meta property=\"og:locale\" content=\"it_IT\" \/>\n<meta property=\"og:type\" content=\"article\" \/>\n<meta property=\"og:title\" content=\"3\u00b0 Segnale LED \/ Luce aggiuntiva per MINI Cooper S R53 &amp; R50\" \/>\n<meta property=\"og:description\" content=\"Luce aggiuntiva \/ 3\u00aa luce frenata per Mini Cooper S R53 &amp; Cooper R50 \u2714Versioni \u2714rosse o fumate Trova tutti i tuoi accessori MINI su Custom-Parts.fr\" \/>\n<meta property=\"og:url\" content=\"https:\/\/custom-parts.fr\/it\/prodotto\/3-segnale-led-luce-aggiuntiva-per-mini-cooper-s-r53-r50\/\" \/>\n<meta property=\"og:site_name\" content=\"Custom-Parts.fr\" \/>\n<meta property=\"og:image\" content=\"https:\/\/custom-parts.fr\/wp-content\/uploads\/2023\/12\/Feu-stop-additionnel-fume-pour-MINI-Cooper-S-R53-R50.jpg\" \/>\n\t<meta property=\"og:image:width\" content=\"500\" \/>\n\t<meta property=\"og:image:height\" content=\"500\" \/>\n\t<meta property=\"og:image:type\" content=\"image\/jpeg\" \/>\n<meta name=\"twitter:card\" content=\"summary_large_image\" \/>\n<meta name=\"twitter:label1\" content=\"Tempo di lettura stimato\" \/>\n\t<meta name=\"twitter:data1\" content=\"1 minuto\" \/>\n<script type=\"application\/ld+json\" class=\"yoast-schema-graph\">{\"@context\":\"https:\/\/schema.org\",\"@graph\":[{\"@type\":\"WebPage\",\"@id\":\"https:\/\/custom-parts.fr\/it\/prodotto\/3-segnale-led-luce-aggiuntiva-per-mini-cooper-s-r53-r50\/\",\"url\":\"https:\/\/custom-parts.fr\/it\/prodotto\/3-segnale-led-luce-aggiuntiva-per-mini-cooper-s-r53-r50\/\",\"name\":\"3\u00b0 Segnale LED \/ Luce aggiuntiva per MINI Cooper S R53 &amp; R50\",\"isPartOf\":{\"@id\":\"https:\/\/custom-parts.fr\/it\/#website\"},\"primaryImageOfPage\":{\"@id\":\"https:\/\/custom-parts.fr\/it\/prodotto\/3-segnale-led-luce-aggiuntiva-per-mini-cooper-s-r53-r50\/#primaryimage\"},\"image\":{\"@id\":\"https:\/\/custom-parts.fr\/it\/prodotto\/3-segnale-led-luce-aggiuntiva-per-mini-cooper-s-r53-r50\/#primaryimage\"},\"thumbnailUrl\":\"https:\/\/custom-parts.fr\/wp-content\/uploads\/2023\/12\/Feu-stop-additionnel-fume-pour-MINI-Cooper-S-R53-R50.jpg\",\"datePublished\":\"2023-12-08T16:55:40+00:00\",\"description\":\"Luce aggiuntiva \/ 3\u00aa luce frenata per Mini Cooper S R53 & Cooper R50 \u2714Versioni \u2714rosse o fumate Trova tutti i tuoi accessori MINI su Custom-Parts.fr\",\"breadcrumb\":{\"@id\":\"https:\/\/custom-parts.fr\/it\/prodotto\/3-segnale-led-luce-aggiuntiva-per-mini-cooper-s-r53-r50\/#breadcrumb\"},\"inLanguage\":\"it-IT\",\"potentialAction\":[{\"@type\":\"ReadAction\",\"target\":[\"https:\/\/custom-parts.fr\/it\/prodotto\/3-segnale-led-luce-aggiuntiva-per-mini-cooper-s-r53-r50\/\"]}]},{\"@type\":\"ImageObject\",\"inLanguage\":\"it-IT\",\"@id\":\"https:\/\/custom-parts.fr\/it\/prodotto\/3-segnale-led-luce-aggiuntiva-per-mini-cooper-s-r53-r50\/#primaryimage\",\"url\":\"https:\/\/custom-parts.fr\/wp-content\/uploads\/2023\/12\/Feu-stop-additionnel-fume-pour-MINI-Cooper-S-R53-R50.jpg\",\"contentUrl\":\"https:\/\/custom-parts.fr\/wp-content\/uploads\/2023\/12\/Feu-stop-additionnel-fume-pour-MINI-Cooper-S-R53-R50.jpg\",\"width\":500,\"height\":500},{\"@type\":\"BreadcrumbList\",\"@id\":\"https:\/\/custom-parts.fr\/it\/prodotto\/3-segnale-led-luce-aggiuntiva-per-mini-cooper-s-r53-r50\/#breadcrumb\",\"itemListElement\":[{\"@type\":\"ListItem\",\"position\":1,\"name\":\"Home\",\"item\":\"https:\/\/custom-parts.fr\/it\/ricambi-e-accessori-per-mini-bmw-custom-parts\/\"},{\"@type\":\"ListItem\",\"position\":2,\"name\":\"Store\",\"item\":\"https:\/\/custom-parts.fr\/it\/store\/\"},{\"@type\":\"ListItem\",\"position\":3,\"name\":\"3\u00b0 Segnale LED \/ Luce aggiuntiva per MINI Cooper S R53 &amp; R50\"}]},{\"@type\":\"WebSite\",\"@id\":\"https:\/\/custom-parts.fr\/it\/#website\",\"url\":\"https:\/\/custom-parts.fr\/it\/\",\"name\":\"Custom-Parts.fr\",\"description\":\"Ricambi & Accessori su misura per BMW e MINI\",\"publisher\":{\"@id\":\"https:\/\/custom-parts.fr\/it\/#organization\"},\"potentialAction\":[{\"@type\":\"SearchAction\",\"target\":{\"@type\":\"EntryPoint\",\"urlTemplate\":\"https:\/\/custom-parts.fr\/it\/?s={search_term_string}\"},\"query-input\":{\"@type\":\"PropertyValueSpecification\",\"valueRequired\":true,\"valueName\":\"search_term_string\"}}],\"inLanguage\":\"it-IT\"},{\"@type\":\"Organization\",\"@id\":\"https:\/\/custom-parts.fr\/it\/#organization\",\"name\":\"Custom-Parts\",\"url\":\"https:\/\/custom-parts.fr\/it\/\",\"logo\":{\"@type\":\"ImageObject\",\"inLanguage\":\"it-IT\",\"@id\":\"https:\/\/custom-parts.fr\/it\/#\/schema\/logo\/image\/\",\"url\":\"https:\/\/custom-parts.fr\/wp-content\/uploads\/2023\/01\/cropped-cropped-cropped-final-new-police-2-1-1.png\",\"contentUrl\":\"https:\/\/custom-parts.fr\/wp-content\/uploads\/2023\/01\/cropped-cropped-cropped-final-new-police-2-1-1.png\",\"width\":450,\"height\":125,\"caption\":\"Custom-Parts\"},\"image\":{\"@id\":\"https:\/\/custom-parts.fr\/it\/#\/schema\/logo\/image\/\"}}]}<\/script>\n<!-- \/ Yoast SEO plugin. -->","yoast_head_json":{"title":"3\u00b0 Segnale LED \/ Luce aggiuntiva per MINI Cooper S R53 &amp; R50","description":"Luce aggiuntiva \/ 3\u00aa luce frenata per Mini Cooper S R53 & Cooper R50 \u2714Versioni \u2714rosse o fumate Trova tutti i tuoi accessori MINI su Custom-Parts.fr","robots":{"index":"index","follow":"follow","max-snippet":"max-snippet:-1","max-image-preview":"max-image-preview:large","max-video-preview":"max-video-preview:-1"},"canonical":"https:\/\/custom-parts.fr\/it\/prodotto\/3-segnale-led-luce-aggiuntiva-per-mini-cooper-s-r53-r50\/","og_locale":"it_IT","og_type":"article","og_title":"3\u00b0 Segnale LED \/ Luce aggiuntiva per MINI Cooper S R53 &amp; R50","og_description":"Luce aggiuntiva \/ 3\u00aa luce frenata per Mini Cooper S R53 & Cooper R50 \u2714Versioni \u2714rosse o fumate Trova tutti i tuoi accessori MINI su Custom-Parts.fr","og_url":"https:\/\/custom-parts.fr\/it\/prodotto\/3-segnale-led-luce-aggiuntiva-per-mini-cooper-s-r53-r50\/","og_site_name":"Custom-Parts.fr","og_image":[{"width":500,"height":500,"url":"https:\/\/custom-parts.fr\/wp-content\/uploads\/2023\/12\/Feu-stop-additionnel-fume-pour-MINI-Cooper-S-R53-R50.jpg","type":"image\/jpeg"}],"twitter_card":"summary_large_image","twitter_misc":{"Tempo di lettura stimato":"1 minuto"},"schema":{"@context":"https:\/\/schema.org","@graph":[{"@type":"WebPage","@id":"https:\/\/custom-parts.fr\/it\/prodotto\/3-segnale-led-luce-aggiuntiva-per-mini-cooper-s-r53-r50\/","url":"https:\/\/custom-parts.fr\/it\/prodotto\/3-segnale-led-luce-aggiuntiva-per-mini-cooper-s-r53-r50\/","name":"3\u00b0 Segnale LED \/ Luce aggiuntiva per MINI Cooper S R53 &amp; R50","isPartOf":{"@id":"https:\/\/custom-parts.fr\/it\/#website"},"primaryImageOfPage":{"@id":"https:\/\/custom-parts.fr\/it\/prodotto\/3-segnale-led-luce-aggiuntiva-per-mini-cooper-s-r53-r50\/#primaryimage"},"image":{"@id":"https:\/\/custom-parts.fr\/it\/prodotto\/3-segnale-led-luce-aggiuntiva-per-mini-cooper-s-r53-r50\/#primaryimage"},"thumbnailUrl":"https:\/\/custom-parts.fr\/wp-content\/uploads\/2023\/12\/Feu-stop-additionnel-fume-pour-MINI-Cooper-S-R53-R50.jpg","datePublished":"2023-12-08T16:55:40+00:00","description":"Luce aggiuntiva \/ 3\u00aa luce frenata per Mini Cooper S R53 & Cooper R50 \u2714Versioni \u2714rosse o fumate Trova tutti i tuoi accessori MINI su Custom-Parts.fr","breadcrumb":{"@id":"https:\/\/custom-parts.fr\/it\/prodotto\/3-segnale-led-luce-aggiuntiva-per-mini-cooper-s-r53-r50\/#breadcrumb"},"inLanguage":"it-IT","potentialAction":[{"@type":"ReadAction","target":["https:\/\/custom-parts.fr\/it\/prodotto\/3-segnale-led-luce-aggiuntiva-per-mini-cooper-s-r53-r50\/"]}]},{"@type":"ImageObject","inLanguage":"it-IT","@id":"https:\/\/custom-parts.fr\/it\/prodotto\/3-segnale-led-luce-aggiuntiva-per-mini-cooper-s-r53-r50\/#primaryimage","url":"https:\/\/custom-parts.fr\/wp-content\/uploads\/2023\/12\/Feu-stop-additionnel-fume-pour-MINI-Cooper-S-R53-R50.jpg","contentUrl":"https:\/\/custom-parts.fr\/wp-content\/uploads\/2023\/12\/Feu-stop-additionnel-fume-pour-MINI-Cooper-S-R53-R50.jpg","width":500,"height":500},{"@type":"BreadcrumbList","@id":"https:\/\/custom-parts.fr\/it\/prodotto\/3-segnale-led-luce-aggiuntiva-per-mini-cooper-s-r53-r50\/#breadcrumb","itemListElement":[{"@type":"ListItem","position":1,"name":"Home","item":"https:\/\/custom-parts.fr\/it\/ricambi-e-accessori-per-mini-bmw-custom-parts\/"},{"@type":"ListItem","position":2,"name":"Store","item":"https:\/\/custom-parts.fr\/it\/store\/"},{"@type":"ListItem","position":3,"name":"3\u00b0 Segnale LED \/ Luce aggiuntiva per MINI Cooper S R53 &amp; R50"}]},{"@type":"WebSite","@id":"https:\/\/custom-parts.fr\/it\/#website","url":"https:\/\/custom-parts.fr\/it\/","name":"Custom-Parts.fr","description":"Ricambi & Accessori su misura per BMW e MINI","publisher":{"@id":"https:\/\/custom-parts.fr\/it\/#organization"},"potentialAction":[{"@type":"SearchAction","target":{"@type":"EntryPoint","urlTemplate":"https:\/\/custom-parts.fr\/it\/?s={search_term_string}"},"query-input":{"@type":"PropertyValueSpecification","valueRequired":true,"valueName":"search_term_string"}}],"inLanguage":"it-IT"},{"@type":"Organization","@id":"https:\/\/custom-parts.fr\/it\/#organization","name":"Custom-Parts","url":"https:\/\/custom-parts.fr\/it\/","logo":{"@type":"ImageObject","inLanguage":"it-IT","@id":"https:\/\/custom-parts.fr\/it\/#\/schema\/logo\/image\/","url":"https:\/\/custom-parts.fr\/wp-content\/uploads\/2023\/01\/cropped-cropped-cropped-final-new-police-2-1-1.png","contentUrl":"https:\/\/custom-parts.fr\/wp-content\/uploads\/2023\/01\/cropped-cropped-cropped-final-new-police-2-1-1.png","width":450,"height":125,"caption":"Custom-Parts"},"image":{"@id":"https:\/\/custom-parts.fr\/it\/#\/schema\/logo\/image\/"}}]}},"_links":{"self":[{"href":"https:\/\/custom-parts.fr\/it\/wp-json\/wp\/v2\/product\/26855","targetHints":{"allow":["GET"]}}],"collection":[{"href":"https:\/\/custom-parts.fr\/it\/wp-json\/wp\/v2\/product"}],"about":[{"href":"https:\/\/custom-parts.fr\/it\/wp-json\/wp\/v2\/types\/product"}],"replies":[{"embeddable":true,"href":"https:\/\/custom-parts.fr\/it\/wp-json\/wp\/v2\/comments?post=26855"}],"wp:featuredmedia":[{"embeddable":true,"href":"https:\/\/custom-parts.fr\/it\/wp-json\/wp\/v2\/media\/26868"}],"wp:attachment":[{"href":"https:\/\/custom-parts.fr\/it\/wp-json\/wp\/v2\/media?parent=26855"}],"wp:term":[{"taxonomy":"product_brand","embeddable":true,"href":"https:\/\/custom-parts.fr\/it\/wp-json\/wp\/v2\/product_brand?post=26855"},{"taxonomy":"product_cat","embeddable":true,"href":"https:\/\/custom-parts.fr\/it\/wp-json\/wp\/v2\/product_cat?post=26855"},{"taxonomy":"product_tag","embeddable":true,"href":"https:\/\/custom-parts.fr\/it\/wp-json\/wp\/v2\/product_tag?post=26855"}],"curies":[{"name":"wp","href":"https:\/\/api.w.org\/{rel}","templated":true}]}}