{"id":26876,"date":"2024-11-18T19:41:33","date_gmt":"2024-11-18T18:41:33","guid":{"rendered":"https:\/\/custom-parts.fr\/produit\/cornice-leva-cambio-mini-cooper-r50-r52-r53-nero-lucido-carbonio\/"},"modified":"2024-11-18T19:41:33","modified_gmt":"2024-11-18T18:41:33","slug":"cornice-leva-cambio-mini-cooper-r50-r52-r53-nero-lucido-carbonio","status":"publish","type":"product","link":"https:\/\/custom-parts.fr\/it\/prodotto\/cornice-leva-cambio-mini-cooper-r50-r52-r53-nero-lucido-carbonio\/","title":{"rendered":"Cornice leva cambio MINI Cooper R50, R52, R53 &#8211; Nero lucido | Carbonio"},"content":{"rendered":"<p><strong>Cornice leva cambio MINI Cooper R50, R52, R53 &#8211; Nero lucido o stile carbonio <\/strong><\/p>\n<p>Dai un tocco di personalit\u00e0 agli interni della tua Mini Cooper R50, R52 o R53 con questa finitura per la leva cambio manuale o automatica. Disponibile nei colori Nero Lucido o Stile Carbonio, questo accessorio \u00e8 perfetto per rinnovare l&#8217;abitacolo aggiungendo un tocco di raffinatezza. <\/p>\n<p>Realizzato su misura per Mini Cooper R50, R52 o R53, questo componente si applica direttamente sul rivestimento originale grazie al nastro biadesivo per auto gi\u00e0 applicato. Una soluzione efficace e di qualit\u00e0 per rinnovare gli interni senza alcuno sforzo e senza necessit\u00e0 di smontaggio. <\/p>\n<p><strong>NB: le coperture hanno una pellicola protettiva trasparente da rimuovere durante l&#8217;installazione. Le finiture hanno sempre una finitura lucida.<\/strong><\/p>\n<h2>Caratteristiche:<\/h2>\n<ul>\n<li>Adatto per cambi manuali e automatici<\/li>\n<li>Colori: Nero lucido o stile Carbon<\/li>\n<li>Materiale: Plastica ABS<\/li>\n<li>Si installa sui rivestimenti originali grazie ai nastri biadesivi automobilistici preinstallati.<\/li>\n<li>Per un&#8217;installazione ancora pi\u00f9 duratura, strofina l&#8217;adesivo prima dell&#8217;installazione oppure usa un phon per capelli per riscaldare la colla e aumentare la sua adesione. Puoi anche riscaldare il ricambio prima di smontarlo per rimuoverlo senza lasciare tracce.<\/li>\n<\/ul>\n<h2>Adatto per:<\/h2>\n<ul>\n<li>R50 \u2013 MINI Hatchback \u2013 2001-2006 \u2013 MINI One, One D e Cooper<\/li>\n<li>R52 \u2013 MINI Cabriolet \u2013 2004-2008 \u2013 MINI One, Cooper e Cooper S<\/li>\n<li>R53 \u2013 MINI Hatchback \u2013 2001-2006 \u2013 MINI Cooper S e Cooper S JCW GP<\/li>\n<\/ul>\n<p><img decoding=\"async\" class=\"alignnone size-full wp-image-23241 lazyload\" data-src=\"https:\/\/custom-parts.fr\/wp-content\/uploads\/2024\/11\/Garniture-levier-de-vitesse-MINI-Cooper-R50-R52-R53-Noir-Brillant-Carbone-5.jpg\" alt=\"\" width=\"500\" height=\"500\" data-srcset=\"https:\/\/custom-parts.fr\/wp-content\/uploads\/2024\/11\/Garniture-levier-de-vitesse-MINI-Cooper-R50-R52-R53-Noir-Brillant-Carbone-5.jpg 500w, https:\/\/custom-parts.fr\/wp-content\/uploads\/2024\/11\/Garniture-levier-de-vitesse-MINI-Cooper-R50-R52-R53-Noir-Brillant-Carbone-5-300x300.jpg 300w, https:\/\/custom-parts.fr\/wp-content\/uploads\/2024\/11\/Garniture-levier-de-vitesse-MINI-Cooper-R50-R52-R53-Noir-Brillant-Carbone-5-150x150.jpg 150w, https:\/\/custom-parts.fr\/wp-content\/uploads\/2024\/11\/Garniture-levier-de-vitesse-MINI-Cooper-R50-R52-R53-Noir-Brillant-Carbone-5-100x100.jpg 100w, https:\/\/custom-parts.fr\/wp-content\/uploads\/2024\/11\/Garniture-levier-de-vitesse-MINI-Cooper-R50-R52-R53-Noir-Brillant-Carbone-5-48x48.jpg 48w\" data-sizes=\"(max-width: 500px) 100vw, 500px\" src=\"data:image\/svg+xml;base64,PHN2ZyB3aWR0aD0iMSIgaGVpZ2h0PSIxIiB4bWxucz0iaHR0cDovL3d3dy53My5vcmcvMjAwMC9zdmciPjwvc3ZnPg==\" style=\"--smush-placeholder-width: 500px; --smush-placeholder-aspect-ratio: 500\/500;\" \/> <img decoding=\"async\" class=\"alignnone size-full wp-image-23239 lazyload\" data-src=\"https:\/\/custom-parts.fr\/wp-content\/uploads\/2024\/11\/Garniture-levier-de-vitesse-MINI-Cooper-R50-R52-R53-Noir-Brillant-Carbone-3.jpg\" alt=\"\" width=\"500\" height=\"500\" data-srcset=\"https:\/\/custom-parts.fr\/wp-content\/uploads\/2024\/11\/Garniture-levier-de-vitesse-MINI-Cooper-R50-R52-R53-Noir-Brillant-Carbone-3.jpg 500w, https:\/\/custom-parts.fr\/wp-content\/uploads\/2024\/11\/Garniture-levier-de-vitesse-MINI-Cooper-R50-R52-R53-Noir-Brillant-Carbone-3-300x300.jpg 300w, https:\/\/custom-parts.fr\/wp-content\/uploads\/2024\/11\/Garniture-levier-de-vitesse-MINI-Cooper-R50-R52-R53-Noir-Brillant-Carbone-3-150x150.jpg 150w, https:\/\/custom-parts.fr\/wp-content\/uploads\/2024\/11\/Garniture-levier-de-vitesse-MINI-Cooper-R50-R52-R53-Noir-Brillant-Carbone-3-100x100.jpg 100w, https:\/\/custom-parts.fr\/wp-content\/uploads\/2024\/11\/Garniture-levier-de-vitesse-MINI-Cooper-R50-R52-R53-Noir-Brillant-Carbone-3-48x48.jpg 48w\" data-sizes=\"(max-width: 500px) 100vw, 500px\" src=\"data:image\/svg+xml;base64,PHN2ZyB3aWR0aD0iMSIgaGVpZ2h0PSIxIiB4bWxucz0iaHR0cDovL3d3dy53My5vcmcvMjAwMC9zdmciPjwvc3ZnPg==\" style=\"--smush-placeholder-width: 500px; --smush-placeholder-aspect-ratio: 500\/500;\" \/><\/p>\n<p><img decoding=\"async\" class=\"alignnone size-full wp-image-23242 lazyload\" data-src=\"https:\/\/custom-parts.fr\/wp-content\/uploads\/2024\/11\/Garniture-levier-de-vitesse-MINI-Cooper-R50-R52-R53-Noir-Brillant-Carbone-6.jpg\" alt=\"\" width=\"500\" height=\"500\" data-srcset=\"https:\/\/custom-parts.fr\/wp-content\/uploads\/2024\/11\/Garniture-levier-de-vitesse-MINI-Cooper-R50-R52-R53-Noir-Brillant-Carbone-6.jpg 500w, https:\/\/custom-parts.fr\/wp-content\/uploads\/2024\/11\/Garniture-levier-de-vitesse-MINI-Cooper-R50-R52-R53-Noir-Brillant-Carbone-6-300x300.jpg 300w, https:\/\/custom-parts.fr\/wp-content\/uploads\/2024\/11\/Garniture-levier-de-vitesse-MINI-Cooper-R50-R52-R53-Noir-Brillant-Carbone-6-150x150.jpg 150w, https:\/\/custom-parts.fr\/wp-content\/uploads\/2024\/11\/Garniture-levier-de-vitesse-MINI-Cooper-R50-R52-R53-Noir-Brillant-Carbone-6-100x100.jpg 100w, https:\/\/custom-parts.fr\/wp-content\/uploads\/2024\/11\/Garniture-levier-de-vitesse-MINI-Cooper-R50-R52-R53-Noir-Brillant-Carbone-6-48x48.jpg 48w\" data-sizes=\"(max-width: 500px) 100vw, 500px\" src=\"data:image\/svg+xml;base64,PHN2ZyB3aWR0aD0iMSIgaGVpZ2h0PSIxIiB4bWxucz0iaHR0cDovL3d3dy53My5vcmcvMjAwMC9zdmciPjwvc3ZnPg==\" style=\"--smush-placeholder-width: 500px; --smush-placeholder-aspect-ratio: 500\/500;\" \/> <img decoding=\"async\" class=\"alignnone size-full wp-image-23229 lazyload\" data-src=\"https:\/\/custom-parts.fr\/wp-content\/uploads\/2024\/11\/Garnitures-portes-gobelets-MINI-Cooper-R50-R52-R53-6.jpg\" alt=\"\" width=\"500\" height=\"500\" data-srcset=\"https:\/\/custom-parts.fr\/wp-content\/uploads\/2024\/11\/Garnitures-portes-gobelets-MINI-Cooper-R50-R52-R53-6.jpg 500w, https:\/\/custom-parts.fr\/wp-content\/uploads\/2024\/11\/Garnitures-portes-gobelets-MINI-Cooper-R50-R52-R53-6-300x300.jpg 300w, https:\/\/custom-parts.fr\/wp-content\/uploads\/2024\/11\/Garnitures-portes-gobelets-MINI-Cooper-R50-R52-R53-6-150x150.jpg 150w, https:\/\/custom-parts.fr\/wp-content\/uploads\/2024\/11\/Garnitures-portes-gobelets-MINI-Cooper-R50-R52-R53-6-100x100.jpg 100w, https:\/\/custom-parts.fr\/wp-content\/uploads\/2024\/11\/Garnitures-portes-gobelets-MINI-Cooper-R50-R52-R53-6-48x48.jpg 48w\" data-sizes=\"(max-width: 500px) 100vw, 500px\" src=\"data:image\/svg+xml;base64,PHN2ZyB3aWR0aD0iMSIgaGVpZ2h0PSIxIiB4bWxucz0iaHR0cDovL3d3dy53My5vcmcvMjAwMC9zdmciPjwvc3ZnPg==\" style=\"--smush-placeholder-width: 500px; --smush-placeholder-aspect-ratio: 500\/500;\" \/><\/p>\n<p>&nbsp;<\/p>\n","protected":false},"excerpt":{"rendered":"<p><span style=\"color: #39991a; font-weight: 900;\">\u2713<\/span> Personalizza la tua Mini come preferisci!<br \/>\n<span style=\"color: #39991a; font-weight: 900;\">\u2713<\/span> Facile da installare e <span style=\"color: #39991a; font-weight: 900;\">sostituire<\/span><br \/>\n\u2713 Perfetta incastrazione sul pezzo originale<\/p>\n","protected":false},"featured_media":26882,"comment_status":"open","ping_status":"closed","template":"","meta":[],"product_brand":[],"product_cat":[400,391],"product_tag":[],"class_list":{"0":"post-26876","1":"product","2":"type-product","3":"status-publish","4":"has-post-thumbnail","6":"product_cat-1a-gen","7":"product_cat-ricambi-e-accessori-per-mini-cooper","9":"first","10":"instock","11":"taxable","12":"shipping-taxable","13":"purchasable","14":"product-type-variable"},"yoast_head":"<!-- This site is optimized with the Yoast SEO plugin v27.2 - https:\/\/yoast.com\/product\/yoast-seo-wordpress\/ -->\n<title>Cornice leva cambio MINI Cooper R50, R52, R53 - Nero lucido | Carbonio<\/title>\n<meta name=\"description\" content=\"Cornice leva cambio MINI Cooper R50, R52, R53 - Nero lucido | Carbonio Scopri tutti i tuoi accessori interiori personalizzati su Custom-Parts!\" \/>\n<meta name=\"robots\" content=\"index, follow, max-snippet:-1, max-image-preview:large, max-video-preview:-1\" \/>\n<link rel=\"canonical\" href=\"https:\/\/custom-parts.fr\/it\/prodotto\/cornice-leva-cambio-mini-cooper-r50-r52-r53-nero-lucido-carbonio\/\" \/>\n<meta property=\"og:locale\" content=\"it_IT\" \/>\n<meta property=\"og:type\" content=\"article\" \/>\n<meta property=\"og:title\" content=\"Cornice leva cambio MINI Cooper R50, R52, R53 - Nero lucido | Carbonio\" \/>\n<meta property=\"og:description\" content=\"Cornice leva cambio MINI Cooper R50, R52, R53 - Nero lucido | Carbonio Scopri tutti i tuoi accessori interiori personalizzati su Custom-Parts!\" \/>\n<meta property=\"og:url\" content=\"https:\/\/custom-parts.fr\/it\/prodotto\/cornice-leva-cambio-mini-cooper-r50-r52-r53-nero-lucido-carbonio\/\" \/>\n<meta property=\"og:site_name\" content=\"Custom-Parts.fr\" \/>\n<meta property=\"og:image\" content=\"https:\/\/custom-parts.fr\/wp-content\/uploads\/2024\/11\/Garniture-levier-de-vitesse-MINI-Cooper-R50-R52-R53-Noir-Brillant-Carbone-4.jpg\" \/>\n\t<meta property=\"og:image:width\" content=\"500\" \/>\n\t<meta property=\"og:image:height\" content=\"500\" \/>\n\t<meta property=\"og:image:type\" content=\"image\/jpeg\" \/>\n<meta name=\"twitter:card\" content=\"summary_large_image\" \/>\n<meta name=\"twitter:label1\" content=\"Tempo di lettura stimato\" \/>\n\t<meta name=\"twitter:data1\" content=\"1 minuto\" \/>\n<script type=\"application\/ld+json\" class=\"yoast-schema-graph\">{\"@context\":\"https:\/\/schema.org\",\"@graph\":[{\"@type\":\"WebPage\",\"@id\":\"https:\/\/custom-parts.fr\/it\/prodotto\/cornice-leva-cambio-mini-cooper-r50-r52-r53-nero-lucido-carbonio\/\",\"url\":\"https:\/\/custom-parts.fr\/it\/prodotto\/cornice-leva-cambio-mini-cooper-r50-r52-r53-nero-lucido-carbonio\/\",\"name\":\"Cornice leva cambio MINI Cooper R50, R52, R53 - Nero lucido | Carbonio\",\"isPartOf\":{\"@id\":\"https:\/\/custom-parts.fr\/it\/#website\"},\"primaryImageOfPage\":{\"@id\":\"https:\/\/custom-parts.fr\/it\/prodotto\/cornice-leva-cambio-mini-cooper-r50-r52-r53-nero-lucido-carbonio\/#primaryimage\"},\"image\":{\"@id\":\"https:\/\/custom-parts.fr\/it\/prodotto\/cornice-leva-cambio-mini-cooper-r50-r52-r53-nero-lucido-carbonio\/#primaryimage\"},\"thumbnailUrl\":\"https:\/\/custom-parts.fr\/wp-content\/uploads\/2024\/11\/Garniture-levier-de-vitesse-MINI-Cooper-R50-R52-R53-Noir-Brillant-Carbone-4.jpg\",\"datePublished\":\"2024-11-18T18:41:33+00:00\",\"description\":\"Cornice leva cambio MINI Cooper R50, R52, R53 - Nero lucido | Carbonio Scopri tutti i tuoi accessori interiori personalizzati su Custom-Parts!\",\"breadcrumb\":{\"@id\":\"https:\/\/custom-parts.fr\/it\/prodotto\/cornice-leva-cambio-mini-cooper-r50-r52-r53-nero-lucido-carbonio\/#breadcrumb\"},\"inLanguage\":\"it-IT\",\"potentialAction\":[{\"@type\":\"ReadAction\",\"target\":[\"https:\/\/custom-parts.fr\/it\/prodotto\/cornice-leva-cambio-mini-cooper-r50-r52-r53-nero-lucido-carbonio\/\"]}]},{\"@type\":\"ImageObject\",\"inLanguage\":\"it-IT\",\"@id\":\"https:\/\/custom-parts.fr\/it\/prodotto\/cornice-leva-cambio-mini-cooper-r50-r52-r53-nero-lucido-carbonio\/#primaryimage\",\"url\":\"https:\/\/custom-parts.fr\/wp-content\/uploads\/2024\/11\/Garniture-levier-de-vitesse-MINI-Cooper-R50-R52-R53-Noir-Brillant-Carbone-4.jpg\",\"contentUrl\":\"https:\/\/custom-parts.fr\/wp-content\/uploads\/2024\/11\/Garniture-levier-de-vitesse-MINI-Cooper-R50-R52-R53-Noir-Brillant-Carbone-4.jpg\",\"width\":500,\"height\":500},{\"@type\":\"BreadcrumbList\",\"@id\":\"https:\/\/custom-parts.fr\/it\/prodotto\/cornice-leva-cambio-mini-cooper-r50-r52-r53-nero-lucido-carbonio\/#breadcrumb\",\"itemListElement\":[{\"@type\":\"ListItem\",\"position\":1,\"name\":\"Home\",\"item\":\"https:\/\/custom-parts.fr\/it\/ricambi-e-accessori-per-mini-bmw-custom-parts\/\"},{\"@type\":\"ListItem\",\"position\":2,\"name\":\"Store\",\"item\":\"https:\/\/custom-parts.fr\/it\/store\/\"},{\"@type\":\"ListItem\",\"position\":3,\"name\":\"Cornice leva cambio MINI Cooper R50, R52, R53 &#8211; Nero lucido | Carbonio\"}]},{\"@type\":\"WebSite\",\"@id\":\"https:\/\/custom-parts.fr\/it\/#website\",\"url\":\"https:\/\/custom-parts.fr\/it\/\",\"name\":\"Custom-Parts.fr\",\"description\":\"Ricambi & Accessori su misura per BMW e MINI\",\"publisher\":{\"@id\":\"https:\/\/custom-parts.fr\/it\/#organization\"},\"potentialAction\":[{\"@type\":\"SearchAction\",\"target\":{\"@type\":\"EntryPoint\",\"urlTemplate\":\"https:\/\/custom-parts.fr\/it\/?s={search_term_string}\"},\"query-input\":{\"@type\":\"PropertyValueSpecification\",\"valueRequired\":true,\"valueName\":\"search_term_string\"}}],\"inLanguage\":\"it-IT\"},{\"@type\":\"Organization\",\"@id\":\"https:\/\/custom-parts.fr\/it\/#organization\",\"name\":\"Custom-Parts\",\"url\":\"https:\/\/custom-parts.fr\/it\/\",\"logo\":{\"@type\":\"ImageObject\",\"inLanguage\":\"it-IT\",\"@id\":\"https:\/\/custom-parts.fr\/it\/#\/schema\/logo\/image\/\",\"url\":\"https:\/\/custom-parts.fr\/wp-content\/uploads\/2023\/01\/cropped-cropped-cropped-final-new-police-2-1-1.png\",\"contentUrl\":\"https:\/\/custom-parts.fr\/wp-content\/uploads\/2023\/01\/cropped-cropped-cropped-final-new-police-2-1-1.png\",\"width\":450,\"height\":125,\"caption\":\"Custom-Parts\"},\"image\":{\"@id\":\"https:\/\/custom-parts.fr\/it\/#\/schema\/logo\/image\/\"}}]}<\/script>\n<!-- \/ Yoast SEO plugin. -->","yoast_head_json":{"title":"Cornice leva cambio MINI Cooper R50, R52, R53 - Nero lucido | Carbonio","description":"Cornice leva cambio MINI Cooper R50, R52, R53 - Nero lucido | Carbonio Scopri tutti i tuoi accessori interiori personalizzati su Custom-Parts!","robots":{"index":"index","follow":"follow","max-snippet":"max-snippet:-1","max-image-preview":"max-image-preview:large","max-video-preview":"max-video-preview:-1"},"canonical":"https:\/\/custom-parts.fr\/it\/prodotto\/cornice-leva-cambio-mini-cooper-r50-r52-r53-nero-lucido-carbonio\/","og_locale":"it_IT","og_type":"article","og_title":"Cornice leva cambio MINI Cooper R50, R52, R53 - Nero lucido | Carbonio","og_description":"Cornice leva cambio MINI Cooper R50, R52, R53 - Nero lucido | Carbonio Scopri tutti i tuoi accessori interiori personalizzati su Custom-Parts!","og_url":"https:\/\/custom-parts.fr\/it\/prodotto\/cornice-leva-cambio-mini-cooper-r50-r52-r53-nero-lucido-carbonio\/","og_site_name":"Custom-Parts.fr","og_image":[{"width":500,"height":500,"url":"https:\/\/custom-parts.fr\/wp-content\/uploads\/2024\/11\/Garniture-levier-de-vitesse-MINI-Cooper-R50-R52-R53-Noir-Brillant-Carbone-4.jpg","type":"image\/jpeg"}],"twitter_card":"summary_large_image","twitter_misc":{"Tempo di lettura stimato":"1 minuto"},"schema":{"@context":"https:\/\/schema.org","@graph":[{"@type":"WebPage","@id":"https:\/\/custom-parts.fr\/it\/prodotto\/cornice-leva-cambio-mini-cooper-r50-r52-r53-nero-lucido-carbonio\/","url":"https:\/\/custom-parts.fr\/it\/prodotto\/cornice-leva-cambio-mini-cooper-r50-r52-r53-nero-lucido-carbonio\/","name":"Cornice leva cambio MINI Cooper R50, R52, R53 - Nero lucido | Carbonio","isPartOf":{"@id":"https:\/\/custom-parts.fr\/it\/#website"},"primaryImageOfPage":{"@id":"https:\/\/custom-parts.fr\/it\/prodotto\/cornice-leva-cambio-mini-cooper-r50-r52-r53-nero-lucido-carbonio\/#primaryimage"},"image":{"@id":"https:\/\/custom-parts.fr\/it\/prodotto\/cornice-leva-cambio-mini-cooper-r50-r52-r53-nero-lucido-carbonio\/#primaryimage"},"thumbnailUrl":"https:\/\/custom-parts.fr\/wp-content\/uploads\/2024\/11\/Garniture-levier-de-vitesse-MINI-Cooper-R50-R52-R53-Noir-Brillant-Carbone-4.jpg","datePublished":"2024-11-18T18:41:33+00:00","description":"Cornice leva cambio MINI Cooper R50, R52, R53 - Nero lucido | Carbonio Scopri tutti i tuoi accessori interiori personalizzati su Custom-Parts!","breadcrumb":{"@id":"https:\/\/custom-parts.fr\/it\/prodotto\/cornice-leva-cambio-mini-cooper-r50-r52-r53-nero-lucido-carbonio\/#breadcrumb"},"inLanguage":"it-IT","potentialAction":[{"@type":"ReadAction","target":["https:\/\/custom-parts.fr\/it\/prodotto\/cornice-leva-cambio-mini-cooper-r50-r52-r53-nero-lucido-carbonio\/"]}]},{"@type":"ImageObject","inLanguage":"it-IT","@id":"https:\/\/custom-parts.fr\/it\/prodotto\/cornice-leva-cambio-mini-cooper-r50-r52-r53-nero-lucido-carbonio\/#primaryimage","url":"https:\/\/custom-parts.fr\/wp-content\/uploads\/2024\/11\/Garniture-levier-de-vitesse-MINI-Cooper-R50-R52-R53-Noir-Brillant-Carbone-4.jpg","contentUrl":"https:\/\/custom-parts.fr\/wp-content\/uploads\/2024\/11\/Garniture-levier-de-vitesse-MINI-Cooper-R50-R52-R53-Noir-Brillant-Carbone-4.jpg","width":500,"height":500},{"@type":"BreadcrumbList","@id":"https:\/\/custom-parts.fr\/it\/prodotto\/cornice-leva-cambio-mini-cooper-r50-r52-r53-nero-lucido-carbonio\/#breadcrumb","itemListElement":[{"@type":"ListItem","position":1,"name":"Home","item":"https:\/\/custom-parts.fr\/it\/ricambi-e-accessori-per-mini-bmw-custom-parts\/"},{"@type":"ListItem","position":2,"name":"Store","item":"https:\/\/custom-parts.fr\/it\/store\/"},{"@type":"ListItem","position":3,"name":"Cornice leva cambio MINI Cooper R50, R52, R53 &#8211; Nero lucido | Carbonio"}]},{"@type":"WebSite","@id":"https:\/\/custom-parts.fr\/it\/#website","url":"https:\/\/custom-parts.fr\/it\/","name":"Custom-Parts.fr","description":"Ricambi & Accessori su misura per BMW e MINI","publisher":{"@id":"https:\/\/custom-parts.fr\/it\/#organization"},"potentialAction":[{"@type":"SearchAction","target":{"@type":"EntryPoint","urlTemplate":"https:\/\/custom-parts.fr\/it\/?s={search_term_string}"},"query-input":{"@type":"PropertyValueSpecification","valueRequired":true,"valueName":"search_term_string"}}],"inLanguage":"it-IT"},{"@type":"Organization","@id":"https:\/\/custom-parts.fr\/it\/#organization","name":"Custom-Parts","url":"https:\/\/custom-parts.fr\/it\/","logo":{"@type":"ImageObject","inLanguage":"it-IT","@id":"https:\/\/custom-parts.fr\/it\/#\/schema\/logo\/image\/","url":"https:\/\/custom-parts.fr\/wp-content\/uploads\/2023\/01\/cropped-cropped-cropped-final-new-police-2-1-1.png","contentUrl":"https:\/\/custom-parts.fr\/wp-content\/uploads\/2023\/01\/cropped-cropped-cropped-final-new-police-2-1-1.png","width":450,"height":125,"caption":"Custom-Parts"},"image":{"@id":"https:\/\/custom-parts.fr\/it\/#\/schema\/logo\/image\/"}}]}},"_links":{"self":[{"href":"https:\/\/custom-parts.fr\/it\/wp-json\/wp\/v2\/product\/26876","targetHints":{"allow":["GET"]}}],"collection":[{"href":"https:\/\/custom-parts.fr\/it\/wp-json\/wp\/v2\/product"}],"about":[{"href":"https:\/\/custom-parts.fr\/it\/wp-json\/wp\/v2\/types\/product"}],"replies":[{"embeddable":true,"href":"https:\/\/custom-parts.fr\/it\/wp-json\/wp\/v2\/comments?post=26876"}],"wp:featuredmedia":[{"embeddable":true,"href":"https:\/\/custom-parts.fr\/it\/wp-json\/wp\/v2\/media\/26882"}],"wp:attachment":[{"href":"https:\/\/custom-parts.fr\/it\/wp-json\/wp\/v2\/media?parent=26876"}],"wp:term":[{"taxonomy":"product_brand","embeddable":true,"href":"https:\/\/custom-parts.fr\/it\/wp-json\/wp\/v2\/product_brand?post=26876"},{"taxonomy":"product_cat","embeddable":true,"href":"https:\/\/custom-parts.fr\/it\/wp-json\/wp\/v2\/product_cat?post=26876"},{"taxonomy":"product_tag","embeddable":true,"href":"https:\/\/custom-parts.fr\/it\/wp-json\/wp\/v2\/product_tag?post=26876"}],"curies":[{"name":"wp","href":"https:\/\/api.w.org\/{rel}","templated":true}]}}